{"id":97,"date":"2025-03-27T01:32:40","date_gmt":"2025-03-27T00:32:40","guid":{"rendered":"https:\/\/v2.doymedia.com\/?post_type=product&#038;p=97"},"modified":"2025-06-16T19:17:04","modified_gmt":"2025-06-16T17:17:04","slug":"cumparati-vizualizari-instagram","status":"publish","type":"product","link":"https:\/\/doymedia.com\/ro\/comprar-views-instagram\/","title":{"rendered":"Cump\u0103ra\u021bi vizualiz\u0103ri Instagram"},"content":{"rendered":"<section class=\"l-section wpb_row height_medium\"><div class=\"l-section-h i-cf\"><div class=\"g-cols vc_row via_flex valign_top type_default stacking_default\"><div class=\"vc_col-sm-12 wpb_column vc_column_container\"><div class=\"vc_column-inner\"><div class=\"wpb_wrapper\"><div class=\"wpb_text_column\"><div class=\"wpb_wrapper\"><p class=\"translation-block\">Pe Instagram, ceea ce nu vezi, nu exist\u0103. Publici o rol\u0103, un videoclip sau o poveste, dar dac\u0103 nu prime\u0219te vizualiz\u0103ri rapid, trece neobservat. De aceea, <strong>cump\u0103rarea de vizualiz\u0103ri Instagram<\/strong> este o strategie eficient\u0103 pentru a cre\u0219te vizibilitatea con\u021binutului t\u0103u, a atrage mai multe interac\u021biuni \u0219i a te pozi\u021biona mai bine pe platform\u0103.<\/p>\n<p class=\"translation-block\">Vizualiz\u0103rile reprezint\u0103 o m\u0103sur\u0103 cheie pentru algoritm. Cu c\u00e2t postarea dvs. are mai multe vizualiz\u0103ri, cu at\u00e2t ave\u021bi mai multe \u0219anse de a ap\u0103rea \u00een sec\u021biunea de explorare \u0219i de a c\u00e2\u0219tiga noi adep\u021bi. Dac\u0103 crea\u021bi con\u021binut bun, dar nu ave\u021bi reach, <strong>cump\u0103rarea de vizualiz\u0103ri Instagram<\/strong> ar putea fi impulsul de care ave\u021bi nevoie pentru a ie\u0219i \u00een eviden\u021b\u0103.<\/p>\n<h2>De ce s\u0103 cump\u0103ra\u021bi vizualiz\u0103ri Instagram?<\/h2>\n<p class=\"translation-block\">Deoarece algoritmul valorizeaz\u0103 activitatea imediat\u0103. Atunci c\u00e2nd o rol\u0103 sau un videoclip prime\u0219te o mul\u021bime de vizualiz\u0103ri \u00eentr-un timp scurt, Instagram \u00eel detecteaz\u0103 ca fiind con\u021binut relevant \u0219i \u00eel \u00eempinge c\u0103tre noi audien\u021be. <strong> Cump\u0103rarea de vizualiz\u0103ri Instagram<\/strong> v\u0103 permite s\u0103 genera\u021bi acel impact ini\u021bial rapid \u0219i sigur, sporindu-v\u0103 reach-ul f\u0103r\u0103 a v\u0103 baza pe \u0219ans\u0103.<\/p>\n<p>\u00cen plus, num\u0103rul de vizualiz\u0103ri influen\u021beaz\u0103 \u0219i percep\u021bia celorlal\u021bi utilizatori. Con\u021binutul cu multe vizualiz\u0103ri genereaz\u0103 mai mult\u0103 curiozitate, mai mult\u0103 \u00eencredere \u0219i mai multe interac\u021biuni. Este un efect de domino care este activat de la primul clic.<\/p>\n<h3>Avantajele de a cump\u0103ra vizualiz\u0103ri pe Instagram<\/h3>\n<ul>\n<li>\ud83d\udcc8 Vizibilitate crescut\u0103 \u00een role, videoclipuri \u0219i pove\u0219ti<\/li>\n<li>\ud83d\ude80 Impulsul ini\u021bial care favorizeaz\u0103 pozi\u021bionarea<\/li>\n<li>\ud83c\udfaf Mai multe \u0219anse de a fi prezentate \u00een explorare<\/li>\n<li>\ud83d\udcac \u00cembun\u0103t\u0103\u021bi\u021bi percep\u021bia con\u021binutului dvs. pentru utilizatorii noi<\/li>\n<li>\ud83d\udd12 Livrare sigur\u0103, natural\u0103 \u0219i f\u0103r\u0103 compromisuri \u00een contul dvs.<\/li>\n<\/ul>\n<p><strong>Cump\u0103ra\u021bi vizualiz\u0103ri Instagram<\/strong> este deosebit de util dac\u0103 promova\u021bi un produs, lansa\u021bi o campanie sau pur \u0219i simplu dori\u021bi ca con\u021binutul dvs. s\u0103 aib\u0103 un impact mai mare. Este o modalitate rapid\u0103 \u0219i eficient\u0103 de a v\u0103 multiplica aria de acoperire, f\u0103r\u0103 complica\u021bii.<\/p>\n<h2>Este sigur s\u0103 cump\u0103ra\u021bi vizualiz\u0103ri pe Instagram?<\/h2>\n<p>Da, complet sigur. Nu solicit\u0103m parole sau date sensibile. Avem nevoie doar de link-ul c\u0103tre videoclipul, rola sau povestea pe care dori\u021bi s\u0103 o promova\u021bi. Livrarea se face progresiv pentru a men\u021bine un ritm natural \u0219i a evita orice semnale artificiale.<\/p>\n<p>Sistemul nostru v\u0103 asigur\u0103 c\u0103 ob\u021bine\u021bi vizualiz\u0103ri f\u0103r\u0103 a v\u0103 pune contul \u00een pericol. Lucr\u0103m cu metode dovedite care sunt compatibile cu politicile Instagram, astfel \u00eenc\u00e2t s\u0103 v\u0103 pute\u021bi concentra pe crearea de con\u021binut \u00een timp ce noi v\u0103 ajut\u0103m s\u0103 \u00eel face\u021bi vizibil.<\/p>\n<h3>Cine poate beneficia de acest serviciu?<\/h3>\n<p class=\"translation-block\">Acest serviciu este conceput pentru creatori, m\u0103rci, antreprenori, arti\u0219ti sau orice utilizator care dore\u0219te s\u0103 ias\u0103 \u00een eviden\u021b\u0103 pe Instagram. Fie c\u0103 sunte\u021bi la \u00eenceput de drum sau ave\u021bi deja un public stabilit: <strong>cump\u0103rarea de vizualiz\u0103ri Instagram<\/strong> v\u0103 poate ajuta s\u0103 merge\u021bi mai departe.<\/p>\n<ul>\n<li>\ud83c\udfa5 Creatorii de con\u021binut caut\u0103 viralitatea<\/li>\n<li>\ud83d\udcc8 \u00centreprinderile care doresc s\u0103 ofere vizibilitate produselor lor<\/li>\n<li>\ud83d\udce2 Branduri personale care doresc s\u0103 \u00ee\u0219i consolideze prezen\u021ba<\/li>\n<li>\ud83c\udfa4 Arti\u0219ti care lanseaz\u0103 noi role sau clipuri video<\/li>\n<li>\ud83d\udecd\ufe0f Magazine care utilizeaz\u0103 Instagram pentru promovarea ofertelor<\/li>\n<\/ul>\n<p>Dac\u0103 obiectivul dvs. este s\u0103 v\u0103 construi\u021bi o prezen\u021b\u0103 puternic\u0103 pe Instagram, vizualiz\u0103rile joac\u0103 un rol esen\u021bial. Acestea nu numai c\u0103 \u00eembun\u0103t\u0103\u021besc percep\u021bia post\u0103rilor dvs. dar influen\u021beaz\u0103 \u0219i performan\u021ba general\u0103 a profilului dvs. Un num\u0103r bun de vizualiz\u0103ri deschide u\u0219a c\u0103tre colabor\u0103ri, audien\u021be noi \u0219i o cre\u0219tere mai rapid\u0103 \u0219i mai sus\u021binut\u0103.<\/p>\n<p class=\"translation-block\"><strong> Cump\u0103rarea de vizualiz\u0103ri Instagram<\/strong> v\u0103 permite s\u0103 atinge\u021bi acel nivel de vizibilitate f\u0103r\u0103 a fi nevoit s\u0103 a\u0219tepta\u021bi s\u0103pt\u0103m\u00e2ni sau s\u0103 v\u0103 baza\u021bi pe algoritmi imprevizibili.<\/p>\n<h2>Cum func\u021bioneaz\u0103 procesul?<\/h2>\n<p>Tot ce trebuie s\u0103 face\u021bi este s\u0103 alege\u021bi pachetul care se potrive\u0219te cel mai bine nevoilor dvs., s\u0103 ne trimite\u021bi link-ul c\u0103tre publica\u021bie \u0219i s\u0103 efectua\u021bi plata. Noi ne ocup\u0103m de restul. Livrarea va \u00eencepe \u00eentr-un timp scurt, progresiv \u0219i f\u0103r\u0103 a v\u0103 afecta profilul.<\/p>\n<p class=\"translation-block\">Iar dac\u0103 dori\u021bi s\u0103 v\u0103 stimula\u021bi \u0219i mai mult prezen\u021ba, pute\u021bi completa acest serviciu cu <a href=\"https:\/\/doymedia.com\/ro\/cumpara-instagram-place\/\" target=\"_self\"><strong>buy Instagram likes<\/strong><\/a> sau <a href=\"https:\/\/doymedia.com\/ro\/cumpara-urmaritori-instagram\/\" target=\"_self\"><strong>buy Instagram followers<\/strong><\/a>. \u00cen acest fel ve\u021bi ob\u021bine un profil mai complet, mai coerent, gata s\u0103 creasc\u0103 organic.<\/p>\n<h2>Face\u021bi con\u021binutul dvs. s\u0103 mearg\u0103 mai departe<\/h2>\n<p class=\"translation-block\">Nu l\u0103sa\u021bi videoclipurile dvs. s\u0103 treac\u0103 neobservate. Cu <strong>buy Instagram views<\/strong> v\u0103 pute\u021bi cre\u0219te vizibilitatea, v\u0103 pute\u021bi \u00eembun\u0103t\u0103\u021bi pozi\u021bionarea \u0219i pute\u021bi ob\u021bine mai mult\u0103 aten\u021bie \u00een c\u00e2teva minute. Face\u021bi ca fiecare postare s\u0103 conteze \u0219i \u00eencepe\u021bi s\u0103 ie\u0219i\u021bi \u00een eviden\u021b\u0103 ast\u0103zi.<\/p>\n<\/div><\/div><\/div><\/div><\/div><\/div><\/div><\/section>","protected":false},"excerpt":{"rendered":"Pe Instagram, ceea ce nu vezi, nu exist\u0103. Publici o rol\u0103, un videoclip sau o poveste, dar dac\u0103 nu prime\u0219te vizualiz\u0103ri rapid, trece neobservat. De aceea, cump\u0103rarea de vizualiz\u0103ri Instagram este o strategie eficient\u0103 pentru a cre\u0219te vizibilitatea con\u021binutului t\u0103u, a atrage mai mult\u0103 interac\u021biune \u0219i a te pozi\u021biona mai bine pe platform\u0103. Vizualiz\u0103rile sunt o metric\u0103 cheie...","protected":false},"featured_media":227,"comment_status":"open","ping_status":"closed","template":"","meta":{"_acf_changed":false},"product_brand":[],"product_cat":[17],"product_tag":[],"class_list":{"0":"post-97","1":"product","2":"type-product","3":"status-publish","4":"has-post-thumbnail","6":"product_cat-instagram","7":"wcpa_has_options","9":"first","10":"instock","11":"sale","12":"featured","13":"shipping-taxable","14":"purchasable","15":"product-type-variable","16":"has-default-attributes"},"acf":[],"wcpa_form_fields":{"wcpaData":{"product":{"product_price":1.99,"price_html":"","original_product_price":1.99,"price_including_tax":1.99,"price_excluding_tax":1.99,"product_id":{"parent":97,"variation":false},"is_variable":true,"stock_status":"instock","stock_quantity":null,"parent_sku":"","product_attributes":{"cantidad":{"is_variation":true,"values":[]}},"custom_fields":[],"is_taxable":false,"product_name":"Comprar Views Instagram","hasImage":false},"fields":{"sec_1067fa76ecc2b86":{"extra":{"key":"sec_1067fa76ecc2b86","section_id":"sec_1067fa76ecc2b86","name":"Por defecto","status":1,"toggle":true,"form_id":1025,"form_rules":{"exclude_from_discount":false,"fee_label":"Extras","disp_hide_options_price":false,"disp_show_section_price":false,"disp_show_field_price":false,"layout_option":"standard","pric_use_as_fee":false,"process_fee_as":"woo_fee"},"layout_option":"standard"},"fields":[[{"active":true,"col":5,"relations":false,"cl_rule":"show","enableCl":false,"price":"","enablePrice":false,"className":"","type":"text","subtype":"text","required":true,"elementId":"text_567fa76ecc2bad","label":"Enlace de la Publicaci\u00f3n","name":"text_567fa76ecc2bad","value":"","error":false,"placeholder":"Ejemplo: https:\/\/www.instagram.com\/p\/DGxqbv9oVTD\/","gt_translate_keys":["label","placeholder","value"],"price_dependency":false,"cl_dependency":false}],[{"active":true,"col":5,"relations":false,"cl_rule":"show","enableCl":false,"price":"","enablePrice":true,"className":"","label_position":"default","desc_position":"default","type":"select","required":false,"elementId":"select_167fa76ecc2bb7","label":"A\u00f1adir Likes con Descuento","name":"select_167fa76ecc2bb7","values":[{"label":"100 Likes","value":"100","selected":false,"tempId":"aco_910","price":"2,79","gt_translate_keys":["label"]},{"label":"500 Likes","value":"500","selected":false,"tempId":"aco_911","price":"4,69","gt_translate_keys":["label"]},{"label":"1.000 Likes","value":"1000","selected":false,"tempId":"aco_912","price":"7,59","gt_translate_keys":["label"]},{"label":"5.000 Likes","value":"5000","selected":false,"tempId":"aco_1337","price":"29,49","gt_translate_keys":["label"]},{"label":"10.000 Likes","value":"10000","selected":false,"tempId":"aco_1059","price":"48,29","gt_translate_keys":["label"]}],"dropdown_type":"basic","error":false,"placeholder":"Ninguno","priceOptions":"different_for_all","pricingType":"fixed","use_as_fee":false,"option_price_format":"","tooltip":"Los likes se pondr\u00e1n a la misma publicaci\u00f3n.","gt_translate_keys":["label","placeholder","tooltip"],"price_dependency":false,"cl_dependency":false,"value":""}],[{"label":"A\u00f1adir Seguidores con Descuento","active":true,"required":false,"elementId":"select-8208233690","dropdown_type":"basic","placeholder":"Ninguno","tooltip":"Los seguidores se pondr\u00e1n al mismo perfil de la publicaci\u00f3n.","name":"select-8208233690","label_position":"default","desc_position":"default","enablePrice":true,"className":"","enableCl":false,"relations":false,"option_price_format":"","values":[{"label":"100 Seguidores","value":"100","selected":false,"tempId":"aco_910","price":"2,45","gt_translate_keys":["label"]},{"label":"500 Seguidores","value":"500","selected":false,"tempId":"aco_911","price":"6,50","gt_translate_keys":["label"]},{"label":"1.000 Seguidores","value":"1000","selected":false,"tempId":"aco_912","price":"9,50","gt_translate_keys":["label"]},{"label":"5.000 Seguidores","value":"5000","selected":false,"tempId":"aco_1337","price":"39,50","gt_translate_keys":["label"]},{"label":"10.000 Seguidores","value":"10000","selected":false,"tempId":"aco_1059","price":"79,50","gt_translate_keys":["label"]}],"priceOptions":"different_for_all","pricingType":"fixed","price":"","use_as_fee":false,"cl_rule":"show","col":5,"type":"select","error":false,"gt_translate_keys":["label","placeholder","tooltip"],"price_dependency":false,"cl_dependency":false,"value":""}]]}},"config":{"price_override":"","enable_recaptcha":false,"bind_quantity":false,"quantity_bind_formula":false,"disp_summ_show_option_price":false,"disp_summ_show_product_price":false,"disp_summ_show_total_price":false,"disp_summ_show_fee":false,"disp_summ_show_discount":false,"summary_title":"","options_total_label":"Extras","total_label":"Total","options_product_label":"Producto","fee_label":"Extras","discount_label":"Descuento","has_price":true,"has_quantity_formula":false},"mc_unit":1,"tax_rate":1,"tax_rate_real":1,"discount":{"percentage":0,"fixed":0},"design":{"conf":{"LabelPosition":"above","DescPosition":"above","UploadField":"custom_1","QuantityFieldStyle":"default"},"css":{"LeftLabelWidth":"120px"}},"formulas":[],"clones":false,"cartKey":false}},"_links":{"self":[{"href":"https:\/\/doymedia.com\/ro\/wp-json\/wp\/v2\/product\/97","targetHints":{"allow":["GET"]}}],"collection":[{"href":"https:\/\/doymedia.com\/ro\/wp-json\/wp\/v2\/product"}],"about":[{"href":"https:\/\/doymedia.com\/ro\/wp-json\/wp\/v2\/types\/product"}],"replies":[{"embeddable":true,"href":"https:\/\/doymedia.com\/ro\/wp-json\/wp\/v2\/comments?post=97"}],"wp:featuredmedia":[{"embeddable":true,"href":"https:\/\/doymedia.com\/ro\/wp-json\/wp\/v2\/media\/227"}],"wp:attachment":[{"href":"https:\/\/doymedia.com\/ro\/wp-json\/wp\/v2\/media?parent=97"}],"wp:term":[{"taxonomy":"product_brand","embeddable":true,"href":"https:\/\/doymedia.com\/ro\/wp-json\/wp\/v2\/product_brand?post=97"},{"taxonomy":"product_cat","embeddable":true,"href":"https:\/\/doymedia.com\/ro\/wp-json\/wp\/v2\/product_cat?post=97"},{"taxonomy":"product_tag","embeddable":true,"href":"https:\/\/doymedia.com\/ro\/wp-json\/wp\/v2\/product_tag?post=97"}],"curies":[{"name":"wp","href":"https:\/\/api.w.org\/{rel}","templated":true}]}}