{"id":98,"date":"2025-03-27T01:32:40","date_gmt":"2025-03-27T00:32:40","guid":{"rendered":"https:\/\/v2.doymedia.com\/?post_type=product&#038;p=98"},"modified":"2025-07-16T21:41:48","modified_gmt":"2025-07-16T19:41:48","slug":"cumpara-vederi-tiktok","status":"publish","type":"product","link":"https:\/\/doymedia.com\/ro\/comprar-views-tiktok\/","title":{"rendered":"Cump\u0103ra\u021bi Vizualiz\u0103ri TikTok"},"content":{"rendered":"<section class=\"l-section wpb_row height_medium\"><div class=\"l-section-h i-cf\"><div class=\"g-cols vc_row via_flex valign_top type_default stacking_default\"><div class=\"vc_col-sm-12 wpb_column vc_column_container\"><div class=\"vc_column-inner\"><div class=\"wpb_wrapper\"><div class=\"wpb_text_column\"><div class=\"wpb_wrapper\"><p class=\"translation-block\">TikTok este o platform\u0103 \u00een care con\u021binutul se mi\u0219c\u0103 rapid. Dac\u0103 videoclipurile dvs. nu primesc vizualiz\u0103ri \u00een primele c\u00e2teva minute, acestea pot trece neobservate printre milioanele de post\u0103ri. Prin urmare, <strong>cump\u0103rarea de vizualiz\u0103ri TikTok<\/strong> este o strategie eficient\u0103 pentru a c\u00e2\u0219tiga vizibilitate, a atrage noi audien\u021be \u0219i a \u00eembun\u0103t\u0103\u021bi performan\u021ba videoclipurilor dvs. \u00eenc\u0103 de la \u00eenceput.<\/p>\n<p class=\"translation-block\">Vizualiz\u0103rile pe TikTok sunt un semnal cheie pentru algoritm. Cu c\u00e2t videoclipul dvs. are mai multe vizualiz\u0103ri, cu at\u00e2t este mai probabil s\u0103 devin\u0103 viral, s\u0103 fie afi\u0219at \u00een sec\u021biunea \"Pentru dvs.\" \u0219i s\u0103 atrag\u0103 adep\u021bi organici. Dac\u0103 crea\u021bi con\u021binut bun, dar nu ob\u021bine\u021bi expunerea pe care o spera\u021bi, <strong>cump\u0103rarea de vizualiz\u0103ri TikTok<\/strong> v\u0103 poate oferi acel impuls ini\u021bial care face toat\u0103 diferen\u021ba.<\/p>\n<h2>De ce s\u0103 cump\u0103ra\u021bi vizualiz\u0103ri TikTok?<\/h2>\n<p class=\"translation-block\">Algoritmul TikTok favorizeaz\u0103 con\u021binutul care genereaz\u0103 reac\u021bii rapide. Atunci c\u00e2nd un videoclip prime\u0219te o mul\u021bime de vizualiz\u0103ri \u00eentr-un timp scurt, este mai probabil s\u0103 r\u0103m\u00e2n\u0103 vizibil mai multe ore sau chiar zile, ajung\u00e2nd la mii de utilizatori noi. <strong> Cump\u0103rarea de vizualiz\u0103ri TikTok<\/strong> este o modalitate inteligent\u0103 de a accelera acest proces \u0219i de a v\u0103 pozi\u021biona mai bine fa\u021b\u0103 de concuren\u021b\u0103.<\/p>\n<p>\u00cen plus, vizualiz\u0103rile genereaz\u0103 dovezi sociale. Un videoclip cu multe vizualiz\u0103ri atrage aten\u021bia, este perceput ca fiind mai interesant \u0219i mai demn de \u00eencredere \u0219i \u00eei motiveaz\u0103 pe ceilal\u021bi utilizatori s\u0103 \u00eel urm\u0103reasc\u0103 \u00een \u00eentregime, s\u0103 \u00eei dea like sau s\u0103 \u00eel distribuie. Acest tip de interac\u021biune creeaz\u0103 un efect de und\u0103 care v\u0103 consolideaz\u0103 profilul \u00een mod organic.<\/p>\n<h3>Avantajele de a cump\u0103ra vizualiz\u0103ri pe TikTok<\/h3>\n<ul>\n<li>\ud83d\udcc8 Mai mult\u0103 expunere \u00een sec\u021biunea \"Pentru dumneavoastr\u0103\".<\/li>\n<li>\ud83d\ude80 Impuls rapid pentru con\u021binut nou sau strategic<\/li>\n<li>\ud83c\udfaf Cre\u0219tere a audien\u021bei \u0219i a implic\u0103rii generale<\/li>\n<li>\ud83e\udd1d \u00cembun\u0103t\u0103\u021bi\u021bi percep\u021bia con\u021binutului dvs. \u00een ochii noilor adep\u021bi<\/li>\n<li>\ud83d\udd12 Livrare sigur\u0103 \u0219i progresiv\u0103, f\u0103r\u0103 a v\u0103 periclita contul<\/li>\n<\/ul>\n<p class=\"translation-block\">Indiferent dac\u0103 sunte\u021bi un creator independent, un brand, un retailer sau un influencer, <strong>cump\u0103rarea de vizualiz\u0103ri TikTok<\/strong> v\u0103 permite s\u0103 ie\u0219i\u021bi \u00een eviden\u021b\u0103 din miile de videoclipuri, s\u0103 v\u0103 face\u021bi remarcat mai repede \u0219i s\u0103 v\u0103 construi\u021bi un public solid de la \u00eenceput.<\/p>\n<h2>Este sigur s\u0103 cumperi vizualiz\u0103ri pe TikTok?<\/h2>\n<p>Da, serviciul nostru este conceput pentru a fi complet sigur. Nu solicit\u0103m parole sau date sensibile. Tot ce trebuie s\u0103 face\u021bi este s\u0103 ne trimite\u021bi link-ul c\u0103tre videoclipul pe care dori\u021bi s\u0103 \u00eel promova\u021bi, iar noi vom face restul. Livrarea este progresiv\u0103 pentru a men\u021bine naturale\u021bea \u0219i integritatea contului dvs.<\/p>\n<p>Lucr\u0103m cu sisteme optimizate \u0219i politici care respect\u0103 liniile directoare ale platformei. Mii de utilizatori au folosit deja acest serviciu pentru a-\u0219i \u00eembun\u0103t\u0103\u021bi performan\u021ba f\u0103r\u0103 a-\u0219i compromite profilul.<\/p>\n<h3>Cine poate beneficia de acest serviciu?<\/h3>\n<p class=\"translation-block\">Acest serviciu este ideal pentru oricine dore\u0219te s\u0103 creasc\u0103 impactul con\u021binutului s\u0103u pe TikTok. De la conturi noi care doresc s\u0103 creasc\u0103 la profiluri stabilite care doresc s\u0103 consolideze campaniile cheie. <strong> Cump\u0103ra\u021bi vizualiz\u0103ri TikTok<\/strong> este potrivit pentru toate tipurile de creatori.<\/p>\n<ul>\n<li>\ud83c\udfa4 Muzicienii lanseaz\u0103 piese noi pe TikTok<\/li>\n<li>\ud83d\udce2 Branduri care doresc s\u0103 viralizeze un produs sau o campanie<\/li>\n<li>\ud83d\udcf1 Influen\u021batori care trebuie s\u0103 consolideze implicarea<\/li>\n<li>\ud83d\udcc8 Conturi noi care doresc s\u0103 creasc\u0103 mai rapid<\/li>\n<li>\ud83c\udfaf Antreprenori care doresc s\u0103 ajung\u0103 imediat<\/li>\n<\/ul>\n<h2>Cum func\u021bioneaz\u0103?<\/h2>\n<p>Achizi\u021bionarea vizualiz\u0103rilor TikTok este u\u0219oar\u0103. Pur \u0219i simplu alege\u021bi pachetul care se potrive\u0219te cel mai bine nevoilor dvs., furniza\u021bi-ne link-ul c\u0103tre videoclip \u0219i completa\u021bi comanda. Vom \u00eencepe livrarea \u00een cel mai scurt timp, asigur\u00e2nd o distribu\u021bie natural\u0103 \u0219i f\u0103r\u0103 cusur.<\/p>\n<p class=\"translation-block\">Iar dac\u0103 dori\u021bi s\u0103 v\u0103 consolida\u021bi \u0219i mai mult profilul, pute\u021bi combina acest serviciu cu <a href=\"https:\/\/doymedia.com\/ro\/cumpara-place-tiktok\/\" target=\"_self\"><strong>buy TikTok likes<\/strong><\/a> sau <a href=\"https:\/\/doymedia.com\/ro\/cumparati-adepti-tiktok\/\" target=\"_self\"><strong>buy TikTok followers<\/strong><\/a>. \u00cen acest fel ve\u021bi realiza o strategie complet\u0103 care v\u0103 cre\u0219te autoritatea \u0219i credibilitatea pe platform\u0103.<\/p>\n<h2>Face\u021bi ca videoclipurile dvs. s\u0103 mearg\u0103 mai departe<\/h2>\n<p class=\"translation-block\">Nu l\u0103sa\u021bi con\u021binutul dvs. s\u0103 se piard\u0103 \u00een feed. Cu <strong>buy TikTok views<\/strong> pute\u021bi genera trac\u021biune imediat\u0103, ajunge la mai mul\u021bi oameni \u0219i construi o baz\u0103 solid\u0103 de vizibilitate \u0219i rezultate. Face\u021bi pasul cel mare \u0219i ob\u021bine\u021bi pentru urm\u0103torul dvs. videoclip amploarea pe care o merit\u0103.<\/p>\n<\/div><\/div><\/div><\/div><\/div><\/div><\/div><\/section>","protected":false},"excerpt":{"rendered":"TikTok este o platform\u0103 \u00een care con\u021binutul se mi\u0219c\u0103 rapid. Dac\u0103 videoclipurile dvs. nu primesc vizualiz\u0103ri \u00een primele c\u00e2teva minute, acestea pot trece neobservate printre milioanele de post\u0103ri. De aceea, cump\u0103rarea de vizualiz\u0103ri TikTok este o strategie eficient\u0103 pentru a c\u00e2\u0219tiga vizibilitate, a atrage noi audien\u021be \u0219i a \u00eembun\u0103t\u0103\u021bi performan\u021ba videoclipurilor dvs. \u00eenc\u0103 de la \u00eenceput. Vizualiz\u0103rile...","protected":false},"featured_media":317,"comment_status":"open","ping_status":"closed","template":"","meta":{"_acf_changed":false},"product_brand":[],"product_cat":[18],"product_tag":[],"class_list":{"0":"post-98","1":"product","2":"type-product","3":"status-publish","4":"has-post-thumbnail","6":"product_cat-tiktok","7":"wcpa_has_options","9":"first","10":"instock","11":"sale","12":"featured","13":"shipping-taxable","14":"purchasable","15":"product-type-variable","16":"has-default-attributes"},"acf":[],"wcpa_form_fields":{"wcpaData":{"product":{"product_price":1.99,"price_html":"","original_product_price":1.99,"price_including_tax":1.99,"price_excluding_tax":1.99,"product_id":{"parent":98,"variation":false},"is_variable":true,"stock_status":"instock","stock_quantity":null,"parent_sku":"","product_attributes":{"cantidad":{"is_variation":true,"values":[]}},"custom_fields":[],"is_taxable":false,"product_name":"Comprar Views TikTok","hasImage":false},"fields":{"sec_567fa912b8ef63":{"extra":{"key":"sec_567fa912b8ef63","section_id":"sec_567fa912b8ef63","name":"Por defecto","status":1,"toggle":true,"form_id":1049,"form_rules":{"exclude_from_discount":false,"fee_label":"Extras","disp_hide_options_price":false,"disp_show_section_price":false,"disp_show_field_price":false,"layout_option":"standard","pric_use_as_fee":false,"process_fee_as":"woo_fee"},"layout_option":"standard"},"fields":[[{"active":true,"col":5,"relations":false,"cl_rule":"show","enableCl":false,"price":"","enablePrice":false,"className":"","type":"text","subtype":"text","required":true,"elementId":"text_567fa912b8ef7f","label":"Enlace al V\u00eddeo","name":"text_567fa912b8ef7f","value":"","error":false,"placeholder":"Ejemplo: https:\/\/www.tiktok.com\/@mrbeast\/video\/7460191038293069102","enableDesign":false,"LabelSize":"16px","gt_translate_keys":["label","placeholder","value"],"price_dependency":false,"cl_dependency":false}],[{"active":true,"col":5,"relations":false,"cl_rule":"show","enableCl":false,"price":"","enablePrice":true,"className":"","label_position":"default","desc_position":"default","type":"select","required":false,"elementId":"select_567fa912b8ef8d","label":"A\u00f1adir Seguidores con Descuento","name":"select_567fa912b8ef8d","values":[{"label":"100 Seguidores","value":"100","selected":false,"tempId":"aco_46","price":"3,89","gt_translate_keys":["label"]},{"label":"500 Seguidores","value":"500","selected":false,"tempId":"aco_1337","price":"6,79","gt_translate_keys":["label"]},{"label":"1.000 Seguidores","value":"1000","selected":false,"tempId":"aco_910","price":"9,69","gt_translate_keys":["label"]},{"label":"2.000 Seguidores","value":"2000","selected":false,"tempId":"aco_911","price":"19,49","gt_translate_keys":["label"]},{"label":"5.000 Seguidores","value":"5000","selected":false,"tempId":"aco_912","price":"58,39","gt_translate_keys":["label"]}],"dropdown_type":"basic","error":false,"placeholder":"Ninguno","priceOptions":"different_for_all","pricingType":"fixed","use_as_fee":false,"enableDesign":false,"LabelSize":"16px","tooltip":"Los seguidores ser\u00e1n entregados al mismo perfil del v\u00eddeo.","gt_translate_keys":["label","placeholder","tooltip"],"price_dependency":false,"cl_dependency":false,"value":""}],[{"label":"A\u00f1adir Likes con Descuento","active":true,"required":false,"elementId":"select_967fa912b8ef97","dropdown_type":"basic","placeholder":"Ninguno","name":"select_967fa912b8ef97","label_position":"default","desc_position":"default","enablePrice":true,"className":"","enableCl":false,"relations":false,"enableDesign":false,"LabelSize":"16px","values":[{"label":"100 Likes","value":"100","selected":false,"tempId":"aco_46","price":"2,89","gt_translate_keys":["label"]},{"label":"500 Likes","value":"500","selected":false,"tempId":"aco_1337","price":"5,79","gt_translate_keys":["label"]},{"label":"1.000 Likes","value":"1000","selected":false,"tempId":"aco_910","price":"8,69","gt_translate_keys":["label"]},{"label":"2.000 Likes","value":"2000","selected":false,"tempId":"aco_911","price":"16,49","gt_translate_keys":["label"]},{"label":"5.000 Likes","value":"5000","selected":false,"tempId":"aco_912","price":"28,29","gt_translate_keys":["label"]}],"priceOptions":"different_for_all","pricingType":"fixed","price":"","use_as_fee":false,"cl_rule":"show","col":5,"type":"select","error":false,"tooltip":"Los likes ser\u00e1n entregados a la misma publicaci\u00f3n.","gt_translate_keys":["label","placeholder","tooltip"],"price_dependency":false,"cl_dependency":false,"value":""}]]}},"config":{"price_override":"","enable_recaptcha":false,"bind_quantity":false,"quantity_bind_formula":false,"disp_summ_show_option_price":false,"disp_summ_show_product_price":false,"disp_summ_show_total_price":false,"disp_summ_show_fee":false,"disp_summ_show_discount":false,"summary_title":"","options_total_label":"Extras","total_label":"Total","options_product_label":"Produs","fee_label":"Extras","discount_label":"Descuento","has_price":true,"has_quantity_formula":false},"mc_unit":1,"tax_rate":1,"tax_rate_real":1,"discount":{"percentage":0,"fixed":0},"design":{"conf":{"LabelPosition":"above","DescPosition":"above","UploadField":"custom_1","QuantityFieldStyle":"default"},"css":{"LeftLabelWidth":"120px"}},"formulas":[],"clones":false,"cartKey":false}},"_links":{"self":[{"href":"https:\/\/doymedia.com\/ro\/wp-json\/wp\/v2\/product\/98","targetHints":{"allow":["GET"]}}],"collection":[{"href":"https:\/\/doymedia.com\/ro\/wp-json\/wp\/v2\/product"}],"about":[{"href":"https:\/\/doymedia.com\/ro\/wp-json\/wp\/v2\/types\/product"}],"replies":[{"embeddable":true,"href":"https:\/\/doymedia.com\/ro\/wp-json\/wp\/v2\/comments?post=98"}],"wp:featuredmedia":[{"embeddable":true,"href":"https:\/\/doymedia.com\/ro\/wp-json\/wp\/v2\/media\/317"}],"wp:attachment":[{"href":"https:\/\/doymedia.com\/ro\/wp-json\/wp\/v2\/media?parent=98"}],"wp:term":[{"taxonomy":"product_brand","embeddable":true,"href":"https:\/\/doymedia.com\/ro\/wp-json\/wp\/v2\/product_brand?post=98"},{"taxonomy":"product_cat","embeddable":true,"href":"https:\/\/doymedia.com\/ro\/wp-json\/wp\/v2\/product_cat?post=98"},{"taxonomy":"product_tag","embeddable":true,"href":"https:\/\/doymedia.com\/ro\/wp-json\/wp\/v2\/product_tag?post=98"}],"curies":[{"name":"wp","href":"https:\/\/api.w.org\/{rel}","templated":true}]}}