{"id":99,"date":"2025-03-27T01:32:40","date_gmt":"2025-03-27T00:32:40","guid":{"rendered":"https:\/\/v2.doymedia.com\/?post_type=product&#038;p=99"},"modified":"2025-06-17T19:05:09","modified_gmt":"2025-06-17T17:05:09","slug":"cumparati-adepti-tiktok","status":"publish","type":"product","link":"https:\/\/doymedia.com\/ro\/comprar-seguidores-tiktok\/","title":{"rendered":"Cump\u0103ra\u021bi urm\u0103ritori TikTok"},"content":{"rendered":"<section class=\"l-section wpb_row height_medium\"><div class=\"l-section-h i-cf\"><div class=\"g-cols vc_row via_flex valign_top type_default stacking_default\"><div class=\"vc_col-sm-12 wpb_column vc_column_container\"><div class=\"vc_column-inner\"><div class=\"wpb_wrapper\"><div class=\"wpb_text_column\"><div class=\"wpb_wrapper\"><p class=\"translation-block\">TikTok a devenit una dintre cele mai puternice platforme pentru c\u00e2\u0219tigarea vizibilit\u0103\u021bii, conectarea cu publicul t\u00e2n\u0103r \u0219i crearea de con\u021binut viral. Dar dac\u0103 profilul dvs. nu are urm\u0103ritori, videoclipurile dvs., indiferent c\u00e2t de bune sunt, pot trece neobservate. De aceea, <strong>cump\u0103rarea de urm\u0103ritori TikTok<\/strong> este o strategie eficient\u0103 pentru a ie\u0219i \u00een eviden\u021b\u0103 mai repede \u0219i a conferi credibilitate contului t\u0103u \u00eenc\u0103 de la \u00eenceput.<\/p>\n<p class=\"translation-block\">Num\u0103rul de urm\u0103ritori este o m\u0103sur\u0103 cheie pe TikTok. Cu c\u00e2t comunitatea dvs. este mai mare, cu at\u00e2t mai mult\u0103 autoritate proiecta\u021bi \u0219i cu at\u00e2t mai mari sunt \u0219ansele dvs. de a ap\u0103rea \u00een sec\u021biunea \"Pentru dvs.\". De asemenea, atunci c\u00e2nd utilizatorii v\u0103 viziteaz\u0103 profilul \u0219i v\u0103d c\u0103 ave\u021bi un num\u0103r mare de urm\u0103ritori, este mai probabil s\u0103 r\u0103m\u00e2n\u0103, s\u0103 v\u0103 vizualizeze con\u021binutul \u0219i s\u0103 decid\u0103 s\u0103 v\u0103 urm\u0103reasc\u0103 \u0219i ei. <strong> Cump\u0103rarea de urm\u0103ritori TikTok<\/strong> v\u0103 ajut\u0103 s\u0103 genera\u021bi acea prim\u0103 impresie pozitiv\u0103 care determin\u0103 cre\u0219terea.<\/p>\n<h2>De ce s\u0103 cump\u0103ra\u021bi urm\u0103ritori TikTok?<\/h2>\n<p class=\"translation-block\">Pentru c\u0103 pe o platform\u0103 at\u00e2t de vizual\u0103 \u0219i competitiv\u0103 precum TikTok, nu este suficient s\u0103 ai con\u021binut bun: ai nevoie de vizibilitate. \u0218i pentru a ob\u021bine vizibilitate, trebuie s\u0103 ave\u021bi o comunitate care s\u0103 sus\u021bin\u0103 ceea ce face\u021bi. <strong> Cump\u0103rarea de urm\u0103ritori TikTok<\/strong> v\u0103 permite s\u0103 accelera\u021bi acest proces, f\u0103r\u0103 a fi nevoie s\u0103 a\u0219tepta\u021bi s\u0103pt\u0103m\u00e2ni sau luni pentru ca algoritmul s\u0103 \u00eenceap\u0103 s\u0103 v\u0103 recompenseze.<\/p>\n<p>\u00cen plus, prin cre\u0219terea num\u0103rului de urm\u0103ritori, v\u0103 \u00eembun\u0103t\u0103\u021bi\u021bi \u0219i profilul \u00een ochii algoritmului, care tinde s\u0103 favorizeze conturile active cu trac\u021biune. Acest lucru se traduce prin mai multe vizualiz\u0103ri, mai multe aprecieri \u0219i mai multe oportunit\u0103\u021bi de a ap\u0103rea \u00een recomand\u0103ri.<\/p>\n<h3>Avantajele de a cump\u0103ra adep\u021bi pe TikTok<\/h3>\n<ul>\n<li>\ud83d\udcc8 Cre\u0219terea imediat\u0103 a comunit\u0103\u021bii dvs.<\/li>\n<li>\ud83d\ude80 Spori\u021bi credibilitatea \u0219i autoritatea profilului dvs.<\/li>\n<li>\ud83c\udfaf Mai mult\u0103 vizibilitate \u0219i pozi\u021bionare \u00een aplica\u021bie<\/li>\n<li>\ud83e\udd1d Atrage\u021bi adep\u021bi organici datorit\u0103 efectului social<\/li>\n<li>\ud83d\udd12 Livrare securizat\u0103, f\u0103r\u0103 compromiterea contului dvs.<\/li>\n<\/ul>\n<p class=\"translation-block\">Acest serviciu este ideal pentru creatori, influenceri, branduri, afaceri locale, arti\u0219ti sau oricine dore\u0219te s\u0103 valorifice TikTok ca un canal de cre\u0219tere. Fie c\u0103 sunte\u021bi la \u00eenceput de drum sau dori\u021bi s\u0103 v\u0103 duce\u021bi contul la nivelul urm\u0103tor, <strong>buy TikTok followers<\/strong> v\u0103 ajut\u0103 s\u0103 construi\u021bi o baz\u0103 solid\u0103 pe care s\u0103 continua\u021bi s\u0103 cre\u0219te\u021bi.<\/p>\n<h2>Este sigur s\u0103 cumperi adep\u021bi pe TikTok?<\/h2>\n<p>Da, absolut. Nu solicit\u0103m niciodat\u0103 parole sau acces la contul dvs. Trebuie doar s\u0103 ne furniza\u021bi numele de utilizator al contului dvs. public. Cre\u0219terea este progresiv\u0103 \u0219i natural\u0103, conceput\u0103 pentru a v\u0103 p\u0103stra profilul \u00een siguran\u021b\u0103 \u00een orice moment.<\/p>\n<p class=\"translation-block\">\u00cen plus, sistemele noastre sunt optimizate pentru a respecta cele mai bune practici din industrie. Nu v\u0103 risc\u0103m contul sau reputa\u021bia. Lucr\u0103m doar cu metode sigure, eficiente \u0219i discrete. <strong> Cump\u0103rarea de urm\u0103ritori TikTok<\/strong> este o decizie strategic\u0103 \u0219i f\u0103r\u0103 riscuri.<\/p>\n<h3>Cine poate beneficia de acest serviciu?<\/h3>\n<p class=\"translation-block\">Acest serviciu este conceput pentru orice utilizator care dore\u0219te s\u0103 ias\u0103 \u00een eviden\u021b\u0103 mai repede pe TikTok. De la profiluri noi care \u00ee\u0219i caut\u0103 primii adep\u021bi p\u00e2n\u0103 la branduri consacrate care trebuie s\u0103 \u00ee\u0219i consolideze prezen\u021ba social\u0103. <strong>Buy TikTok followers<\/strong> este un instrument util \u00een orice etap\u0103 de cre\u0219tere.<\/p>\n<ul>\n<li>\ud83c\udfa4 Muzicieni \u0219i arti\u0219ti care lanseaz\u0103 con\u021binut original<\/li>\n<li>\ud83d\udce2 Influen\u021batori care doresc s\u0103 atrag\u0103 parteneriate<\/li>\n<li>\ud83d\udecd\ufe0f Magazine online sau branduri care doresc s\u0103 c\u00e2\u0219tige notorietate<\/li>\n<li>\ud83d\udcf2 Antreprenorii digitali care doresc s\u0103 construiasc\u0103 \u00eencredere<\/li>\n<li>\ud83c\udfaf Conturi personale care doresc s\u0103 creasc\u0103 de la zero<\/li>\n<\/ul>\n<h2>Cum func\u021bioneaz\u0103 procesul?<\/h2>\n<p>Cump\u0103rarea de urm\u0103ritori TikTok este rapid\u0103 \u0219i u\u0219oar\u0103. Trebuie doar s\u0103 alege\u021bi pachetul care vi se potrive\u0219te cel mai bine, s\u0103 introduce\u021bi numele dvs. de utilizator \u0219i s\u0103 plasa\u021bi comanda. Noi ne vom ocupa de restul. Livrarea va \u00eencepe \u00een scurt timp \u0219i va fi gradual\u0103 pentru a men\u021bine cre\u0219terea natural\u0103.<\/p>\n<p class=\"translation-block\">\u0218i dac\u0103 dori\u021bi un impuls \u0219i mai complet, pute\u021bi combina acest serviciu cu <a href=\"https:\/\/doymedia.com\/ro\/cumpara-vederi-tiktok\/\" target=\"_self\"><strong>cump\u0103rarea de vizualiz\u0103ri TikTok<\/strong><\/a> sau <a href=\"https:\/\/doymedia.com\/ro\/cumpara-place-tiktok\/\" target=\"_self\"><strong>cump\u0103rarea de like-uri TikTok,<\/strong><\/a> cre\u00e2nd o strategie de cre\u0219tere echilibrat\u0103 \u0219i eficient\u0103.<\/p>\n<h2>Cre\u0219te\u021bi contul dvs. ast\u0103zi<\/h2>\n<p class=\"translation-block\">Nu a\u0219tepta\u021bi ca algoritmul s\u0103 decid\u0103 s\u0103 v\u0103 ofere vizibilitate. Preia controlul asupra cre\u0219terii tale. Cu <strong>buy TikTok followers<\/strong> pute\u021bi \u00eencepe s\u0103 v\u0103 pozi\u021biona\u021bi mai bine, s\u0103 atrage\u021bi mai multe oportunit\u0103\u021bi \u0219i s\u0103 construi\u021bi o comunitate care s\u0103 v\u0103 sus\u021bin\u0103. Profilul t\u0103u merit\u0103 s\u0103 ias\u0103 \u00een eviden\u021b\u0103, iar acesta este primul pas.<\/p>\n<\/div><\/div><\/div><\/div><\/div><\/div><\/div><\/section>","protected":false},"excerpt":{"rendered":"TikTok a devenit una dintre cele mai puternice platforme pentru c\u00e2\u0219tigarea vizibilit\u0103\u021bii, conectarea cu publicul t\u00e2n\u0103r \u0219i crearea de con\u021binut viral. Dar dac\u0103 profilul t\u0103u nu are urm\u0103ritori, videoclipurile tale, indiferent c\u00e2t de bune sunt, pot trece neobservate. De aceea, cump\u0103rarea de urm\u0103ritori TikTok este o strategie eficient\u0103 pentru a ie\u0219i mai repede \u00een eviden\u021b\u0103 \u0219i pentru a da credibilitate...","protected":false},"featured_media":317,"comment_status":"open","ping_status":"closed","template":"","meta":{"_acf_changed":false},"product_brand":[],"product_cat":[18],"product_tag":[],"class_list":{"0":"post-99","1":"product","2":"type-product","3":"status-publish","4":"has-post-thumbnail","6":"product_cat-tiktok","7":"wcpa_has_options","9":"first","10":"instock","11":"sale","12":"featured","13":"shipping-taxable","14":"purchasable","15":"product-type-variable","16":"has-default-attributes"},"acf":[],"wcpa_form_fields":{"wcpaData":{"product":{"product_price":3.99,"price_html":"","original_product_price":3.99,"price_including_tax":3.99,"price_excluding_tax":3.99,"product_id":{"parent":99,"variation":false},"is_variable":true,"stock_status":"instock","stock_quantity":null,"parent_sku":"","product_attributes":{"cantidad":{"is_variation":true,"values":[]}},"custom_fields":[],"is_taxable":false,"product_name":"Comprar Seguidores TikTok","hasImage":false},"fields":{"sec_1067fa7982ea860":{"extra":{"key":"sec_1067fa7982ea860","section_id":"sec_1067fa7982ea860","name":"Por defecto","status":1,"toggle":true,"form_id":1028,"form_rules":{"exclude_from_discount":false,"fee_label":"Extras","disp_hide_options_price":false,"disp_show_section_price":false,"disp_show_field_price":false,"layout_option":"standard","pric_use_as_fee":false,"process_fee_as":"woo_fee"},"layout_option":"standard"},"fields":[[{"active":true,"col":5,"relations":false,"cl_rule":"show","enableCl":false,"price":"","enablePrice":false,"className":"","type":"text","subtype":"text","required":true,"elementId":"text_967fa7982ea88a","label":"Nombre de Usuario","name":"text_967fa7982ea88a","value":"","error":false,"placeholder":"Ejemplo: @mrbeast","enableDesign":false,"LabelSize":"16px","gt_translate_keys":["label","placeholder","value"],"price_dependency":false,"cl_dependency":false}],[{"active":true,"col":5,"relations":false,"cl_rule":"show","enableCl":false,"price":"","enablePrice":true,"className":"","label_position":"default","desc_position":"default","type":"select","required":false,"elementId":"select_867fa7982ea894","label":"A\u00f1adir Likes con Descuento","name":"select_867fa7982ea894","values":[{"label":"100 Likes","value":"100","selected":false,"tempId":"aco_46","price":"2,89","gt_translate_keys":["label"]},{"label":"500 Likes","value":"500","selected":false,"tempId":"aco_1337","price":"5,79","gt_translate_keys":["label"]},{"label":"1.000 Likes","value":"1000","selected":false,"tempId":"aco_910","price":"8,69","gt_translate_keys":["label"]},{"label":"2.000 Likes","value":"2000","selected":false,"tempId":"aco_911","price":"16,59","gt_translate_keys":["label"]},{"label":"5.000 Likes","value":"5000","selected":false,"tempId":"aco_912","price":"28,89","gt_translate_keys":["label"]},{"label":"10.000 Likes","value":"10000","selected":false,"tempId":"aco_1219","price":"48,29","gt_translate_keys":["label"]}],"dropdown_type":"basic","error":false,"placeholder":"Ninguno","priceOptions":"different_for_all","pricingType":"fixed","use_as_fee":false,"enableDesign":false,"LabelSize":"16px","gt_translate_keys":["label","placeholder"],"price_dependency":false,"cl_dependency":["textarea_167fa7982ea8b0"],"value":""}],[{"label":"A\u00f1adir Views con Descuento","active":true,"required":false,"elementId":"select-8531597607","dropdown_type":"basic","placeholder":"Ninguno","name":"select-8531597607","label_position":"default","desc_position":"default","enablePrice":true,"className":"","enableCl":false,"relations":false,"enableDesign":false,"LabelSize":"16px","values":[{"label":"100 Views","value":"100","selected":false,"tempId":"aco_46","price":"1,89","gt_translate_keys":["label"]},{"label":"500 Views","value":"500","selected":false,"tempId":"aco_1337","price":"2,79","gt_translate_keys":["label"]},{"label":"1.000 Views","value":"1000","selected":false,"tempId":"aco_910","price":"3,69","gt_translate_keys":["label"]},{"label":"2.000 Views","value":"2000","selected":false,"tempId":"aco_911","price":"4,59","gt_translate_keys":["label"]},{"label":"5.000 Views","value":"5000","selected":false,"tempId":"aco_912","price":"6,49","gt_translate_keys":["label"]},{"label":"10.000 Views","value":"10000","selected":false,"tempId":"aco_1219","price":"8,79","gt_translate_keys":["label"]},{"label":"50.000 Views","value":"50k","selected":false,"tempId":"aco_977","price":"42,69","gt_translate_keys":["label"]}],"priceOptions":"different_for_all","pricingType":"fixed","price":"","use_as_fee":false,"cl_rule":"show","col":5,"type":"select","error":false,"gt_translate_keys":["label","placeholder"],"price_dependency":false,"cl_dependency":false,"value":""}],[{"active":true,"col":5,"relations":[{"operator":false,"rules":[{"operator":"AND","rules":{"cl_field":"select_867fa7982ea894","cl_relation":"is_not_empty","cl_val":"likes"}}]}],"cl_rule":"show","enableCl":true,"price":"","enablePrice":false,"className":"","label_position":"default","desc_position":"default","type":"textarea","required":true,"elementId":"textarea_167fa7982ea8b0","label":"Enlaces a las Publicaciones","name":"textarea_167fa7982ea8b0","value":"","rows":2,"error":false,"placeholder":"Introducir Enlaces de esta Forma:\nhttps:\/\/www.tiktok.com\/@mrbeast\/video\/7487001177385635103\nhttps:\/\/www.tiktok.com\/@mrbeast\/video\/7460191038293069102","gt_translate_keys":["label","placeholder","value"],"price_dependency":false,"cl_dependency":false}]]}},"config":{"price_override":"","enable_recaptcha":false,"bind_quantity":false,"quantity_bind_formula":false,"disp_summ_show_option_price":false,"disp_summ_show_product_price":false,"disp_summ_show_total_price":false,"disp_summ_show_fee":false,"disp_summ_show_discount":false,"summary_title":"","options_total_label":"Extras","total_label":"Total","options_product_label":"Producto","fee_label":"Extras","discount_label":"Descuento","has_price":true,"has_quantity_formula":false},"mc_unit":1,"tax_rate":1,"tax_rate_real":1,"discount":{"percentage":0,"fixed":0},"design":{"conf":{"LabelPosition":"above","DescPosition":"above","UploadField":"custom_1","QuantityFieldStyle":"default"},"css":{"LeftLabelWidth":"120px"}},"formulas":[],"clones":false,"cartKey":false}},"_links":{"self":[{"href":"https:\/\/doymedia.com\/ro\/wp-json\/wp\/v2\/product\/99","targetHints":{"allow":["GET"]}}],"collection":[{"href":"https:\/\/doymedia.com\/ro\/wp-json\/wp\/v2\/product"}],"about":[{"href":"https:\/\/doymedia.com\/ro\/wp-json\/wp\/v2\/types\/product"}],"replies":[{"embeddable":true,"href":"https:\/\/doymedia.com\/ro\/wp-json\/wp\/v2\/comments?post=99"}],"wp:featuredmedia":[{"embeddable":true,"href":"https:\/\/doymedia.com\/ro\/wp-json\/wp\/v2\/media\/317"}],"wp:attachment":[{"href":"https:\/\/doymedia.com\/ro\/wp-json\/wp\/v2\/media?parent=99"}],"wp:term":[{"taxonomy":"product_brand","embeddable":true,"href":"https:\/\/doymedia.com\/ro\/wp-json\/wp\/v2\/product_brand?post=99"},{"taxonomy":"product_cat","embeddable":true,"href":"https:\/\/doymedia.com\/ro\/wp-json\/wp\/v2\/product_cat?post=99"},{"taxonomy":"product_tag","embeddable":true,"href":"https:\/\/doymedia.com\/ro\/wp-json\/wp\/v2\/product_tag?post=99"}],"curies":[{"name":"wp","href":"https:\/\/api.w.org\/{rel}","templated":true}]}}