{"id":404,"date":"2025-03-27T19:19:49","date_gmt":"2025-03-27T18:19:49","guid":{"rendered":"https:\/\/v2.doymedia.com\/?page_id=404"},"modified":"2025-07-29T17:56:24","modified_gmt":"2025-07-29T15:56:24","slug":"villkor-och-bestammelser","status":"publish","type":"page","link":"https:\/\/doymedia.com\/sv\/terminos-y-condiciones\/","title":{"rendered":"Villkor och anvisningar"},"content":{"rendered":"<section class=\"l-section wpb_row height_medium\"><div class=\"l-section-h i-cf\"><div class=\"g-cols vc_row via_flex valign_top type_default stacking_default\"><div class=\"vc_col-sm-12 wpb_column vc_column_container\"><div class=\"vc_column-inner\"><div class=\"wpb_wrapper\"><div class=\"wpb_text_column\"><div class=\"wpb_wrapper\"><h1>Villkor och anvisningar<\/h1>\n<p><b>DoyMedia <\/b>f\u00f6ljer best\u00e4mmelserna i lag 34\/2002 om informationssamh\u00e4llets tj\u00e4nster och elektronisk handel (LSSI-CE), den organiska lagen 3\/2018 om skydd av personuppgifter och garanti f\u00f6r digitala r\u00e4ttigheter (LOPDGDD) och f\u00f6rordning (EU) 2016\/679, den allm\u00e4nna dataskyddsf\u00f6rordningen (GDPR).<\/p>\n<p>Anv\u00e4ndningen av portalen \u00e4r anv\u00e4ndarens villkor och inneb\u00e4r ett fullst\u00e4ndigt och f\u00f6rbeh\u00e5llsl\u00f6st godk\u00e4nnande av var och en av de best\u00e4mmelser som ing\u00e5r i detta juridiska meddelande, s\u00e5 om anv\u00e4ndaren inte samtycker till n\u00e5got av de villkor som anges h\u00e4r, b\u00f6r han \/ hon inte anv\u00e4nda \/ f\u00e5 tillg\u00e5ng till denna portal.<\/p>\n<p>Tillg\u00e5ng till <strong>DoyMedia.com<\/strong> och anv\u00e4ndningen av dess tj\u00e4nster omfattas av de allm\u00e4nna villkor som anges nedan och av de s\u00e4rskilda villkor som anges i bilagorna eller p\u00e5 anslagstavlorna p\u00e5 en viss sida (\"villkoren\").<\/p>\n<p>Genom att forts\u00e4tta bes\u00f6ka denna webbplats samtycker du (\"Anv\u00e4ndaren\") till att vara bunden av dessa Villkor och best\u00e4mmelser.<\/p>\n<p><strong>Vi f\u00f6rbeh\u00e5ller oss r\u00e4tten att blockera tilltr\u00e4de till webbplatsen, att inte l\u00e4ngre till\u00e5ta n\u00e5gra k\u00f6p och att inte besvara meddelanden fr\u00e5n n\u00e5gon som bryter mot dessa villkor.<\/strong><\/p>\n<h3>SERVICE<\/h3>\n<p class=\"translation-block\">Detta \u00e4r ett medel f\u00f6r onlineinformation, reklam och kommunikation som tillhandah\u00e5lls av <strong>DoyMedia.com<\/strong>, och utg\u00f6r anv\u00e4ndarens godk\u00e4nnande av dessa villkor och best\u00e4mmelser.<\/p>\n<p class=\"translation-block\">Informationen p\u00e5 <strong>DoyMedia.com<\/strong> kan inte anses vara utt\u00f6mmande, fullst\u00e4ndig eller att den kommer att tillfredsst\u00e4lla alla anv\u00e4ndarens behov, och anv\u00e4ndaren uppmanas att l\u00e4sa dessa villkor med s\u00e4rskild omsorg.<\/p>\n<h3>ANSVAR F\u00d6R L\u00c4NKAR<\/h3>\n<p class=\"translation-block\"><strong>DoyMedia.com<\/strong> kan tillhandah\u00e5lla l\u00e4nkar, webbplatser eller tj\u00e4nster fr\u00e5n andra organisationer och f\u00f6retag via sin webbplats (er), samt ge anv\u00e4ndaren av sin webbplats m\u00f6jlighet att ladda ner programvara fr\u00e5n tredje part. Anv\u00e4ndaren f\u00f6rst\u00e5r och accepterar att <strong>DoyMedia.com<\/strong> inte kontrollerar och inte \u00e4r ansvarig f\u00f6r dessa tj\u00e4nster och produkter.<\/p>\n<p class=\"translation-block\">Anv\u00e4ndaren av webbplatsen accepterar och erk\u00e4nner att <strong>DoyMedia.com<\/strong> inte kontrollerar, \u00f6vervakar eller tar n\u00e5got ansvar f\u00f6r kvaliteten, s\u00e4kerheten, egenskaperna och andra delar av de produkter och\/eller tj\u00e4nster som marknadsf\u00f6rs eller erbjuds av tredje part p\u00e5 dess webbplats.<\/p>\n<h3>\u00c5TERBETALNINGAR OCH AVBOKNINGAR<\/h3>\n<p>P\u00e5 grund av v\u00e5ra tj\u00e4nsters digitala natur accepteras inga \u00e5terbetalningar n\u00e4r best\u00e4llningen har behandlats och levererats. I enlighet med artikel 103.m i Royal Legislative Decree 1\/2007 ska \u00e5ngerr\u00e4tten inte g\u00e4lla f\u00f6r digitalt inneh\u00e5ll d\u00e4r utf\u00f6randet har p\u00e5b\u00f6rjats med konsumentens uttryckliga samtycke.<\/p>\n<p>I h\u00e4ndelse av en teknisk incident eller ett fel i best\u00e4llningen kan anv\u00e4ndaren kontakta v\u00e5rt team p\u00e5 contacto@doymedia.com inom 12 timmar efter k\u00f6pet.<\/p>\n<h3>BETALNINGSMETODER<\/h3>\n<p class=\"translation-block\">Vi erbjuder f\u00f6r n\u00e4rvarande <strong>helt s\u00e4ker betalning med kredit- eller betalkort<\/strong> som behandlas direkt av v\u00e5r bank. Vi lagrar eller behandlar ALDRIG dina personliga kortuppgifter.<\/p>\n<p>Vi erbjuder \u00e4ven betalning med kryptovaluta (Bitcoin, Ethereum, Litecoin etc.) och bank\u00f6verf\u00f6ring.<\/p>\n<p class=\"translation-block\">DoyMedia.com \u00e4r ett <strong>lagligt spanskt f\u00f6retag<\/strong> som skyddas av 256-byte SSL-kryptering, och \u00f6vervakas ocks\u00e5 24 timmar om dygnet av ett av de b\u00e4sta f\u00f6retagen i v\u00e4rlden inom webbplatss\u00e4kerhet: Cloudflare.com, vilket g\u00f6r din surfning och online-shopping p\u00e5 denna webbplats helt s\u00e4ker.<\/p>\n<h3>VARIOUS<\/h3>\n<p class=\"translation-block\"><strong>- Policy f\u00f6r anv\u00e4ndning av tj\u00e4nsten.<\/strong> Anv\u00e4ndaren samtycker till den policy f\u00f6r anv\u00e4ndning av tj\u00e4nsten som anges h\u00e4ri, med \u00e4ndringar fr\u00e5n tid till annan. <strong>DoyMedia.com<\/strong> f\u00f6rbeh\u00e5ller sig r\u00e4tten att ta bort eller \u00e4ndra all information, kommunikation eller meddelande som enligt dess uppfattning bryter mot anv\u00e4ndningspolicyn.<\/p>\n<p class=\"translation-block\"><strong>- Upphovsr\u00e4tt.<\/strong> Informationen p\u00e5 webbplatsen kan vara immateriell egendom som tillh\u00f6r <strong>DoyMedia.com<\/strong> eller tredje part. Informationen f\u00e5r endast anv\u00e4ndas f\u00f6r icke-kommersiella \u00e4ndam\u00e5l. Vidares\u00e4ndning eller publicering av material \u00e4r f\u00f6rbjudet utan f\u00f6reg\u00e5ende skriftligt medgivande fr\u00e5n upphovsmannen. Om tillst\u00e5nd ges m\u00e5ste anv\u00e4ndaren citera f\u00f6rfattaren och f\u00e5r inte \u00e4ndra materialet.<\/p>\n<p><strong>- Problem med sociala n\u00e4tverk:<\/strong> DoyMedia.com ansvarar inte f\u00f6r kontoblockering eller andra problem som du har med de sociala n\u00e4tverk som du har k\u00f6pt tj\u00e4nster fr\u00e5n. OBS: Denna typ av sak \u00e4r mycket osannolikt att h\u00e4nda eftersom de sociala n\u00e4tverken inte uppt\u00e4cker v\u00e5ra tj\u00e4nster, men i h\u00e4ndelse av att detta h\u00e4nder \u00e4r det ansvaret f\u00f6r den person som ansvarar f\u00f6r kontot.<\/p>\n<p><strong>- Ers\u00e4ttande sp\u00e5rare:<\/strong> Varje tj\u00e4nst m\u00e5ste kontrolleras med avseende p\u00e5 dess p\u00e5fyllningspolicy. P\u00e5fyllningar anges i beskrivningen av varje tj\u00e4nst.<\/p>\n<p><strong>- F\u00f6rlorade f\u00f6ljare innan du handlar hos oss:<\/strong> Om du har k\u00f6pt f\u00f6ljare fr\u00e5n en annan webbplats och du f\u00f6rlorar dem blir v\u00e5rt jobb mycket mer komplicerat, eftersom vi m\u00e5ste \u00e5tg\u00e4rda felen p\u00e5 alla andra webbplatser d\u00e4r du tidigare har k\u00f6pt f\u00f6ljare. Vi kan uppt\u00e4cka om de f\u00f6ljare du f\u00f6rlorar \u00e4r v\u00e5ra eller \u00e4r f\u00f6re oss, varf\u00f6r vi inte kommer att acceptera n\u00e5gra p\u00e5st\u00e5enden om f\u00f6ljare som f\u00f6rlorats innan du har k\u00f6pt fr\u00e5n oss, eftersom dessa f\u00f6ljare inte \u00e4r v\u00e5ra. Det \u00e4r ocks\u00e5 v\u00e4rt att notera att vi inte kommer att kunna h\u00e4vda eller anklaga oss f\u00f6r n\u00e5gra order som f\u00f6rlorar \u00e4ldre f\u00f6ljare, eftersom som anges ovan i dessa villkor: \"<em>k\u00f6p av liknande tj\u00e4nster fr\u00e5n andra leverant\u00f6rer f\u00f6r samma konton upph\u00e4ver ers\u00e4ttnings- eller \u00e5terbetalningsgarantin f\u00f6r tj\u00e4nster som k\u00f6pts fr\u00e5n DoyMedia.com.<\/em>\"<\/p>\n<p><strong>- Instagram- och Twitterprofiler M\u00c5STE vara i PUBLIC MODE.<\/strong> s\u00e5 att vi kan l\u00e4gga till f\u00f6ljarna. Om ditt konto \u00e4r i privat l\u00e4ge och vi r\u00e5der dig att st\u00e4lla in det i offentligt l\u00e4ge men du inte g\u00f6r det, kan det vara en anledning f\u00f6r oss att markera ordern som slutf\u00f6rd utan att kunna l\u00e4gga till f\u00f6ljarna.<\/p>\n<p><strong>- Leveranstid:<\/strong> Din best\u00e4llning behandlas automatiskt, men beroende p\u00e5 det sociala n\u00e4tverket och den m\u00e4ngd som best\u00e4llts kan det ta lite l\u00e4ngre eller kortare tid. I genomsnitt anger vi att tj\u00e4nster kan anl\u00e4nda inom 24-48 timmar.<\/p>\n<p><strong>- Kvalitet p\u00e5 f\u00f6ljare, gillamarkeringar, medlemmar, prenumeranter etc:<\/strong> K\u00f6pta f\u00f6ljare f\u00f6r Instagram, Facebook, Twitter, Youtube, Telegram, Tik Tok eller n\u00e5got annat socialt n\u00e4tverk d\u00e4r vi s\u00e4ljer f\u00f6ljare ser riktiga ut, men \u00e4r inte garanterade att interagera med ditt konto. Detta inneb\u00e4r att kontona har bilder och ser ut som riktiga konton, men dessa f\u00f6ljare kommer inte att interagera genom att gilla dina inl\u00e4gg.<\/p>\n<p class=\"translation-block\"><strong>- Inneh\u00e5llskontroll.<\/strong> <strong>DoyMedia.com<\/strong> kontrollerar inte den kommunikation och det material som anv\u00e4ndare l\u00e4gger in p\u00e5 webbplatsen. <strong>DoyMedia.com<\/strong> ansvarar inte f\u00f6r inneh\u00e5llet i dessa kommunikationer och material, men f\u00f6rbeh\u00e5ller sig r\u00e4tten att blockera \u00e5tkomst till eller ta bort all kommunikation eller material som den anser vara (a) kr\u00e4nkande, \u00e4rekr\u00e4nkande, obscen, falsk eller vilseledande, (b) kr\u00e4nker tredje parts immateriella r\u00e4ttigheter eller (c) bryter mot best\u00e4mmelserna i anv\u00e4ndarvillkoren f\u00f6r tj\u00e4nsten.<\/p>\n<p class=\"translation-block\"><strong>- Skadest\u00e5nds\u00e5tagande.<\/strong> Anv\u00e4ndaren \u00e5tar sig att h\u00e5lla <strong>DoyMedia.com<\/strong>, dess anst\u00e4llda, licensgivare, leverant\u00f6rer och licenstagare skadesl\u00f6sa (inklusive f\u00f6rsvarskostnader) till f\u00f6ljd av olaglig handling eller faktum som kan h\u00e4nf\u00f6ras till anv\u00e4ndaren eller en tredje part som anv\u00e4nder anv\u00e4ndarens konto. <strong>DoyMedia.com<\/strong> kan \u00e4ndra, ta bort och\/eller l\u00e4gga till villkor i n\u00e5gon av klausulerna i detta avtal, utan f\u00f6reg\u00e5ende samtycke fr\u00e5n Anv\u00e4ndaren. Anv\u00e4ndaren \u00e4r ensam ansvarig f\u00f6r sekretessen och anv\u00e4ndningen av sitt l\u00f6senord, liksom f\u00f6r de instruktioner som utf\u00f6rs f\u00f6r hans eller hennes r\u00e4kning genom anv\u00e4ndning av systemet.<\/p>\n<p><strong>- Partiell ogiltighet.<\/strong> Om n\u00e5gon best\u00e4mmelse i dessa villkor f\u00f6rklaras ogiltig ska detta inte p\u00e5verka giltigheten av \u00f6vriga best\u00e4mmelser.<\/p>\n<\/div><\/div><\/div><\/div><\/div><\/div><\/div><\/section>","protected":false},"excerpt":{"rendered":"Villkor DoyMedia f\u00f6ljer best\u00e4mmelserna i lag 34\/2002 om informationssamh\u00e4llets tj\u00e4nster och elektronisk handel (LSSI-CE), organisk lag 3\/2018 om skydd av personuppgifter och garanti f\u00f6r digitala r\u00e4ttigheter (LOPDGDD) och f\u00f6rordning (EU) 2016\/679, allm\u00e4n dataskyddsf\u00f6rordning (GDPR). Den...","protected":false},"author":1,"featured_media":0,"parent":0,"menu_order":0,"comment_status":"closed","ping_status":"closed","template":"","meta":{"_acf_changed":false,"footnotes":""},"class_list":["post-404","page","type-page","status-publish","hentry"],"acf":[],"_links":{"self":[{"href":"https:\/\/doymedia.com\/sv\/wp-json\/wp\/v2\/pages\/404","targetHints":{"allow":["GET"]}}],"collection":[{"href":"https:\/\/doymedia.com\/sv\/wp-json\/wp\/v2\/pages"}],"about":[{"href":"https:\/\/doymedia.com\/sv\/wp-json\/wp\/v2\/types\/page"}],"author":[{"embeddable":true,"href":"https:\/\/doymedia.com\/sv\/wp-json\/wp\/v2\/users\/1"}],"replies":[{"embeddable":true,"href":"https:\/\/doymedia.com\/sv\/wp-json\/wp\/v2\/comments?post=404"}],"version-history":[{"count":6,"href":"https:\/\/doymedia.com\/sv\/wp-json\/wp\/v2\/pages\/404\/revisions"}],"predecessor-version":[{"id":1361,"href":"https:\/\/doymedia.com\/sv\/wp-json\/wp\/v2\/pages\/404\/revisions\/1361"}],"wp:attachment":[{"href":"https:\/\/doymedia.com\/sv\/wp-json\/wp\/v2\/media?parent=404"}],"curies":[{"name":"wp","href":"https:\/\/api.w.org\/{rel}","templated":true}]}}