{"id":100,"date":"2025-03-27T01:32:41","date_gmt":"2025-03-27T00:32:41","guid":{"rendered":"https:\/\/v2.doymedia.com\/?post_type=product&#038;p=100"},"modified":"2025-07-16T21:41:37","modified_gmt":"2025-07-16T19:41:37","slug":"kopa-gillar-tiktok","status":"publish","type":"product","link":"https:\/\/doymedia.com\/sv\/kopa-gillar-tiktok\/","title":{"rendered":"K\u00f6p TikTok Likes"},"content":{"rendered":"<section class=\"l-section wpb_row height_medium\"><div class=\"l-section-h i-cf\"><div class=\"g-cols vc_row via_flex valign_top type_default stacking_default\"><div class=\"vc_col-sm-12 wpb_column vc_column_container\"><div class=\"vc_column-inner\"><div class=\"wpb_wrapper\"><div class=\"wpb_text_column\"><div class=\"wpb_wrapper\"><p class=\"translation-block\">P\u00e5 TikTok r\u00e4knas varje sekund. Du kan ha en fantastisk video, men om den inte f\u00e5r engagemang p\u00e5 kort tid kommer algoritmen inte att visa den f\u00f6r fler m\u00e4nniskor. Det \u00e4r d\u00e4rf\u00f6r <strong>k\u00f6pa TikTok-gillar<\/strong> har blivit en effektiv strategi f\u00f6r att f\u00f6rb\u00e4ttra synligheten f\u00f6r dina videor, locka nya f\u00f6ljare och f\u00f6rst\u00e4rka auktoriteten i din profil redan fr\u00e5n b\u00f6rjan.<\/p>\n<p class=\"translation-block\">Likes \u00e4r en nyckelsignal f\u00f6r TikToks algoritm. Ju fler interaktioner en video f\u00e5r, desto mer sannolikt \u00e4r det att den blir viral. Om du skapar bra inneh\u00e5ll, men inte f\u00e5r det erk\u00e4nnande du f\u00f6rtj\u00e4nar, hj\u00e4lper <strong>k\u00f6pa TikTok-gillar<\/strong> dig att utl\u00f6sa den krusningseffekten av mer r\u00e4ckvidd, mer synlighet och mer inverkan.<\/p>\n<h2>Varf\u00f6r k\u00f6pa likes p\u00e5 TikTok?<\/h2>\n<p class=\"translation-block\">F\u00f6r p\u00e5 det h\u00e4r sociala n\u00e4tverket spelar siffror roll. N\u00e4r en video f\u00e5r m\u00e5nga \"gillamarkeringar\" uppfattar anv\u00e4ndarna den som v\u00e4rdefull, underh\u00e5llande eller trov\u00e4rdig. Det uppmuntrar dem att titta p\u00e5 den i sin helhet, dela den och f\u00f6lja ditt konto. Genom att <strong>k\u00f6pa TikTok-gillar<\/strong> \u00f6kar du det upplevda v\u00e4rdet av ditt inneh\u00e5ll och skickar en positiv signal till algoritmen.<\/p>\n<p>Den h\u00e4r typen av boost \u00e4r s\u00e4rskilt anv\u00e4ndbar om du lanserar en kampanj, marknadsf\u00f6r en produkt eller helt enkelt vill att din video ska n\u00e5 ut till fler m\u00e4nniskor. Det handlar inte bara om att bl\u00e5sa upp siffrorna - det handlar om att bygga en solid n\u00e4rvaro och \u00f6ka dina verkliga chanser till tillv\u00e4xt.<\/p>\n<h3>F\u00f6rdelar med att k\u00f6pa likes p\u00e5 TikTok<\/h3>\n<ul>\n<li>\ud83d\udcc8 Omedelbar f\u00f6rb\u00e4ttring av synligheten f\u00f6r dina videor<\/li>\n<li>\ud83d\ude80 \u00d6kad trov\u00e4rdighet hos nya anv\u00e4ndare<\/li>\n<li>\ud83c\udfaf \u00d6kad r\u00e4ckvidd tack vare algoritmen<\/li>\n<li>\ud83d\udcac Mer interaktion som genererar organiska f\u00f6ljare<\/li>\n<li>\ud83d\udd12 S\u00e4ker leverans, utan att riskera ditt konto<\/li>\n<\/ul>\n<p class=\"translation-block\"><strong>K\u00f6p TikTok-gillar<\/strong> \u00e4r anv\u00e4ndbart f\u00f6r b\u00e5de nya konton och etablerade profiler som vill \u00f6ka viktiga inl\u00e4gg. Med en bra bas av interaktioner kommer varje ny video du l\u00e4gger upp att ha en b\u00e4ttre chans att bli m\u00e4rkt.<\/p>\n<p>F\u00f6rutom att f\u00f6rb\u00e4ttra synligheten p\u00e5verkar likes ocks\u00e5 hur anv\u00e4ndare interagerar med din profil. N\u00e4r n\u00e5gon ser att din video har ett stort antal gillamarkeringar antar de automatiskt att inneh\u00e5llet har ett v\u00e4rde. Detta leder till mer visningstid, fler kommentarer och, i m\u00e5nga fall, fler f\u00f6ljare.<\/p>\n<p class=\"translation-block\"><strong> Att k\u00f6pa TikTok-gillar<\/strong> \u00e4r ett s\u00e4tt att f\u00f6rst\u00e4rka alla indikatorer som algoritmen tar h\u00e4nsyn till f\u00f6r att v\u00e4xa ett konto organiskt.<\/p>\n<h2>\u00c4r det s\u00e4kert att k\u00f6pa likes p\u00e5 TikTok?<\/h2>\n<p>Ja, helt s\u00e4kert. Vi ber inte om l\u00f6senord eller tillg\u00e5ng till ditt konto. Allt vi beh\u00f6ver \u00e4r l\u00e4nken till den video du vill boosta. Processen \u00e4r progressiv, naturlig och utformad f\u00f6r att h\u00e5lla din profil skyddad hela tiden.<\/p>\n<p>Vi arbetar med bepr\u00f6vade metoder och optimerade system f\u00f6r att garantera effektiva och riskfria resultat. <strong>K\u00f6p gillamarkeringar TikTok<\/strong> \u00e4r ett p\u00e5litligt s\u00e4tt att \u00f6ka ditt inneh\u00e5ll utan att kompromissa med ditt kontos integritet.<\/p>\n<h3>Vem kan dra nytta av denna tj\u00e4nst?<\/h3>\n<p class=\"translation-block\">Alla som publicerar inneh\u00e5ll p\u00e5 TikTok. Fr\u00e5n kreat\u00f6rer, influencers och entrepren\u00f6rer, till varum\u00e4rken som vill positionera sig p\u00e5 detta n\u00e4tverk. Om du vill \u00f6ka din auktoritet, locka fler bes\u00f6kare eller f\u00f6rst\u00e4rka din strategi \u00e4r <strong>buy I like TikTok<\/strong> n\u00e5got f\u00f6r dig.<\/p>\n<ul>\n<li>\ud83c\udfa5 Kreat\u00f6rer som vill att deras videor ska bli virala<\/li>\n<li>\ud83d\udce2 Varum\u00e4rken som lanserar marknadsf\u00f6ringskampanjer<\/li>\n<li>\ud83c\udfaf Influencers som s\u00f6ker samarbeten<\/li>\n<li>\ud83d\udecd\ufe0f F\u00f6retag som s\u00e4ljer via TikTok<\/li>\n<li>\ud83d\udcf2 Anv\u00e4ndare som vill sticka ut snabbare<\/li>\n<\/ul>\n<h2>Hur fungerar det?<\/h2>\n<p>Processen \u00e4r mycket enkel. Allt du beh\u00f6ver g\u00f6ra \u00e4r att v\u00e4lja det paket som b\u00e4st passar dina behov, f\u00f6rse oss med l\u00e4nken till videon och g\u00f6ra best\u00e4llningen. Vi tar hand om allt. Leveransen b\u00f6rjar p\u00e5 kort tid, progressivt och s\u00e4kert.<\/p>\n<p class=\"translation-block\">Och om du vill att din profil ska v\u00e4xa p\u00e5 ett \u00e4nnu mer balanserat s\u00e4tt kan du kombinera den h\u00e4r tj\u00e4nsten med <a href=\"https:\/\/doymedia.com\/sv\/kopa-tiktok-foljare\/\" target=\"_self\"><strong>k\u00f6p av TikTok-f\u00f6ljare<\/strong><\/a> eller <a href=\"https:\/\/doymedia.com\/sv\/kopa-visningar-tiktok\/\" target=\"_self\"><strong>k\u00f6p av TikTok-visningar<\/strong><\/a>. P\u00e5 s\u00e5 s\u00e4tt genererar du en verklig och h\u00e5llbar tillv\u00e4xtstrategi.<\/p>\n<h2>Ge dina videor det erk\u00e4nnande de f\u00f6rtj\u00e4nar<\/h2>\n<p class=\"translation-block\">L\u00e5t inte dina inl\u00e4gg g\u00e5 obem\u00e4rkt f\u00f6rbi. Med <strong>k\u00f6p TikTok-gillar<\/strong> kan du \u00f6ka ditt inneh\u00e5ll, f\u00f6rb\u00e4ttra din ranking och f\u00e5 synlighet p\u00e5 n\u00e5gra minuter. B\u00f6rja idag och f\u00e5 varje video att r\u00e4knas.<\/p>\n<\/div><\/div><\/div><\/div><\/div><\/div><\/div><\/section>","protected":false},"excerpt":{"rendered":"P\u00e5 TikTok r\u00e4knas varje sekund. Du kan ha en fantastisk video, men om den inte f\u00e5r engagemang p\u00e5 kort tid kommer algoritmen inte att visa den f\u00f6r fler m\u00e4nniskor. Det \u00e4r d\u00e4rf\u00f6r som att k\u00f6pa TikTok-gillar har blivit en effektiv strategi f\u00f6r att f\u00f6rb\u00e4ttra synligheten f\u00f6r dina videor, locka nya f\u00f6ljare och f\u00f6rst\u00e4rka din profils auktoritet ...","protected":false},"featured_media":317,"comment_status":"open","ping_status":"closed","template":"","meta":{"_acf_changed":false},"product_brand":[],"product_cat":[18],"product_tag":[],"class_list":{"0":"post-100","1":"product","2":"type-product","3":"status-publish","4":"has-post-thumbnail","6":"product_cat-tiktok","7":"wcpa_has_options","9":"first","10":"instock","11":"sale","12":"featured","13":"shipping-taxable","14":"purchasable","15":"product-type-variable","16":"has-default-attributes"},"acf":[],"wcpa_form_fields":{"wcpaData":{"product":{"product_price":2.99,"price_html":"","original_product_price":2.99,"price_including_tax":2.99,"price_excluding_tax":2.99,"product_id":{"parent":100,"variation":false},"is_variable":true,"stock_status":"instock","stock_quantity":null,"parent_sku":"","product_attributes":{"cantidad":{"is_variation":true,"values":[]}},"custom_fields":[],"is_taxable":false,"product_name":"Comprar Likes TikTok","hasImage":false},"fields":{"sec_167fa907111f84":{"extra":{"key":"sec_167fa907111f84","section_id":"sec_167fa907111f84","name":"Por defecto","status":1,"toggle":true,"form_id":1048,"form_rules":{"exclude_from_discount":false,"fee_label":"Dopl\u0148ky","disp_hide_options_price":false,"disp_show_section_price":false,"disp_show_field_price":false,"layout_option":"standard","pric_use_as_fee":false,"process_fee_as":"woo_fee"},"layout_option":"standard"},"fields":[[{"active":true,"col":5,"relations":false,"cl_rule":"show","enableCl":false,"price":"","enablePrice":false,"className":"","type":"text","subtype":"text","required":true,"elementId":"text_867fa907111f9e","label":"Enlace al V\u00eddeo","name":"text_867fa907111f9e","value":"","error":false,"placeholder":"Ejemplo: https:\/\/www.tiktok.com\/@mrbeast\/video\/7460191038293069102","enableDesign":false,"LabelSize":"16px","gt_translate_keys":["label","placeholder","value"],"price_dependency":false,"cl_dependency":false}],[{"active":true,"col":5,"relations":false,"cl_rule":"show","enableCl":false,"price":"","enablePrice":true,"className":"","label_position":"default","desc_position":"default","type":"select","required":false,"elementId":"select_667fa907111fac","label":"A\u00f1adir Seguidores con Descuento","name":"select_667fa907111fac","values":[{"label":"100 Seguidores","value":"100","selected":false,"tempId":"aco_46","price":"3,89","gt_translate_keys":["label"]},{"label":"500 Seguidores","value":"500","selected":false,"tempId":"aco_1337","price":"6,79","gt_translate_keys":["label"]},{"label":"1.000 Seguidores","value":"1000","selected":false,"tempId":"aco_910","price":"9,69","gt_translate_keys":["label"]},{"label":"2.000 Seguidores","value":"2000","selected":false,"tempId":"aco_911","price":"19,49","gt_translate_keys":["label"]},{"label":"5.000 Seguidores","value":"5000","selected":false,"tempId":"aco_912","price":"58,39","gt_translate_keys":["label"]}],"dropdown_type":"basic","error":false,"placeholder":"Ninguno","priceOptions":"different_for_all","pricingType":"fixed","use_as_fee":false,"enableDesign":false,"LabelSize":"16px","tooltip":"Los seguidores ser\u00e1n entregados al mismo perfil del v\u00eddeo.","gt_translate_keys":["label","placeholder","tooltip"],"price_dependency":false,"cl_dependency":false,"value":""}],[{"label":"A\u00f1adir Views con Descuento","active":true,"required":false,"elementId":"select_867fa907111fb6","dropdown_type":"basic","placeholder":"Ninguno","name":"select_867fa907111fb6","label_position":"default","desc_position":"default","enablePrice":true,"className":"","enableCl":false,"relations":false,"enableDesign":false,"LabelSize":"16px","values":[{"label":"100 Views","value":"100","selected":false,"tempId":"aco_46","price":"1,89","gt_translate_keys":["label"]},{"label":"500 Views","value":"500","selected":false,"tempId":"aco_1337","price":"2,79","gt_translate_keys":["label"]},{"label":"1.000 Views","value":"1000","selected":false,"tempId":"aco_910","price":"3,69","gt_translate_keys":["label"]},{"label":"2.000 Views","value":"2000","selected":false,"tempId":"aco_911","price":"4,59","gt_translate_keys":["label"]},{"label":"5.000 Views","value":"5000","selected":false,"tempId":"aco_912","price":"6,49","gt_translate_keys":["label"]},{"label":"10.000 Views","value":"10000","selected":false,"tempId":"aco_1219","price":"8,79","gt_translate_keys":["label"]},{"label":"50.000 Views","value":"50k","selected":false,"tempId":"aco_977","price":"42,69","gt_translate_keys":["label"]}],"priceOptions":"different_for_all","pricingType":"fixed","price":"","use_as_fee":false,"cl_rule":"show","col":5,"type":"select","error":false,"tooltip":"Los views ser\u00e1n entregados a la misma publicaci\u00f3n.","gt_translate_keys":["label","placeholder","tooltip"],"price_dependency":false,"cl_dependency":false,"value":""}]]}},"config":{"price_override":"","enable_recaptcha":false,"bind_quantity":false,"quantity_bind_formula":false,"disp_summ_show_option_price":false,"disp_summ_show_product_price":false,"disp_summ_show_total_price":false,"disp_summ_show_fee":false,"disp_summ_show_discount":false,"summary_title":"","options_total_label":"Dopl\u0148ky","total_label":"Celkem","options_product_label":"Producto","fee_label":"Dopl\u0148ky","discount_label":"Descuento","has_price":true,"has_quantity_formula":false},"mc_unit":1,"tax_rate":1,"tax_rate_real":1,"discount":{"percentage":0,"fixed":0},"design":{"conf":{"LabelPosition":"above","DescPosition":"above","UploadField":"custom_1","QuantityFieldStyle":"default"},"css":{"LeftLabelWidth":"120px"}},"formulas":[],"clones":false,"cartKey":false}},"_links":{"self":[{"href":"https:\/\/doymedia.com\/sv\/wp-json\/wp\/v2\/product\/100","targetHints":{"allow":["GET"]}}],"collection":[{"href":"https:\/\/doymedia.com\/sv\/wp-json\/wp\/v2\/product"}],"about":[{"href":"https:\/\/doymedia.com\/sv\/wp-json\/wp\/v2\/types\/product"}],"replies":[{"embeddable":true,"href":"https:\/\/doymedia.com\/sv\/wp-json\/wp\/v2\/comments?post=100"}],"wp:featuredmedia":[{"embeddable":true,"href":"https:\/\/doymedia.com\/sv\/wp-json\/wp\/v2\/media\/317"}],"wp:attachment":[{"href":"https:\/\/doymedia.com\/sv\/wp-json\/wp\/v2\/media?parent=100"}],"wp:term":[{"taxonomy":"product_brand","embeddable":true,"href":"https:\/\/doymedia.com\/sv\/wp-json\/wp\/v2\/product_brand?post=100"},{"taxonomy":"product_cat","embeddable":true,"href":"https:\/\/doymedia.com\/sv\/wp-json\/wp\/v2\/product_cat?post=100"},{"taxonomy":"product_tag","embeddable":true,"href":"https:\/\/doymedia.com\/sv\/wp-json\/wp\/v2\/product_tag?post=100"}],"curies":[{"name":"wp","href":"https:\/\/api.w.org\/{rel}","templated":true}]}}