{"id":827,"date":"2025-04-10T17:34:41","date_gmt":"2025-04-10T15:34:41","guid":{"rendered":"https:\/\/v2.doymedia.com\/?post_type=product&#038;p=827"},"modified":"2025-07-16T21:41:26","modified_gmt":"2025-07-16T19:41:26","slug":"kop-twitterfoljare","status":"publish","type":"product","link":"https:\/\/doymedia.com\/sv\/comprar-seguidores-twitter\/","title":{"rendered":"K\u00f6pa Twitter-f\u00f6ljare"},"content":{"rendered":"<section class=\"l-section wpb_row height_medium\"><div class=\"l-section-h i-cf\"><div class=\"g-cols vc_row via_flex valign_top type_default stacking_default\"><div class=\"vc_col-sm-12 wpb_column vc_column_container\"><div class=\"vc_column-inner\"><div class=\"wpb_wrapper\"><div class=\"wpb_text_column\"><div class=\"wpb_wrapper\"><p class=\"translation-block\">P\u00e5 Twitter \u00e4r antalet f\u00f6ljare ett introduktionsbrev. Ett konto med m\u00e5nga f\u00f6ljare f\u00f6rmedlar auktoritet, f\u00f6rtroende och relevans inom din sektor. D\u00e4rf\u00f6r \u00e4r <strong>k\u00f6pa Twitter-f\u00f6ljare<\/strong> en smart strategi f\u00f6r att sticka ut fr\u00e5n f\u00f6rsta anblicken, \u00f6ka din trov\u00e4rdighet och f\u00e5 ditt konto att v\u00e4xa sig starkare.<\/p>\n<p class=\"translation-block\">Oavsett om du anv\u00e4nder Twitter f\u00f6r ditt personliga varum\u00e4rke, f\u00f6retag, professionella projekt eller kreativa inneh\u00e5ll, \u00f6ppnar en stark gemenskap d\u00f6rren till mer engagemang, mer synlighet och fler m\u00f6jligheter. Om du \u00e4r tr\u00f6tt p\u00e5 att v\u00e4xa l\u00e5ngsamt eller inte f\u00e5 det erk\u00e4nnande som ditt inneh\u00e5ll f\u00f6rtj\u00e4nar, kan <strong>k\u00f6pa Twitter-f\u00f6ljare<\/strong> ge dig den boost du beh\u00f6ver.<\/p>\n<h2>Varf\u00f6r k\u00f6pa f\u00f6ljare p\u00e5 Twitter?<\/h2>\n<p class=\"translation-block\">F\u00f6r p\u00e5 den h\u00e4r plattformen \u00e4r uppfattningen allt. Ett konto med f\u00e5 f\u00f6ljare, \u00e4ven om det har intressant inneh\u00e5ll, kan g\u00e5 obem\u00e4rkt f\u00f6rbi. \u00c5 andra sidan, n\u00e4r ett konto har en solid bas av f\u00f6ljare, genererar det nyfikenhet och f\u00f6rtroende. Genom att <strong>k\u00f6pa Twitter-f\u00f6ljare<\/strong> projicerar du en stark bild redan fr\u00e5n b\u00f6rjan.<\/p>\n<p>Dessutom p\u00e5verkar antalet f\u00f6ljare hur andra interagerar med ditt konto. Fler f\u00f6ljare lockar till sig mer engagemang, fler retweets, fler omn\u00e4mnanden och ofta organiska f\u00f6ljare. Allt handlar om att skapa dragkraft och utnyttja ringar p\u00e5 vattnet.<\/p>\n<h3>F\u00f6rdelar med att k\u00f6pa Twitter-f\u00f6ljare<\/h3>\n<ul>\n<li>\ud83d\udcc8 \u00d6ka din profils auktoritet och trov\u00e4rdighet<\/li>\n<li>\ud83d\ude80 Ger en professionell och p\u00e5litlig bild<\/li>\n<li>\ud83c\udfaf F\u00f6rb\u00e4ttra din positionering inf\u00f6r nya anv\u00e4ndare<\/li>\n<li>\ud83d\udcac St\u00f6djer organisk interaktion och naturlig tillv\u00e4xt<\/li>\n<li>\ud83d\udd12 S\u00e4ker tj\u00e4nst, utan \u00e5tkomst till ditt konto<\/li>\n<\/ul>\n<p class=\"translation-block\"><strong>K\u00f6p Twitterf\u00f6ljare<\/strong> \u00e4r anv\u00e4ndbart f\u00f6r alla typer av konton: personliga, kommersiella, institutionella eller kreativa. Oavsett om du vill imponera p\u00e5 dina kunder, knyta n\u00e4rmare partnerskap eller helt enkelt f\u00e5 st\u00f6rre genomslag i den digitala konversationen kan den h\u00e4r tj\u00e4nsten hj\u00e4lpa dig att n\u00e5 dit snabbare.<\/p>\n<h2>\u00c4r det s\u00e4kert att k\u00f6pa Twitter-f\u00f6ljare?<\/h2>\n<p>Ja, helt s\u00e4kert. Vi ber aldrig om ditt l\u00f6senord eller n\u00e5gon annan privat information. Vi beh\u00f6ver bara ditt offentliga Twitter-anv\u00e4ndarnamn. V\u00e5rt system sk\u00f6ter en gradvis och naturlig leverans och undviker alla tecken p\u00e5 artificiellt beteende.<\/p>\n<p>Vi arbetar med str\u00f6mlinjeformade processer f\u00f6r att skydda ditt konto och f\u00f6rb\u00e4ttra din profil p\u00e5 ett effektivt och diskret s\u00e4tt. Tusentals anv\u00e4ndare har redan anv\u00e4nt den h\u00e4r tj\u00e4nsten med positiva resultat och utan komplikationer.<\/p>\n<h3>Vem kan dra nytta av denna tj\u00e4nst?<\/h3>\n<p>Den h\u00e4r tj\u00e4nsten \u00e4r utformad f\u00f6r alla personer eller projekt som vill sticka ut mer p\u00e5 Twitter. Fr\u00e5n entrepren\u00f6rer och frilansare till artister, varum\u00e4rken eller f\u00f6retag som vill positionera sig med st\u00f6rre auktoritet.<\/p>\n<ul>\n<li>\ud83d\udce2 Yrkesverksamma som anv\u00e4nder Twitter som kommunikationskanal<\/li>\n<li>\ud83c\udfa4 Konstn\u00e4rer och kreat\u00f6rer som marknadsf\u00f6r sina verk eller id\u00e9er<\/li>\n<li>\ud83d\udcc8 F\u00f6retag som vill skapa st\u00f6rre social p\u00e5verkan<\/li>\n<li>\ud83d\udcf2 Digitala entrepren\u00f6rer s\u00f6ker positionering<\/li>\n<li>\ud83d\udcac Nya konton som vill f\u00e5 en stark start<\/li>\n<\/ul>\n<p>Dessutom \u00e4r det viktigt att ha en solid bas av f\u00f6ljare om du vill ing\u00e5 samarbeten, genomf\u00f6ra marknadsf\u00f6ringskampanjer eller helt enkelt ge en b\u00e4ttre bild av dig sj\u00e4lv.<\/p>\n<p class=\"translation-block\">M\u00e5nga varum\u00e4rken och anv\u00e4ndare best\u00e4mmer sig f\u00f6r att f\u00f6lja eller kontakta dig baserat p\u00e5 din synliga sociala p\u00e5verkan. D\u00e4rf\u00f6r \u00e4r <strong>k\u00f6pa Twitter-f\u00f6ljare<\/strong> inte bara en fr\u00e5ga om siffror, utan en investering i ditt digitala rykte och de m\u00f6jligheter som kan uppst\u00e5 fr\u00e5n det.<\/p>\n<h2>Hur fungerar det?<\/h2>\n<p>Att k\u00f6pa Twitter-f\u00f6ljare \u00e4r mycket enkelt. Allt du beh\u00f6ver g\u00f6ra \u00e4r att v\u00e4lja det paket som b\u00e4st passar dina m\u00e5l, ange din @anv\u00e4ndare och g\u00f6ra din best\u00e4llning. Vi tar hand om leveransen, som sker p\u00e5 ett naturligt och s\u00e4kert s\u00e4tt.<\/p>\n<p class=\"translation-block\">F\u00f6r en mer komplett strategi kan du kombinera den h\u00e4r tj\u00e4nsten med <a href=\"https:\/\/doymedia.com\/sv\/kop-twitter-gillar\/\" target=\"_self\"><strong>k\u00f6p av Twitter-gillanden<\/strong><\/a> eller till och med med <a href=\"https:\/\/doymedia.com\/sv\/kopa-twitterroster\/\" target=\"_self\"><strong>k\u00f6p av r\u00f6ster i Twitter-omr\u00f6stningar<\/strong><\/a>, och d\u00e4rmed inte bara \u00f6ka dina f\u00f6ljare utan ocks\u00e5 din synlighet och ditt deltagande p\u00e5 plattformen.<\/p>\n<h2>Ut\u00f6ka ditt konto idag<\/h2>\n<p class=\"translation-block\">Om du vill positionera dig starkt, skapa genomslagskraft och ha ett konto som inger f\u00f6rtroende fr\u00e5n f\u00f6rsta \u00f6gonkastet \u00e4r <strong>k\u00f6pa Twitter-f\u00f6ljare<\/strong> det f\u00f6rsta steget. Ta spr\u00e5nget idag och b\u00f6rja bygga en solid gemenskap som hj\u00e4lper dig att uppn\u00e5 dina m\u00e5l.<\/p>\n<\/div><\/div><\/div><\/div><\/div><\/div><\/div><\/section>","protected":false},"excerpt":{"rendered":"P\u00e5 Twitter \u00e4r antalet f\u00f6ljare ett introduktionsbrev. Ett konto med m\u00e5nga f\u00f6ljare f\u00f6rmedlar auktoritet, f\u00f6rtroende och relevans inom din sektor. Det \u00e4r d\u00e4rf\u00f6r som det \u00e4r en smart strategi att k\u00f6pa Twitter-f\u00f6ljare f\u00f6r att sticka ut fr\u00e5n f\u00f6rsta anblicken, \u00f6ka din trov\u00e4rdighet och g\u00f6ra ditt konto starkare. Oavsett om du anv\u00e4nder...","protected":false},"featured_media":318,"comment_status":"open","ping_status":"closed","template":"","meta":{"_acf_changed":false},"product_brand":[],"product_cat":[19],"product_tag":[],"class_list":{"0":"post-827","1":"product","2":"type-product","3":"status-publish","4":"has-post-thumbnail","6":"product_cat-twitter","7":"wcpa_has_options","9":"first","10":"instock","11":"sale","12":"shipping-taxable","13":"purchasable","14":"product-type-variable","15":"has-default-attributes"},"acf":[],"wcpa_form_fields":{"wcpaData":{"product":{"product_price":4.99,"price_html":"","original_product_price":4.99,"price_including_tax":4.99,"price_excluding_tax":4.99,"product_id":{"parent":827,"variation":false},"is_variable":true,"stock_status":"instock","stock_quantity":null,"parent_sku":"","product_attributes":{"cantidad":{"is_variation":true,"values":[]}},"custom_fields":[],"is_taxable":false,"product_name":"Comprar Seguidores Twitter","hasImage":false},"fields":{"sec_667faa718b57fe":{"extra":{"key":"sec_667faa718b57fe","section_id":"sec_667faa718b57fe","name":"Por defecto","status":1,"toggle":true,"form_id":1068,"form_rules":{"exclude_from_discount":false,"fee_label":"Extras","disp_hide_options_price":false,"disp_show_section_price":false,"disp_show_field_price":false,"layout_option":"standard","pric_use_as_fee":false,"process_fee_as":"woo_fee"},"layout_option":"standard"},"fields":[[{"active":true,"col":5,"relations":false,"cl_rule":"show","enableCl":false,"price":"","enablePrice":false,"className":"","type":"text","subtype":"text","required":true,"elementId":"text_767faa718b581b","label":"Nombre de Usuario","name":"text_767faa718b581b","value":"","error":false,"placeholder":"Ejemplo: @mrbeast","enableDesign":false,"LabelSize":"16px","gt_translate_keys":["label","placeholder","value"],"price_dependency":false,"cl_dependency":false}],[{"active":true,"col":5,"relations":false,"cl_rule":"show","enableCl":false,"price":"","enablePrice":false,"className":"mensaje-informacion","label_position":"default","desc_position":"default","type":"content","required":false,"elementId":"content_0612173150","label":"","name":"content_0612173150","contentType":"plain","value":"La cuenta tiene que estar en modo p\u00fablico para que lleguen los seguidores.","error":false,"gt_translate_keys":["label","value"],"price_dependency":false,"cl_dependency":false}]]}},"config":{"price_override":"","enable_recaptcha":false,"bind_quantity":false,"quantity_bind_formula":false,"disp_summ_show_option_price":false,"disp_summ_show_product_price":false,"disp_summ_show_total_price":false,"disp_summ_show_fee":false,"disp_summ_show_discount":false,"summary_title":"","options_total_label":"Extras","total_label":"Total","options_product_label":"Produit","fee_label":"Extras","discount_label":"Descuento","has_price":true,"has_quantity_formula":false},"mc_unit":1,"tax_rate":1,"tax_rate_real":1,"discount":{"percentage":0,"fixed":0},"design":{"conf":{"LabelPosition":"above","DescPosition":"above","UploadField":"custom_1","QuantityFieldStyle":"default"},"css":{"LeftLabelWidth":"120px"}},"formulas":[],"clones":false,"cartKey":false}},"_links":{"self":[{"href":"https:\/\/doymedia.com\/sv\/wp-json\/wp\/v2\/product\/827","targetHints":{"allow":["GET"]}}],"collection":[{"href":"https:\/\/doymedia.com\/sv\/wp-json\/wp\/v2\/product"}],"about":[{"href":"https:\/\/doymedia.com\/sv\/wp-json\/wp\/v2\/types\/product"}],"replies":[{"embeddable":true,"href":"https:\/\/doymedia.com\/sv\/wp-json\/wp\/v2\/comments?post=827"}],"wp:featuredmedia":[{"embeddable":true,"href":"https:\/\/doymedia.com\/sv\/wp-json\/wp\/v2\/media\/318"}],"wp:attachment":[{"href":"https:\/\/doymedia.com\/sv\/wp-json\/wp\/v2\/media?parent=827"}],"wp:term":[{"taxonomy":"product_brand","embeddable":true,"href":"https:\/\/doymedia.com\/sv\/wp-json\/wp\/v2\/product_brand?post=827"},{"taxonomy":"product_cat","embeddable":true,"href":"https:\/\/doymedia.com\/sv\/wp-json\/wp\/v2\/product_cat?post=827"},{"taxonomy":"product_tag","embeddable":true,"href":"https:\/\/doymedia.com\/sv\/wp-json\/wp\/v2\/product_tag?post=827"}],"curies":[{"name":"wp","href":"https:\/\/api.w.org\/{rel}","templated":true}]}}