{"id":87,"date":"2025-03-27T01:32:40","date_gmt":"2025-03-27T00:32:40","guid":{"rendered":"https:\/\/v2.doymedia.com\/?post_type=product&#038;p=87"},"modified":"2025-07-16T21:42:55","modified_gmt":"2025-07-16T19:42:55","slug":"kopa-facebook-fans","status":"publish","type":"product","link":"https:\/\/doymedia.com\/sv\/comprar-fans-facebook\/","title":{"rendered":"K\u00f6p Facebook Fans"},"content":{"rendered":"<section class=\"l-section wpb_row height_medium\"><div class=\"l-section-h i-cf\"><div class=\"g-cols vc_row via_flex valign_top type_default stacking_default\"><div class=\"vc_col-sm-12 wpb_column vc_column_container\"><div class=\"vc_column-inner\"><div class=\"wpb_wrapper\"><div class=\"wpb_text_column\"><div class=\"wpb_wrapper\"><p class=\"translation-block\">Om du letar efter ett verkligt och effektivt s\u00e4tt att \u00f6ka din digitala n\u00e4rvaro kan <strong>k\u00f6pa Facebook-fans<\/strong> och <strong>k\u00f6pa Facebook-f\u00f6ljare<\/strong> g\u00f6ra hela skillnaden redan fr\u00e5n b\u00f6rjan. Oavsett om du hanterar en personlig sida, ett varum\u00e4rke, ett f\u00f6retag eller ett konstn\u00e4rligt projekt \u00e4r f\u00f6ljare en grundl\u00e4ggande del av din <a href=\"https:\/\/www.comprar-seguidores.info\/backlinks\/\" target=\"_blank\" rel=\"noopener\">positionering i sociala medier<\/a>.<\/p>\n<p class=\"translation-block\">Facebook \u00e4r fortfarande en av de mest inflytelserika plattformarna i v\u00e4rlden. Att ha en aktiv sida med en stark gemenskap \u00e4r nyckeln till att bygga f\u00f6rtroende, f\u00f6rb\u00e4ttra synligheten och locka till sig nya m\u00f6jligheter. Och om du precis har b\u00f6rjat eller vill p\u00e5skynda din tillv\u00e4xt kan du <strong>k\u00f6pa Facebook-f\u00f6ljare<\/strong> eller <strong>k\u00f6pa Facebook-fans<\/strong> med total s\u00e4kerhet, transparens och ingen risk f\u00f6r ditt konto.<\/p>\n<h2>Varf\u00f6r \u00e4r det en smart strategi att k\u00f6pa Facebook-f\u00f6ljare?<\/h2>\n<p class=\"translation-block\">Numera har antalet f\u00f6ljare p\u00e5 sociala medier en direkt inverkan p\u00e5 hur du uppfattas av andra. En sida med f\u00e5 fans kan verka inaktiv eller irrelevant, medan en sida med ett stort community f\u00f6rmedlar auktoritet, popularitet och professionalism. Genom att <strong>k\u00f6pa Facebook-fans <\/strong> g\u00f6r du ett starkt intryck fr\u00e5n f\u00f6rsta anblicken.<\/p>\n<p class=\"translation-block\">N\u00e4r du best\u00e4mmer dig f\u00f6r att <strong>k\u00f6pa Facebook-f\u00f6ljare <\/strong> \u00f6kar du ocks\u00e5 dina chanser att andra anv\u00e4ndare f\u00f6ljer dig organiskt. M\u00e4nniskor tenderar att f\u00f6lja sidor som redan har en viss niv\u00e5 av popularitet, och det skapar en positiv krusningseffekt f\u00f6r din tillv\u00e4xt. Det \u00e4r ett smart s\u00e4tt att sticka ut i en alltmer konkurrensutsatt milj\u00f6.<\/p>\n<h3>Vad kan du f\u00f6rv\u00e4nta dig n\u00e4r du k\u00f6per Facebook-fans?<\/h3>\n<ul>\n<li>\ud83d\ude80 <strong>Omedelbar tillv\u00e4xt:<\/strong>\u00a0best\u00e4llningarna aktiveras kort efter k\u00f6pet och levereras successivt f\u00f6r att bibeh\u00e5lla naturlighet och s\u00e4kerhet.<\/li>\n<li>\ud83d\udd10 <strong>Process 100% s\u00e4ker:<\/strong>\u00a0Vi ber aldrig om ditt l\u00f6senord eller k\u00e4nsliga uppgifter. Vi beh\u00f6ver bara l\u00e4nken till din webbplats f\u00f6r att behandla best\u00e4llningen.<\/li>\n<li>\ud83d\udcc8 <strong>Image- och ryktesf\u00f6rb\u00e4ttring:<\/strong>\u00a0En solid bas av f\u00f6ljare \u00f6kar trov\u00e4rdigheten f\u00f6r ditt varum\u00e4rke eller din personliga profil.<\/li>\n<li>\ud83d\udcac <strong>Dedikerad support:<\/strong>\u00a0om du har n\u00e5gra fr\u00e5gor eller beh\u00f6ver hj\u00e4lp, finns v\u00e5rt team tillg\u00e4ngligt f\u00f6r att hj\u00e4lpa dig n\u00e4r som helst.<\/li>\n<li>\ud83d\udca1 <strong>Total flexibilitet:<\/strong>\u00a0v\u00e4lj det antal fans eller f\u00f6ljare som b\u00e4st passar ditt m\u00e5l och din budget.<\/li>\n<\/ul>\n<h3>Vad utm\u00e4rker v\u00e5r tj\u00e4nst?<\/h3>\n<p class=\"translation-block\">P\u00e5 en marknad full av tomma l\u00f6ften fokuserar vi p\u00e5 transparens, efterlevnad och kundupplevelse. Genom att <strong>k\u00f6pa Facebook-f\u00f6ljare<\/strong> eller <strong>k\u00f6pa Facebook-fans<\/strong> med oss f\u00e5r du vad du lovas, utan dolda risker eller tvivelaktiga metoder.<\/p>\n<p>Alla best\u00e4llningar \u00f6vervakas av v\u00e5rt team och levereras med s\u00e4kra och testade metoder. Vi anv\u00e4nder inte botar eller system som kan p\u00e5verka ditt konto negativt. Dessutom erbjuder vi olika typer av paket som passar b\u00e5de nya och etablerade konton.<\/p>\n<h3>Vem kan dra nytta av att k\u00f6pa Facebook-fans?<\/h3>\n<p>Denna tj\u00e4nst \u00e4r avsedd f\u00f6r <strong>alla typer av profiler:<\/strong><\/p>\n<ul>\n<li>\ud83d\udce3 Lokala f\u00f6retag vill ha mer synlighet<\/li>\n<li>\ud83c\udfa4 Konstn\u00e4rer och musiker som vill marknadsf\u00f6ra sitt arbete<\/li>\n<li>\ud83d\udcf8 Inneh\u00e5llsskapare som vill p\u00e5skynda tillv\u00e4xten<\/li>\n<li>\ud83d\udcbc Professionella eller personliga varum\u00e4rken som vill vinna auktoritet<\/li>\n<li>\ud83d\udecd\ufe0f Onlinebutiker som vill st\u00e4rka sin sociala n\u00e4rvaro<\/li>\n<\/ul>\n<h3>B\u00f6rja utveckla din webbplats idag<\/h3>\n<p class=\"translation-block\">Tusentals anv\u00e4ndare har redan litat p\u00e5 oss f\u00f6r att <strong>k\u00f6pa Facebook-fans<\/strong> och <strong>k\u00f6pa Facebook-f\u00f6ljare.<\/strong> Om du vill ha synliga resultat, utan komplikationer, \u00e4r du p\u00e5 r\u00e4tt plats. V\u00e4lj ditt paket, best\u00e4ll i n\u00e5gra enkla steg och b\u00f6rja se din <a href=\"https:\/\/doymedia.com\/sv\/facebook\/\" target=\"_self\">Facebook<\/a>-community v\u00e4xa idag.<\/p>\n<p>Det spelar ingen roll om du precis har b\u00f6rjat eller om du redan har en solid grund. Att k\u00f6pa Facebook-f\u00f6ljare g\u00f6r att du kan g\u00e5 snabbare, g\u00e5 l\u00e4ngre och positionera dig d\u00e4r du verkligen vill vara.<\/p>\n<p>F\u00f6rlita dig p\u00e5 en s\u00e4ker plattform med verklig erfarenhet och support. V\u00e4lj ditt paket nu och \u00f6ka din Facebook-tillv\u00e4xt p\u00e5 ett enkelt, s\u00e4kert och effektivt s\u00e4tt.<\/p>\n<\/div><\/div><\/div><\/div><\/div><\/div><\/div><\/section>","protected":false},"excerpt":{"rendered":"Om du letar efter ett verkligt och effektivt s\u00e4tt att \u00f6ka din digitala n\u00e4rvaro kan k\u00f6p av Facebook-fans och k\u00f6p av Facebook-f\u00f6ljare g\u00f6ra hela skillnaden redan fr\u00e5n b\u00f6rjan. Oavsett om du hanterar en personlig sida, ett varum\u00e4rke, ett f\u00f6retag eller ett konstn\u00e4rligt projekt \u00e4r f\u00f6ljare en viktig del av din positionering p\u00e5 sociala medier....","protected":false},"featured_media":316,"comment_status":"open","ping_status":"closed","template":"","meta":{"_acf_changed":false},"product_brand":[],"product_cat":[20],"product_tag":[],"class_list":{"0":"post-87","1":"product","2":"type-product","3":"status-publish","4":"has-post-thumbnail","6":"product_cat-facebook","7":"wcpa_has_options","9":"first","10":"instock","11":"sale","12":"shipping-taxable","13":"purchasable","14":"product-type-variable","15":"has-default-attributes"},"acf":[],"wcpa_form_fields":{"wcpaData":{"product":{"product_price":3.99,"price_html":"","original_product_price":3.99,"price_including_tax":3.99,"price_excluding_tax":3.99,"product_id":{"parent":87,"variation":false},"is_variable":true,"stock_status":"instock","stock_quantity":null,"parent_sku":"259","product_attributes":{"cantidad":{"is_variation":true,"values":[]}},"custom_fields":[],"is_taxable":false,"product_name":"Comprar Fans Facebook","hasImage":false},"fields":{"sec_567faa539f234b":{"extra":{"key":"sec_567faa539f234b","section_id":"sec_567faa539f234b","name":"Por defecto","status":1,"toggle":true,"form_id":1064,"form_rules":{"exclude_from_discount":false,"fee_label":"Extras","disp_hide_options_price":false,"disp_show_section_price":false,"disp_show_field_price":false,"layout_option":"standard","pric_use_as_fee":false,"process_fee_as":"woo_fee"},"layout_option":"standard"},"fields":[[{"active":true,"col":5,"relations":false,"cl_rule":"show","enableCl":false,"price":"","enablePrice":false,"className":"","type":"text","subtype":"text","required":true,"elementId":"text_967faa539f2365","label":"Enlace a la Fanpage","name":"text_967faa539f2365","value":"","error":false,"placeholder":"Ejemplo: https:\/\/www.facebook.com\/mrbeast","enableDesign":false,"LabelSize":"16px","gt_translate_keys":["label","placeholder","value"],"price_dependency":false,"cl_dependency":false}]]}},"config":{"price_override":"","enable_recaptcha":false,"bind_quantity":false,"quantity_bind_formula":false,"disp_summ_show_option_price":false,"disp_summ_show_product_price":false,"disp_summ_show_total_price":false,"disp_summ_show_fee":false,"disp_summ_show_discount":false,"summary_title":"","options_total_label":"Extras","total_label":"Total","options_product_label":"Producto","fee_label":"Extras","discount_label":"Descuento","has_price":true,"has_quantity_formula":false},"mc_unit":1,"tax_rate":1,"tax_rate_real":1,"discount":{"percentage":0,"fixed":0},"design":{"conf":{"LabelPosition":"above","DescPosition":"above","UploadField":"custom_1","QuantityFieldStyle":"default"},"css":{"LeftLabelWidth":"120px"}},"formulas":[],"clones":false,"cartKey":false}},"_links":{"self":[{"href":"https:\/\/doymedia.com\/sv\/wp-json\/wp\/v2\/product\/87","targetHints":{"allow":["GET"]}}],"collection":[{"href":"https:\/\/doymedia.com\/sv\/wp-json\/wp\/v2\/product"}],"about":[{"href":"https:\/\/doymedia.com\/sv\/wp-json\/wp\/v2\/types\/product"}],"replies":[{"embeddable":true,"href":"https:\/\/doymedia.com\/sv\/wp-json\/wp\/v2\/comments?post=87"}],"wp:featuredmedia":[{"embeddable":true,"href":"https:\/\/doymedia.com\/sv\/wp-json\/wp\/v2\/media\/316"}],"wp:attachment":[{"href":"https:\/\/doymedia.com\/sv\/wp-json\/wp\/v2\/media?parent=87"}],"wp:term":[{"taxonomy":"product_brand","embeddable":true,"href":"https:\/\/doymedia.com\/sv\/wp-json\/wp\/v2\/product_brand?post=87"},{"taxonomy":"product_cat","embeddable":true,"href":"https:\/\/doymedia.com\/sv\/wp-json\/wp\/v2\/product_cat?post=87"},{"taxonomy":"product_tag","embeddable":true,"href":"https:\/\/doymedia.com\/sv\/wp-json\/wp\/v2\/product_tag?post=87"}],"curies":[{"name":"wp","href":"https:\/\/api.w.org\/{rel}","templated":true}]}}