{"id":88,"date":"2025-03-27T01:32:40","date_gmt":"2025-03-27T00:32:40","guid":{"rendered":"https:\/\/v2.doymedia.com\/?post_type=product&#038;p=88"},"modified":"2025-07-16T21:42:45","modified_gmt":"2025-07-16T19:42:45","slug":"kop-facebook-gillar","status":"publish","type":"product","link":"https:\/\/doymedia.com\/sv\/kop-facebook-gillar\/","title":{"rendered":"K\u00f6p Facebook-gillar"},"content":{"rendered":"<section class=\"l-section wpb_row height_medium\"><div class=\"l-section-h i-cf\"><div class=\"g-cols vc_row via_flex valign_top type_default stacking_default\"><div class=\"vc_col-sm-12 wpb_column vc_column_container\"><div class=\"vc_column-inner\"><div class=\"wpb_wrapper\"><div class=\"wpb_text_column\"><div class=\"wpb_wrapper\"><p class=\"translation-block\">I en milj\u00f6 d\u00e4r varje inl\u00e4gg konkurrerar om uppm\u00e4rksamhet \u00e4r det inte bara en fr\u00e5ga om tur att sticka ut p\u00e5 <a href=\"https:\/\/doymedia.com\/sv\/facebook\/\" target=\"_blank\" rel=\"noopener\">Facebook<\/a>. Om du har skapat v\u00e4rdefullt inneh\u00e5ll, men inte f\u00e5r det erk\u00e4nnande det f\u00f6rtj\u00e4nar, \u00e4r det dags att vidta \u00e5tg\u00e4rder. <strong>K\u00f6pa Facebook-gillar<\/strong> \u00e4r en effektiv, s\u00e4ker och snabb l\u00f6sning f\u00f6r att \u00f6ka synligheten f\u00f6r dina inl\u00e4gg och f\u00f6rst\u00e4rka bilden av din sida.<\/p>\n<p class=\"translation-block\">Gilla-markeringar \u00e4r ett viktigt nyckeltal i sociala medier. De f\u00f6rmedlar relevans, popularitet och skapar en positiv uppfattning som p\u00e5verkar hur andra ser p\u00e5 ditt inneh\u00e5ll. N\u00e4r ett inl\u00e4gg har m\u00e5nga gillamarkeringar blir det mer attraktivt, delas mer och f\u00e5r i m\u00e5nga fall organisk r\u00e4ckvidd tack vare plattformens algoritm. Det \u00e4r d\u00e4rf\u00f6r <strong>k\u00f6pa Facebook-gillar<\/strong> har blivit en effektiv strategi f\u00f6r att sticka ut utan komplikationer.<\/p>\n<h2>Varf\u00f6r v\u00e4lja att k\u00f6pa Facebook-gillar?<\/h2>\n<p class=\"translation-block\">Att v\u00e4lja att <strong>k\u00f6pa Facebook-gillar<\/strong> g\u00f6r att du kan p\u00e5skynda din tillv\u00e4xt utan att beh\u00f6va f\u00f6rlita dig uteslutande p\u00e5 betalda kampanjer eller v\u00e4nta veckor f\u00f6r att se resultat. Det \u00e4r ett s\u00e4tt att st\u00f6dja ditt inneh\u00e5ll och projicera en stark bild redan fr\u00e5n b\u00f6rjan.<\/p>\n<p class=\"translation-block\">Facebook v\u00e4rdes\u00e4tter interaktion. Ett inl\u00e4gg som f\u00e5r m\u00e5nga gillamarkeringar anses vara mer relevant, vilket \u00f6kar dess chanser att visas p\u00e5 fler v\u00e4ggar, n\u00e5 nya anv\u00e4ndare och f\u00f6rbli aktivt l\u00e4ngre. Om du vill att dina inl\u00e4gg ska f\u00e5 st\u00f6rre genomslagskraft \u00e4r <strong>k\u00f6pa Facebook-gillamarkeringar<\/strong> ett strategiskt verktyg som fungerar.<\/p>\n<h3>F\u00f6rdelar med att k\u00f6pa gilla-markeringar p\u00e5 Facebook<\/h3>\n<ul>\n<li>\ud83d\udcc8 \u00d6ka synligheten f\u00f6r dina publikationer<\/li>\n<li>\ud83d\udc4d F\u00f6rb\u00e4ttra allm\u00e4nhetens uppfattning om ditt inneh\u00e5ll och ditt varum\u00e4rke<\/li>\n<li>\ud83d\udd01 \u00d6kad sannolikhet f\u00f6r delning och viral spridning<\/li>\n<li>\ud83d\udcbc F\u00f6rst\u00e4rk din auktoritet om du s\u00e4ljer produkter eller tj\u00e4nster<\/li>\n<li>\ud83d\udd12 S\u00e4ker leverans, utan att riskera ditt konto<\/li>\n<\/ul>\n<p class=\"translation-block\">Genom att <strong>k\u00f6pa Facebook-gillar<\/strong> fr\u00e5n en professionell plattform kan du dessutom v\u00e4lja exakt det belopp du vill ha, anpassa det till din budget och kontrollera tillv\u00e4xttakten f\u00f6r dina inl\u00e4gg utan att vara beroende av externa faktorer.<\/p>\n<h3>\u00c4r det s\u00e4kert att k\u00f6pa likes p\u00e5 Facebook?<\/h3>\n<p>Ja, absolut. P\u00e5 v\u00e5r plattform ber vi aldrig om ditt l\u00f6senord eller tillg\u00e5ng till ditt konto. Du beh\u00f6ver bara dela l\u00e4nken till det inl\u00e4gg d\u00e4r du vill f\u00e5 likes. Alla v\u00e5ra metoder \u00e4r optimerade f\u00f6r att uppfylla s\u00e4kerhetsstandarder och levererar likes gradvis f\u00f6r att h\u00e5lla processen naturlig.<\/p>\n<p class=\"translation-block\">Vi fokuserar p\u00e5 kundupplevelse, skyddar ditt konto och garanterar resultat. <strong>K\u00f6pa Facebook-gillar<\/strong> g\u00f6rs diskret och p\u00e5litligt, utan att p\u00e5verka din profils rykte eller riskera ditt inneh\u00e5ll.<\/p>\n<h3>Vem kan dra nytta av denna tj\u00e4nst?<\/h3>\n<p class=\"translation-block\">Den h\u00e4r tj\u00e4nsten \u00e4r utformad f\u00f6r alla personer eller projekt som vill f\u00f6rb\u00e4ttra sin n\u00e4rvaro p\u00e5 Facebook. Du beh\u00f6ver inte ha tusentals f\u00f6ljare eller vara en offentlig person. Om du har ett meddelande att dela, en produkt att s\u00e4lja eller ett varum\u00e4rke att v\u00e4xa, kan <strong>k\u00f6pa Facebook-gillar<\/strong> hj\u00e4lpa dig att uppn\u00e5 dina m\u00e5l snabbare.<\/p>\n<ul>\n<li>\u2714\ufe0f Entrepren\u00f6rer och varum\u00e4rken som vill synas mer<\/li>\n<li>\u2714\ufe0f Konstn\u00e4rer, musiker och kreat\u00f6rer som vill p\u00e5verka<\/li>\n<li>\u2714\ufe0f Lokala f\u00f6retag som vill attrahera fler kunder<\/li>\n<li>\u2714\ufe0f Influencers som beh\u00f6ver f\u00f6rst\u00e4rka sin n\u00e4rvaro<\/li>\n<li>\u2714\ufe0f Alla som vill sticka ut i sin omgivning<\/li>\n<\/ul>\n<h3>Hur fungerar det?<\/h3>\n<p>Processen \u00e4r enkel. Allt du beh\u00f6ver g\u00f6ra \u00e4r att v\u00e4lja det antal gillamarkeringar du vill ha f\u00f6r din publikation och f\u00f6rse oss med l\u00e4nken. N\u00e4r betalningen \u00e4r klar aktiverar vi din best\u00e4llning och p\u00e5b\u00f6rjar leveransen successivt. Du kommer att kunna se resultaten p\u00e5 kort tid och utan n\u00e5gra ytterligare steg.<\/p>\n<p>Vi ser till att varje best\u00e4llning hanteras med omsorg om detaljerna, s\u00e5 att du f\u00e5r en tillfredsst\u00e4llande upplevelse fr\u00e5n allra f\u00f6rsta stund. Dessutom, om du har n\u00e5gra fr\u00e5gor, finns v\u00e5rt supportteam tillg\u00e4ngligt f\u00f6r att hj\u00e4lpa dig f\u00f6re, under och efter ditt k\u00f6p.<\/p>\n<h2>\u00d6ka din n\u00e4rvaro idag<\/h2>\n<p class=\"translation-block\">Tusentals m\u00e4nniskor anv\u00e4nder redan den h\u00e4r tj\u00e4nsten f\u00f6r att \u00f6ka sina inl\u00e4gg. Om du ocks\u00e5 vill att ditt inneh\u00e5ll ska ha den r\u00e4ckvidd det f\u00f6rtj\u00e4nar \u00e4r <strong>k\u00f6pa Facebook-gillar<\/strong> det mest effektiva s\u00e4ttet att uppn\u00e5 detta.<\/p>\n<p class=\"translation-block\">L\u00e5t inte dina publikationer g\u00e5 obem\u00e4rkta f\u00f6rbi. L\u00e5t dem f\u00e5 st\u00f6rre genomslagskraft, st\u00f6rre r\u00e4ckvidd och generera mer engagemang. B\u00f6rja idag med <strong>k\u00f6p Facebook-gillar<\/strong> och ta din profil till n\u00e4sta niv\u00e5.<\/p>\n<p class=\"translation-block\">Och om du vill bygga en stark gemenskap p\u00e5 din sida kan du ocks\u00e5 <strong><a href=\"https:\/\/doymedia.com\/sv\/butik\/kopa-facebook-fans\/\" target=\"_self\">k\u00f6pa Facebook-fans<\/a><\/strong> f\u00f6r att \u00f6ka antalet synliga f\u00f6ljare och f\u00f6rst\u00e4rka din n\u00e4rvaro p\u00e5 plattformen. Gillar och fans \u00e4r det perfekta komplementet f\u00f6r att v\u00e4xa starkt p\u00e5 Facebook.<\/p>\n<\/div><\/div><\/div><\/div><\/div><\/div><\/div><\/section>","protected":false},"excerpt":{"rendered":"I en milj\u00f6 d\u00e4r varje inl\u00e4gg konkurrerar om uppm\u00e4rksamheten \u00e4r det inte bara en fr\u00e5ga om tur att sticka ut p\u00e5 Facebook. Om du har skapat v\u00e4rdefullt inneh\u00e5ll, men du inte f\u00e5r det erk\u00e4nnande du f\u00f6rtj\u00e4nar, \u00e4r det dags att vidta \u00e5tg\u00e4rder. Att k\u00f6pa Facebook-gillar \u00e4r en effektiv, s\u00e4ker och snabb l\u00f6sning f\u00f6r att \u00f6ka synligheten f\u00f6r dina inl\u00e4gg och f\u00f6rst\u00e4rka din ...","protected":false},"featured_media":316,"comment_status":"open","ping_status":"closed","template":"","meta":{"_acf_changed":false},"product_brand":[],"product_cat":[20],"product_tag":[],"class_list":{"0":"post-88","1":"product","2":"type-product","3":"status-publish","4":"has-post-thumbnail","6":"product_cat-facebook","7":"wcpa_has_options","9":"first","10":"instock","11":"sale","12":"shipping-taxable","13":"purchasable","14":"product-type-variable","15":"has-default-attributes"},"acf":[],"wcpa_form_fields":{"wcpaData":{"product":{"product_price":2.99,"price_html":"","original_product_price":2.99,"price_including_tax":2.99,"price_excluding_tax":2.99,"product_id":{"parent":88,"variation":false},"is_variable":true,"stock_status":"instock","stock_quantity":null,"parent_sku":"","product_attributes":{"cantidad":{"is_variation":true,"values":[]}},"custom_fields":[],"is_taxable":false,"product_name":"Comprar Likes Facebook","hasImage":false},"fields":{"sec_467faa5a29e6c6":{"extra":{"key":"sec_467faa5a29e6c6","section_id":"sec_467faa5a29e6c6","name":"Por defecto","status":1,"toggle":true,"form_id":1065,"form_rules":{"exclude_from_discount":false,"fee_label":"Extr\u00e1k","disp_hide_options_price":false,"disp_show_section_price":false,"disp_show_field_price":false,"layout_option":"standard","pric_use_as_fee":false,"process_fee_as":"woo_fee"},"layout_option":"standard"},"fields":[[{"active":true,"col":5,"relations":false,"cl_rule":"show","enableCl":false,"price":"","enablePrice":false,"className":"","type":"text","subtype":"text","required":true,"elementId":"text_067faa5a29e6e5","label":"Enlace a la Publicaci\u00f3n de Facebook","name":"text_067faa5a29e6e5","value":"","error":false,"placeholder":"Ejemplo: https:\/\/www.facebook.com\/mrbeast\/posts\/pfbid02K3tHdPxVroUK9U3Go5TmGD4ePUADcpQMG2xbi4KWLibRcR1rVvjvMFPy78H5emGxl","enableDesign":false,"LabelSize":"16px","gt_translate_keys":["label","placeholder","value"],"price_dependency":false,"cl_dependency":false}]]}},"config":{"price_override":"","enable_recaptcha":false,"bind_quantity":false,"quantity_bind_formula":false,"disp_summ_show_option_price":false,"disp_summ_show_product_price":false,"disp_summ_show_total_price":false,"disp_summ_show_fee":false,"disp_summ_show_discount":false,"summary_title":"","options_total_label":"Extr\u00e1k","total_label":"\u00d6sszesen","options_product_label":"Producto","fee_label":"Extr\u00e1k","discount_label":"Descuento","has_price":true,"has_quantity_formula":false},"mc_unit":1,"tax_rate":1,"tax_rate_real":1,"discount":{"percentage":0,"fixed":0},"design":{"conf":{"LabelPosition":"above","DescPosition":"above","UploadField":"custom_1","QuantityFieldStyle":"default"},"css":{"LeftLabelWidth":"120px"}},"formulas":[],"clones":false,"cartKey":false}},"_links":{"self":[{"href":"https:\/\/doymedia.com\/sv\/wp-json\/wp\/v2\/product\/88","targetHints":{"allow":["GET"]}}],"collection":[{"href":"https:\/\/doymedia.com\/sv\/wp-json\/wp\/v2\/product"}],"about":[{"href":"https:\/\/doymedia.com\/sv\/wp-json\/wp\/v2\/types\/product"}],"replies":[{"embeddable":true,"href":"https:\/\/doymedia.com\/sv\/wp-json\/wp\/v2\/comments?post=88"}],"wp:featuredmedia":[{"embeddable":true,"href":"https:\/\/doymedia.com\/sv\/wp-json\/wp\/v2\/media\/316"}],"wp:attachment":[{"href":"https:\/\/doymedia.com\/sv\/wp-json\/wp\/v2\/media?parent=88"}],"wp:term":[{"taxonomy":"product_brand","embeddable":true,"href":"https:\/\/doymedia.com\/sv\/wp-json\/wp\/v2\/product_brand?post=88"},{"taxonomy":"product_cat","embeddable":true,"href":"https:\/\/doymedia.com\/sv\/wp-json\/wp\/v2\/product_cat?post=88"},{"taxonomy":"product_tag","embeddable":true,"href":"https:\/\/doymedia.com\/sv\/wp-json\/wp\/v2\/product_tag?post=88"}],"curies":[{"name":"wp","href":"https:\/\/api.w.org\/{rel}","templated":true}]}}