{"id":89,"date":"2025-03-27T01:32:40","date_gmt":"2025-03-27T00:32:40","guid":{"rendered":"https:\/\/v2.doymedia.com\/?post_type=product&#038;p=89"},"modified":"2025-07-16T21:42:35","modified_gmt":"2025-07-16T19:42:35","slug":"kopa-facebook-vyer","status":"publish","type":"product","link":"https:\/\/doymedia.com\/sv\/kopa-facebook-vyer\/","title":{"rendered":"K\u00f6p visningar Facebook"},"content":{"rendered":"<section class=\"l-section wpb_row height_medium\"><div class=\"l-section-h i-cf\"><div class=\"g-cols vc_row via_flex valign_top type_default stacking_default\"><div class=\"vc_col-sm-12 wpb_column vc_column_container\"><div class=\"vc_column-inner\"><div class=\"wpb_wrapper\"><div class=\"wpb_text_column\"><div class=\"wpb_wrapper\"><p class=\"translation-block\">Publicerar du inneh\u00e5ll p\u00e5 Facebook men f\u00e5r inte den r\u00e4ckvidd du hoppats p\u00e5? I en milj\u00f6 d\u00e4r varje sekund r\u00e4knas kan <strong>k\u00f6pa Facebook-visningar<\/strong> g\u00f6ra skillnaden mellan att g\u00e5 obem\u00e4rkt f\u00f6rbi eller att verkligen sticka ut. Att \u00f6ka antalet visningar av dina videor f\u00f6rb\u00e4ttrar inte bara din image, det \u00f6kar ocks\u00e5 din organiska r\u00e4ckvidd och positionerar dig framf\u00f6r nya anv\u00e4ndare.<\/p>\n<p class=\"translation-block\">Oavsett om du \u00e4r en inneh\u00e5llsskapare, personligt varum\u00e4rke, f\u00f6retag eller helt enkelt n\u00e5gon som vill ge mer synlighet till dina videor, kan du <strong>k\u00f6pa Facebook-vyer<\/strong> snabbt, s\u00e4kert och effektivt. Den h\u00e4r tj\u00e4nsten \u00e4r det perfekta verktyget f\u00f6r att \u00f6ka din digitala n\u00e4rvaro p\u00e5 en av de mest aktiva plattformarna i v\u00e4rlden.<\/p>\n<h2>Varf\u00f6r k\u00f6pa Facebook-visningar?<\/h2>\n<p class=\"translation-block\">Facebook prioriterar inneh\u00e5ll som skapar engagemang och beh\u00e5ller uppm\u00e4rksamheten. Genom att <strong>k\u00f6pa Facebook-visningar <\/strong>\u00f6kar du relevansen f\u00f6r dina videor i algoritmens \u00f6gon, vilket \u00f6kar dina chanser att visas p\u00e5 fler v\u00e4ggar, f\u00e5 synlighet och locka fler m\u00e4nniskor som \u00e4r intresserade av ditt inneh\u00e5ll.<\/p>\n<p>Dessutom fungerar visningar som en form av socialt bevis. N\u00e4r n\u00e5gon ser en video med m\u00e5nga visningar \u00e4r det mer troligt att de tittar p\u00e5 och delar den ocks\u00e5. Detta skapar en ringar p\u00e5 vattnet-effekt som \u00f6kar din profil utan att du beh\u00f6ver betala f\u00f6r dyra reklamkampanjer.<\/p>\n<h3>F\u00f6rdelar med att k\u00f6pa Facebook-vyer<\/h3>\n<ul>\n<li>\ud83d\udcc8 Snabb och verklig \u00f6kning av dina videovisningar<\/li>\n<li>\ud83d\ude80 F\u00f6rb\u00e4ttrad ranking i Facebook-algoritmen<\/li>\n<li>\ud83d\udcac \u00d6kad sannolikhet att attrahera nya f\u00f6ljare<\/li>\n<li>\ud83d\udcf9 F\u00f6rst\u00e4rka auktoriteten f\u00f6r ditt inneh\u00e5ll<\/li>\n<li>\ud83d\udd12 Progressiv och s\u00e4ker leverans, utan att kompromissa med ditt konto<\/li>\n<\/ul>\n<p class=\"translation-block\">Facebook <strong>view buying<\/strong> g\u00f6r att du kan fokusera p\u00e5 att skapa bra inneh\u00e5ll, medan vi hj\u00e4lper dig att f\u00e5 de visningar du beh\u00f6ver f\u00f6r att n\u00e5 l\u00e4ngre.<\/p>\n<h2>\u00c4r det s\u00e4kert att k\u00f6pa Facebook-visningar?<\/h2>\n<p class=\"translation-block\">Ja, alla best\u00e4llningar behandlas p\u00e5 ett s\u00e4kert och privat s\u00e4tt. Vi ber inte om l\u00f6senord eller tillg\u00e5ng till ditt konto. Allt du beh\u00f6ver g\u00f6ra \u00e4r att dela l\u00e4nken till den video du vill boosta, s\u00e5 sk\u00f6ter systemet resten. <strong>K\u00f6p av visningar p\u00e5 Facebook<\/strong> \u00e4r diskret, snabbt och helt i enlighet med din profils anv\u00e4ndningspolicy.<\/p>\n<p>Vi levererar bes\u00f6k successivt f\u00f6r att uppr\u00e4tth\u00e5lla naturlig tillv\u00e4xt, utan att v\u00e4cka misstankar eller \u00e4ventyra ditt konto. V\u00e5rt m\u00e5l \u00e4r att du ska kunna uppn\u00e5 resultat utan att beh\u00f6va oroa dig.<\/p>\n<h3>Vem kan dra nytta av det?<\/h3>\n<p class=\"translation-block\">Alla anv\u00e4ndare som l\u00e4gger upp videor p\u00e5 Facebook kan dra nytta av den h\u00e4r tj\u00e4nsten. Det spelar ingen roll om du \u00e4r en influencer, ett f\u00f6retag, en artist eller en anv\u00e4ndare som vill lyfta fram ett specifikt inl\u00e4gg. <strong>K\u00f6p Facebook-vyer<\/strong> hj\u00e4lper dig att f\u00e5 mer synlighet p\u00e5 kortare tid.<\/p>\n<ul>\n<li>\ud83c\udfa4 Inneh\u00e5llsskapare som vill att deras videor ska bli virala<\/li>\n<li>\ud83d\udcbc Varum\u00e4rken eller f\u00f6retag som marknadsf\u00f6r produkter eller tj\u00e4nster<\/li>\n<li>\ud83c\udfa5 Artister, musiker och entrepren\u00f6rer med aktiva kampanjer<\/li>\n<li>\ud83d\udce2 Personliga konton som vill \u00f6ka r\u00e4ckvidden f\u00f6r sina inl\u00e4gg<\/li>\n<\/ul>\n<h2>F\u00f6rb\u00e4ttra ditt inneh\u00e5ll idag<\/h2>\n<p class=\"translation-block\">L\u00e5t inte din video g\u00e5 obem\u00e4rkt f\u00f6rbi. Om du har arbetat med ett bra budskap, en kreativ kampanj eller bara vill sticka ut \u00e4r <strong>k\u00f6pa Facebook-visningar<\/strong> det f\u00f6rsta steget f\u00f6r att f\u00e5 fler att se den.<\/p>\n<p>Tusentals anv\u00e4ndare har redan testat effektiviteten hos denna tj\u00e4nst och har sett sina \u00e5sikter v\u00e4xa p\u00e5 n\u00e5gra timmar. Du kan g\u00f6ra samma sak. V\u00e4lj ditt paket, ange din videol\u00e4nk och l\u00e5t oss ta hand om resten.<\/p>\n<p class=\"translation-block\">Och om du ocks\u00e5 vill f\u00f6rst\u00e4rka ditt inneh\u00e5ll med mer interaktion kan du <strong><a href=\"https:\/\/doymedia.com\/sv\/butik\/kop-facebook-gillar\/\" target=\"_self\">k\u00f6pa Facebook-gillar<\/a><\/strong> f\u00f6r att \u00f6ka engagemanget f\u00f6r dina inl\u00e4gg eller <strong><a href=\"https:\/\/doymedia.com\/sv\/butik\/kopa-facebook-fans\/\" target=\"_self\">k\u00f6pa Facebook-fans<\/a><\/strong> f\u00f6r att v\u00e4xa ditt samh\u00e4lle och f\u00f6rb\u00e4ttra auktoriteten p\u00e5 din sida.<\/p>\n<p class=\"translation-block\">Det spelar ingen roll om du precis har b\u00f6rjat eller om du redan har ett aktivt community. <strong>Buy Facebook Plays<\/strong> ger dig den extra boost du beh\u00f6ver f\u00f6r att sticka ut i en plattform full av konkurrens. G\u00f6r det enkelt, g\u00f6r det med resultat.<\/p>\n<\/div><\/div><\/div><\/div><\/div><\/div><\/div><\/section>","protected":false},"excerpt":{"rendered":"Publicerar du inneh\u00e5ll p\u00e5 Facebook men f\u00e5r inte den r\u00e4ckvidd du hoppats p\u00e5? I en milj\u00f6 d\u00e4r varje sekund r\u00e4knas kan k\u00f6p av Facebook-visningar g\u00f6ra skillnaden mellan att g\u00e5 obem\u00e4rkt f\u00f6rbi eller att verkligen sticka ut. Att \u00f6ka dina videovisningar f\u00f6rb\u00e4ttrar inte bara din image, utan \u00f6kar ocks\u00e5 din organiska r\u00e4ckvidd och positionerar dig framf\u00f6r nya m\u00e5lgrupper....","protected":false},"featured_media":316,"comment_status":"open","ping_status":"closed","template":"","meta":{"_acf_changed":false},"product_brand":[],"product_cat":[20],"product_tag":[],"class_list":{"0":"post-89","1":"product","2":"type-product","3":"status-publish","4":"has-post-thumbnail","6":"product_cat-facebook","7":"wcpa_has_options","9":"first","10":"instock","11":"sale","12":"shipping-taxable","13":"purchasable","14":"product-type-variable","15":"has-default-attributes"},"acf":[],"wcpa_form_fields":{"wcpaData":{"product":{"product_price":2.99,"price_html":"","original_product_price":2.99,"price_including_tax":2.99,"price_excluding_tax":2.99,"product_id":{"parent":89,"variation":false},"is_variable":true,"stock_status":"instock","stock_quantity":null,"parent_sku":"","product_attributes":{"cantidad":{"is_variation":true,"values":[]}},"custom_fields":[],"is_taxable":false,"product_name":"Comprar Views Facebook","hasImage":false},"fields":{"sec_067faa5f71f0b4":{"extra":{"key":"sec_067faa5f71f0b4","section_id":"sec_067faa5f71f0b4","name":"Por defecto","status":1,"toggle":true,"form_id":1066,"form_rules":{"exclude_from_discount":false,"fee_label":"Dopl\u0148ky","disp_hide_options_price":false,"disp_show_section_price":false,"disp_show_field_price":false,"layout_option":"standard","pric_use_as_fee":false,"process_fee_as":"woo_fee"},"layout_option":"standard"},"fields":[[{"active":true,"col":5,"relations":false,"cl_rule":"show","enableCl":false,"price":"","enablePrice":false,"className":"","type":"text","subtype":"text","required":true,"elementId":"text_767faa5f71f0d0","label":"Enlace al v\u00eddeo de Facebook","name":"text_767faa5f71f0d0","value":"","error":false,"placeholder":"Ejemplo: https:\/\/www.facebook.com\/mrbeast\/videos\/1870671880420034","enableDesign":false,"LabelSize":"16px","gt_translate_keys":["label","placeholder","value"],"price_dependency":false,"cl_dependency":false}]]}},"config":{"price_override":"","enable_recaptcha":false,"bind_quantity":false,"quantity_bind_formula":false,"disp_summ_show_option_price":false,"disp_summ_show_product_price":false,"disp_summ_show_total_price":false,"disp_summ_show_fee":false,"disp_summ_show_discount":false,"summary_title":"","options_total_label":"Dopl\u0148ky","total_label":"Celkem","options_product_label":"Producto","fee_label":"Dopl\u0148ky","discount_label":"Descuento","has_price":true,"has_quantity_formula":false},"mc_unit":1,"tax_rate":1,"tax_rate_real":1,"discount":{"percentage":0,"fixed":0},"design":{"conf":{"LabelPosition":"above","DescPosition":"above","UploadField":"custom_1","QuantityFieldStyle":"default"},"css":{"LeftLabelWidth":"120px"}},"formulas":[],"clones":false,"cartKey":false}},"_links":{"self":[{"href":"https:\/\/doymedia.com\/sv\/wp-json\/wp\/v2\/product\/89","targetHints":{"allow":["GET"]}}],"collection":[{"href":"https:\/\/doymedia.com\/sv\/wp-json\/wp\/v2\/product"}],"about":[{"href":"https:\/\/doymedia.com\/sv\/wp-json\/wp\/v2\/types\/product"}],"replies":[{"embeddable":true,"href":"https:\/\/doymedia.com\/sv\/wp-json\/wp\/v2\/comments?post=89"}],"wp:featuredmedia":[{"embeddable":true,"href":"https:\/\/doymedia.com\/sv\/wp-json\/wp\/v2\/media\/316"}],"wp:attachment":[{"href":"https:\/\/doymedia.com\/sv\/wp-json\/wp\/v2\/media?parent=89"}],"wp:term":[{"taxonomy":"product_brand","embeddable":true,"href":"https:\/\/doymedia.com\/sv\/wp-json\/wp\/v2\/product_brand?post=89"},{"taxonomy":"product_cat","embeddable":true,"href":"https:\/\/doymedia.com\/sv\/wp-json\/wp\/v2\/product_cat?post=89"},{"taxonomy":"product_tag","embeddable":true,"href":"https:\/\/doymedia.com\/sv\/wp-json\/wp\/v2\/product_tag?post=89"}],"curies":[{"name":"wp","href":"https:\/\/api.w.org\/{rel}","templated":true}]}}