{"id":91,"date":"2025-03-27T01:32:40","date_gmt":"2025-03-27T00:32:40","guid":{"rendered":"https:\/\/v2.doymedia.com\/?post_type=product&#038;p=91"},"modified":"2025-07-28T20:32:09","modified_gmt":"2025-07-28T18:32:09","slug":"kopa-instagram-gillar","status":"publish","type":"product","link":"https:\/\/doymedia.com\/sv\/comprar-likes-instagram\/","title":{"rendered":"K\u00f6p Instagram-gillar"},"content":{"rendered":"<section class=\"l-section wpb_row height_medium\"><div class=\"l-section-h i-cf\"><div class=\"g-cols vc_row via_flex valign_top type_default stacking_default\"><div class=\"vc_col-sm-12 wpb_column vc_column_container\"><div class=\"vc_column-inner\"><div class=\"wpb_wrapper\"><div class=\"wpb_text_column\"><div class=\"wpb_wrapper\"><p class=\"translation-block\">P\u00e5 Instagram \u00e4r f\u00f6rsta intrycket allt. Du l\u00e4gger upp ett foto eller en video och inom n\u00e5gra sekunder bed\u00f6mer anv\u00e4ndarna redan om ditt inneh\u00e5ll \u00e4r v\u00e4rt det. Om det inte f\u00e5r n\u00e5gon interaktion kommer det sannolikt att g\u00e5 obem\u00e4rkt f\u00f6rbi. Det \u00e4r d\u00e4rf\u00f6r <strong>k\u00f6pa Instagram-gillar<\/strong> har blivit ett viktigt verktyg f\u00f6r dem som vill sticka ut, \u00f6ka sin r\u00e4ckvidd och projicera en stark bild fr\u00e5n f\u00f6rsta anblicken.<\/p>\n<p class=\"translation-block\">Gillar \u00e4r inte bara ett nummer. De representerar synlighet, f\u00f6rtroende och social validering. N\u00e4r ett inl\u00e4gg f\u00e5r m\u00e5nga <strong>likes <\/strong> tolkar Instagrams algoritm det som relevant inneh\u00e5ll och visar det f\u00f6r fler m\u00e4nniskor. Detta hj\u00e4lper dig att f\u00e5 organisk r\u00e4ckvidd, <a href=\"https:\/\/doymedia.com\/sv\/kopa-instagramfoljare\/\" target=\"_self\">attrahera nya f\u00f6ljare<\/a> och f\u00f6rb\u00e4ttra din positionering p\u00e5 plattformen.<\/p>\n<h2>Varf\u00f6r k\u00f6pa Instagram gillar?<\/h2>\n<p class=\"translation-block\">Instagram \u00e4r ett visuellt, konkurrenskraftigt och snabbr\u00f6rligt n\u00e4tverk. Inl\u00e4gg varar bara n\u00e5gra sekunder i en anv\u00e4ndares fl\u00f6de. Det \u00e4r d\u00e4rf\u00f6r det \u00e4r viktigt att f\u00e5nga uppm\u00e4rksamheten omedelbart. Genom att <strong>k\u00f6pa Instagram-gillar<\/strong> \u00f6kar du dina inl\u00e4gg f\u00f6r att n\u00e5 l\u00e4ngre och generera mer p\u00e5verkan.<\/p>\n<p>Oavsett om du \u00e4r ett varum\u00e4rke, ett lokalt f\u00f6retag, en v\u00e4xande influencer eller ett personligt konto som vill synas mer, <strong>k\u00f6pa Instagram gillar<\/strong> \u00e4r en strategi som kan hj\u00e4lpa dig att p\u00e5skynda din tillv\u00e4xt utan komplikationer.<\/p>\n<h3>F\u00f6rdelar med att k\u00f6pa likes p\u00e5 Instagram<\/h3>\n<ul>\n<li>\ud83d\udcc8 St\u00f6rre synlighet f\u00f6r dina publikationer<\/li>\n<li>\ud83d\ude80 Omedelbar boost f\u00f6r att f\u00f6rb\u00e4ttra din positionering<\/li>\n<li>\ud83d\udd01 \u00d6kad interaktion och organisk r\u00e4ckvidd<\/li>\n<li>\ud83d\udcac F\u00f6rb\u00e4ttra den allm\u00e4nna uppfattningen om din profil<\/li>\n<li>\ud83d\udd12 S\u00e4ker, diskret och kompromissl\u00f6s leverans till ditt konto<\/li>\n<\/ul>\n<p>Dessutom.., <strong>k\u00f6pa Instagram gillar<\/strong> hj\u00e4lper dig att sticka ut fr\u00e5n konkurrenterna. Anv\u00e4ndare tenderar att interagera mer med inneh\u00e5ll som redan har aktivitet. Detta genererar en dominoeffekt som multiplicerar interaktioner och lockar fler f\u00f6ljare p\u00e5 ett naturligt s\u00e4tt.<\/p>\n<h2>\u00c4r det s\u00e4kert att k\u00f6pa Instagram-gillar?<\/h2>\n<p>Ja, absolut. Vi ber inte om l\u00f6senord eller tillg\u00e5ng till ditt konto. Du beh\u00f6ver bara ange l\u00e4nken till det inl\u00e4gg du vill boosta. V\u00e5rt system tar hand om resten och s\u00e4kerst\u00e4ller en progressiv, naturlig och kompatibel leverans i enlighet med Instagrams anv\u00e4ndningspolicy.<\/p>\n<p>S\u00e4kerheten f\u00f6r ditt konto \u00e4r v\u00e5r prioritet. Alla v\u00e5ra processer \u00e4r utformade f\u00f6r att skydda din profil och se till att du f\u00e5r de resultat du f\u00f6rv\u00e4ntar dig, utan att riskera ditt rykte eller dina personuppgifter.<\/p>\n<h3>Vem kan dra nytta av denna tj\u00e4nst?<\/h3>\n<p class=\"translation-block\">Denna tj\u00e4nst \u00e4r utformad f\u00f6r alla anv\u00e4ndare som vill f\u00f6rb\u00e4ttra prestandan f\u00f6r sitt inneh\u00e5ll. Det spelar ingen roll om du precis har b\u00f6rjat eller om du redan har en gemenskap: <strong> k\u00f6p Instagram gillar<\/strong> kan hj\u00e4lpa dig att g\u00e5 vidare med st\u00f6rre styrka och konsistens.<\/p>\n<ul>\n<li>\ud83c\udfaf Influencers som vill ha mer engagemang<\/li>\n<li>\ud83d\udecd\ufe0f F\u00f6retag som marknadsf\u00f6r produkter eller tj\u00e4nster<\/li>\n<li>\ud83d\udcf8 Inneh\u00e5llsskapare letar efter viralitet<\/li>\n<li>\ud83d\udcc8 Personliga varum\u00e4rken som vill \u00f6ka sin auktoritet<\/li>\n<li>\ud83d\udce2 Nya konton som beh\u00f6ver en kick-start<\/li>\n<\/ul>\n<h2>V\u00e4lj varifr\u00e5n dina gillamarkeringar kommer<\/h2>\n<p class=\"translation-block\">En av de stora f\u00f6rdelarna med att <strong>k\u00f6pa Instagram-gillar<\/strong> hos oss \u00e4r att du kan anpassa ursprunget till de \"likes\" du f\u00e5r. Vi vet att segmentering \u00e4r nyckeln, det \u00e4r d\u00e4rf\u00f6r vi erbjuder m\u00f6jligheten att v\u00e4lja likes fr\u00e5n olika regioner beroende p\u00e5 din publik eller dina m\u00e5l.<\/p>\n<p>Du kan v\u00e4lja mellan:<\/p>\n<ul>\n<li>\ud83c\uddea\ud83c\uddfa k\u00f6pa v\u00e4rlds-\/Europeiska likes<\/li>\n<li>\ud83c\uddea\ud83c\uddf8 k\u00f6pa spanska likes<\/li>\n<li>\ud83c\uddee\ud83c\uddf9 k\u00f6p gillar italienare<\/li>\n<li>\ud83c\uddeb\ud83c\uddf7 k\u00f6p franska likes<\/li>\n<li>\ud83c\uddec\ud83c\udde7 k\u00f6p engelsktalande l\u00e4nder<\/li>\n<li>\ud83c\udde7\ud83c\uddf7 k\u00f6p brasilianska likes<\/li>\n<\/ul>\n<p class=\"translation-block\">Det h\u00e4r alternativet \u00e4r perfekt f\u00f6r att f\u00f6rb\u00e4ttra konsistensen i din statistik, \u00f6ka den lokala trov\u00e4rdigheten f\u00f6r dina inl\u00e4gg eller fokusera dina anstr\u00e4ngningar p\u00e5 en specifik marknad. Oavsett om du har ett f\u00f6retag i Spanien eller om du arbetar med ditt personliga varum\u00e4rke i Italien eller Brasilien, kan du <strong> k\u00f6pa Instagram-gillar<\/strong> helt skr\u00e4ddarsydd f\u00f6r din publik.<\/p>\n<h2>Hur fungerar processen?<\/h2>\n<p>Det \u00e4r verkligen enkelt. V\u00e4lj bara det antal likes du vill ha och f\u00f6rse oss med l\u00e4nken till inl\u00e4gget. N\u00e4r best\u00e4llningen har bekr\u00e4ftats aktiverar vi leveransen gradvis f\u00f6r att s\u00e4kerst\u00e4lla naturlig tillv\u00e4xt. Du kommer att se resultat p\u00e5 nolltid.<\/p>\n<p>Om du beh\u00f6ver hj\u00e4lp eller har n\u00e5gra fr\u00e5gor finns v\u00e5rt supportteam tillg\u00e4ngligt f\u00f6r att hj\u00e4lpa dig f\u00f6re, under och efter ditt k\u00f6p. Vi vill att du ska f\u00e5 en smidig och tillfredsst\u00e4llande upplevelse fr\u00e5n f\u00f6rsta klicket.<\/p>\n<h2>B\u00f6rja sticka ut p\u00e5 Instagram idag<\/h2>\n<p>Tusentals anv\u00e4ndare f\u00f6rlitar sig redan p\u00e5 den h\u00e4r tj\u00e4nsten f\u00f6r att f\u00f6rb\u00e4ttra sin n\u00e4rvaro p\u00e5 Instagram. Om du ocks\u00e5 vill att dina inl\u00e4gg ska ha st\u00f6rre inverkan, <strong>k\u00f6pa Instagram gillar<\/strong> \u00e4r din b\u00e4sta allierade.<\/p>\n<p>L\u00e5t inte ditt inneh\u00e5ll g\u00e5 f\u00f6rlorat i fl\u00f6det. \u00d6ka din profils synlighet, engagemang och igenk\u00e4nning nu. V\u00e4lj ditt paket, g\u00f6r din best\u00e4llning och b\u00f6rja se dina inl\u00e4gg sticka ut mer \u00e4n n\u00e5gonsin.<\/p>\n<\/div><\/div><\/div><\/div><\/div><\/div><\/div><\/section>","protected":false},"excerpt":{"rendered":"P\u00e5 Instagram \u00e4r f\u00f6rsta intrycket allt. Du l\u00e4gger upp ett foto eller en video och inom n\u00e5gra sekunder bed\u00f6mer anv\u00e4ndarna redan om ditt inneh\u00e5ll \u00e4r v\u00e4rt att l\u00e4gga upp. Om det inte f\u00e5r interaktion kommer det sannolikt att g\u00e5 obem\u00e4rkt f\u00f6rbi. Det \u00e4r d\u00e4rf\u00f6r som att k\u00f6pa Instagram-gillar har blivit ett viktigt verktyg f\u00f6r dem som vill sticka ut, \u00f6ka sitt engagemang, ...","protected":false},"featured_media":227,"comment_status":"open","ping_status":"closed","template":"","meta":{"_acf_changed":false},"product_brand":[],"product_cat":[17],"product_tag":[],"class_list":{"0":"post-91","1":"product","2":"type-product","3":"status-publish","4":"has-post-thumbnail","6":"product_cat-instagram","7":"wcpa_has_options","9":"first","10":"instock","11":"sale","12":"featured","13":"shipping-taxable","14":"purchasable","15":"product-type-variable","16":"has-default-attributes"},"acf":[],"wcpa_form_fields":{"wcpaData":{"product":{"product_price":1.99,"price_html":"","original_product_price":1.99,"price_including_tax":1.99,"price_excluding_tax":1.99,"product_id":{"parent":91,"variation":false},"is_variable":true,"stock_status":"instock","stock_quantity":null,"parent_sku":"","product_attributes":{"cantidad":{"is_variation":true,"values":[]}},"custom_fields":[],"is_taxable":false,"product_name":"Comprar Likes Instagram","hasImage":false},"fields":{"sec_367f6f7cee7714":{"extra":{"key":"sec_367f6f7cee7714","section_id":"sec_367f6f7cee7714","name":"Por defecto","status":1,"toggle":true,"form_id":817,"form_rules":{"exclude_from_discount":false,"fee_label":"Extr\u00e1k","disp_hide_options_price":false,"disp_show_section_price":false,"disp_show_field_price":false,"layout_option":"standard","pric_use_as_fee":false,"process_fee_as":"woo_fee"},"layout_option":"standard"},"fields":[[{"active":true,"col":5,"relations":false,"cl_rule":"show","enableCl":false,"price":"","enablePrice":true,"className":"","label_position":"default","desc_position":"default","type":"select","required":false,"elementId":"select_867f6f7cee773a","label":"Origen de los Likes","name":"select_867f6f7cee773a","values":[{"label":"\ud83c\uddea\ud83c\uddf8 Espa\u00f1a y Latam","value":"espa\u00f1a-latam","selected":false,"tempId":"aco_394","price":"50","gt_translate_keys":["label"]},{"label":"\ud83c\uddee\ud83c\uddf9 Italia","value":"italia","selected":false,"tempId":"aco_395","price":"50","gt_translate_keys":["label"]},{"label":"\ud83c\uddeb\ud83c\uddf7 Francia","value":"francia","selected":false,"tempId":"aco_396","price":"50","gt_translate_keys":["label"]},{"label":"\ud83c\uddfa\ud83c\uddf8 Habla Inglesa","value":"ingles","selected":false,"tempId":"aco_3069","price":"100","gt_translate_keys":["label"]},{"label":"\ud83c\udde7\ud83c\uddf7 Brasil","value":"brasil","selected":false,"tempId":"aco_1135","price":"50","gt_translate_keys":["label"]}],"dropdown_type":"basic","error":false,"placeholder":"\ud83c\udf0d Origen Europeo\/Mundial de Alta Calidad","priceOptions":"different_for_all","pricingType":"percentage","fee_label":"","option_price_format":"(+{price})","gt_translate_keys":["label","placeholder"],"price_dependency":false,"cl_dependency":false,"value":""}],[{"active":true,"col":5,"relations":false,"cl_rule":"show","enableCl":false,"price":"","enablePrice":false,"className":"","type":"text","subtype":"text","required":true,"elementId":"text_867f6f7cee7749","label":"Enlace de la Publicaci\u00f3n","name":"text_867f6f7cee7749","value":"","error":false,"placeholder":"Ejemplo: https:\/\/www.instagram.com\/p\/DGxqbv9oVTD\/","gt_translate_keys":["label","placeholder","value"],"price_dependency":false,"cl_dependency":false}],[{"active":true,"col":5,"relations":false,"cl_rule":"show","enableCl":false,"price":"","enablePrice":true,"className":"","label_position":"default","desc_position":"default","type":"select","required":false,"elementId":"select_767f6f7cee7756","label":"A\u00f1adir Views con Descuento","name":"select_767f6f7cee7756","values":[{"label":"100 Views","value":"100","selected":false,"tempId":"aco_910","price":"1,89","gt_translate_keys":["label"]},{"label":"500 Views","value":"500","selected":false,"tempId":"aco_911","price":"3,79","gt_translate_keys":["label"]},{"label":"1.000 Views","value":"1000","selected":false,"tempId":"aco_912","price":"4,69","gt_translate_keys":["label"]},{"label":"5.000 Views","value":"5000","selected":false,"tempId":"aco_1337","price":"17,99","gt_translate_keys":["label"]},{"label":"10.000 Views","value":"10000","selected":false,"tempId":"aco_1059","price":"26,99","gt_translate_keys":["label"]},{"label":"50.000 Views","value":"50000","selected":false,"tempId":"aco_5222","price":"99,99","gt_translate_keys":["label"]}],"dropdown_type":"basic","error":false,"placeholder":"Ninguno","priceOptions":"different_for_all","pricingType":"fixed","use_as_fee":false,"option_price_format":"","tooltip":"Los views se pondr\u00e1n a la misma publicaci\u00f3n si es un v\u00eddeo.","gt_translate_keys":["label","placeholder","tooltip"],"price_dependency":false,"cl_dependency":false,"value":""}],[{"label":"A\u00f1adir Seguidores con Descuento","active":true,"required":false,"elementId":"select-9377214537","dropdown_type":"basic","placeholder":"Ninguno","tooltip":"Los seguidores se pondr\u00e1n al mismo perfil de la publicaci\u00f3n.","name":"select-9377214537","label_position":"default","desc_position":"default","enablePrice":true,"className":"","enableCl":false,"relations":false,"option_price_format":"","values":[{"label":"100 Seguidores","value":"100","selected":false,"tempId":"aco_910","price":"2,45","gt_translate_keys":["label"]},{"label":"500 Seguidores","value":"500","selected":false,"tempId":"aco_911","price":"6,50","gt_translate_keys":["label"]},{"label":"1.000 Seguidores","value":"1000","selected":false,"tempId":"aco_912","price":"9,50","gt_translate_keys":["label"]},{"label":"5.000 Seguidores","value":"5000","selected":false,"tempId":"aco_1337","price":"39,50","gt_translate_keys":["label"]},{"label":"10.000 Seguidores","value":"10000","selected":false,"tempId":"aco_1059","price":"79,50","gt_translate_keys":["label"]}],"priceOptions":"different_for_all","pricingType":"fixed","price":"","use_as_fee":false,"cl_rule":"show","col":5,"type":"select","error":false,"gt_translate_keys":["label","placeholder","tooltip"],"price_dependency":false,"cl_dependency":false,"value":""}]]}},"config":{"price_override":"","enable_recaptcha":false,"bind_quantity":false,"quantity_bind_formula":false,"disp_summ_show_option_price":false,"disp_summ_show_product_price":false,"disp_summ_show_total_price":false,"disp_summ_show_fee":false,"disp_summ_show_discount":false,"summary_title":"","options_total_label":"Extr\u00e1k","total_label":"\u00d6sszesen","options_product_label":"Producto","fee_label":"Extr\u00e1k","discount_label":"Descuento","has_price":true,"has_quantity_formula":false},"mc_unit":1,"tax_rate":1,"tax_rate_real":1,"discount":{"percentage":0,"fixed":0},"design":{"conf":{"LabelPosition":"above","DescPosition":"above","UploadField":"custom_1","QuantityFieldStyle":"default"},"css":{"LeftLabelWidth":"120px"}},"formulas":[],"clones":false,"cartKey":false}},"_links":{"self":[{"href":"https:\/\/doymedia.com\/sv\/wp-json\/wp\/v2\/product\/91","targetHints":{"allow":["GET"]}}],"collection":[{"href":"https:\/\/doymedia.com\/sv\/wp-json\/wp\/v2\/product"}],"about":[{"href":"https:\/\/doymedia.com\/sv\/wp-json\/wp\/v2\/types\/product"}],"replies":[{"embeddable":true,"href":"https:\/\/doymedia.com\/sv\/wp-json\/wp\/v2\/comments?post=91"}],"wp:featuredmedia":[{"embeddable":true,"href":"https:\/\/doymedia.com\/sv\/wp-json\/wp\/v2\/media\/227"}],"wp:attachment":[{"href":"https:\/\/doymedia.com\/sv\/wp-json\/wp\/v2\/media?parent=91"}],"wp:term":[{"taxonomy":"product_brand","embeddable":true,"href":"https:\/\/doymedia.com\/sv\/wp-json\/wp\/v2\/product_brand?post=91"},{"taxonomy":"product_cat","embeddable":true,"href":"https:\/\/doymedia.com\/sv\/wp-json\/wp\/v2\/product_cat?post=91"},{"taxonomy":"product_tag","embeddable":true,"href":"https:\/\/doymedia.com\/sv\/wp-json\/wp\/v2\/product_tag?post=91"}],"curies":[{"name":"wp","href":"https:\/\/api.w.org\/{rel}","templated":true}]}}