{"id":92,"date":"2025-03-27T01:32:40","date_gmt":"2025-03-27T00:32:40","guid":{"rendered":"https:\/\/v2.doymedia.com\/?post_type=product&#038;p=92"},"modified":"2025-04-10T17:35:37","modified_gmt":"2025-04-10T15:35:37","slug":"kopa-twitterroster","status":"publish","type":"product","link":"https:\/\/doymedia.com\/sv\/comprar-votos-twitter\/","title":{"rendered":"K\u00f6p Twitter-r\u00f6ster"},"content":{"rendered":"<section class=\"l-section wpb_row height_medium\"><div class=\"l-section-h i-cf\"><div class=\"g-cols vc_row via_flex valign_top type_default stacking_default\"><div class=\"vc_col-sm-12 wpb_column vc_column_container\"><div class=\"vc_column-inner\"><div class=\"wpb_wrapper\"><div class=\"wpb_text_column\"><div class=\"wpb_wrapper\"><p class=\"translation-block\">Twitter-omr\u00f6stningar har blivit ett kraftfullt verktyg f\u00f6r att v\u00e4cka uppm\u00e4rksamhet, skapa engagemang och fatta synliga beslut f\u00f6r din community. Men om du inte f\u00e5r tillr\u00e4ckligt m\u00e5nga r\u00f6ster f\u00f6rlorar din omr\u00f6stning i genomslagskraft. Det \u00e4r d\u00e4rf\u00f6r <strong>k\u00f6pa Twitter-r\u00f6ster<\/strong> \u00e4r en snabb och s\u00e4ker l\u00f6sning f\u00f6r att sticka ut i omr\u00f6stningarna och projicera auktoritet p\u00e5 plattformen.<\/p>\n<p class=\"translation-block\">Oavsett om du anv\u00e4nder en omr\u00f6stning f\u00f6r marknadsf\u00f6ring, strategi, underh\u00e5llning eller helt enkelt f\u00f6r att p\u00e5verka ett offentligt beslut, kan \u00f6kade r\u00f6ster hj\u00e4lpa dig att kontrollera resultatet, skapa konversation och f\u00e5 fler m\u00e4nniskor involverade. Med v\u00e5r tj\u00e4nst kan du <strong>k\u00f6pa Twitter-r\u00f6ster<\/strong> enkelt och v\u00e4lja det alternativ du f\u00f6redrar s\u00e5 att dina resultat \u00e5terspeglar vad du beh\u00f6ver.<\/p>\n<h2>Varf\u00f6r k\u00f6pa Twitter-r\u00f6ster?<\/h2>\n<p class=\"translation-block\">Omr\u00f6stningar med m\u00e5nga r\u00f6ster drar till sig mer uppm\u00e4rksamhet. N\u00e4r anv\u00e4ndare ser en aktiv omr\u00f6stning, med hundratals eller tusentals deltagare, tenderar de att delta. Detta genererar en sn\u00f6bollseffekt som ger synlighet och trov\u00e4rdighet \u00e5t din publikation. Om du dessutom vill f\u00f6rst\u00e4rka ett specifikt resultat kan du genom att <strong>k\u00f6pa Twitter-r\u00f6ster<\/strong> f\u00e5 ett direkt och omedelbart inflytande.<\/p>\n<p>Den h\u00e4r tj\u00e4nsten \u00e4r perfekt f\u00f6r inneh\u00e5llsskapare, influencers, f\u00f6retag, personliga konton eller varum\u00e4rken som anv\u00e4nder omr\u00f6stningar som en del av sin strategi. Du kan anv\u00e4nda den f\u00f6r att f\u00f6rst\u00e4rka en id\u00e9, lansera en viral kampanj, skapa engagemang eller helt enkelt vinna en omr\u00f6stning.<\/p>\n<h3>F\u00f6rdelar med att k\u00f6pa r\u00f6ster p\u00e5 Twitter<\/h3>\n<ul>\n<li>\ud83d\udcca F\u00f6rst\u00e4rk ditt unders\u00f6kningsresultat<\/li>\n<li>\ud83d\udd25 \u00d6kar synlighet och deltagande<\/li>\n<li>\ud83d\ude80 F\u00f6rb\u00e4ttra den organiska r\u00e4ckvidden f\u00f6r din tweet<\/li>\n<li>\u2705 P\u00e5verkar allm\u00e4nhetens uppfattning<\/li>\n<li>\ud83d\udd12 S\u00e4ker leverans, utan att p\u00e5verka ditt konto<\/li>\n<\/ul>\n<p class=\"translation-block\">Att k\u00f6pa <strong>Twitter-r\u00f6ster<\/strong> \u00e4r anv\u00e4ndbart oavsett om du vill vinna en offentlig omr\u00f6stning eller f\u00f6rb\u00e4ttra resultatet f\u00f6r dina inl\u00e4gg. Ju fler r\u00f6ster din omr\u00f6stning f\u00e5r, desto mer relevant blir den f\u00f6r algoritmen och i din publiks \u00f6gon.<\/p>\n<h2>\u00c4r det s\u00e4kert att k\u00f6pa Twitter-r\u00f6ster?<\/h2>\n<p>Ja, absolut. Vi ber inte om l\u00f6senord eller tillg\u00e5ng till ditt konto. Vi beh\u00f6ver bara l\u00e4nken till din tweet med omr\u00f6stningen aktiv och det antal r\u00f6ster du vill ha f\u00f6r ditt valda alternativ. Processen \u00e4r snabb, diskret och s\u00e4ker. Vi levererar r\u00f6sterna p\u00e5 ett naturligt s\u00e4tt och inom den \u00f6verenskomna tidsramen.<\/p>\n<p>V\u00e5rt system \u00e4r optimerat f\u00f6r att skydda din integritet och leverera riskfria resultat. Vi vet hur viktigt det \u00e4r att h\u00e5lla ditt konto s\u00e4kert, och d\u00e4rf\u00f6r arbetar vi med bepr\u00f6vade metoder som uppfyller de h\u00f6gsta branschstandarderna.<\/p>\n<h3>Vem kan dra nytta av denna tj\u00e4nst?<\/h3>\n<p>Den h\u00e4r tj\u00e4nsten \u00e4r perfekt f\u00f6r alla typer av anv\u00e4ndare som vill f\u00e5 auktoritet eller kontroll \u00f6ver resultatet av en unders\u00f6kning. Du kan <strong>k\u00f6pa r\u00f6ster Twitter<\/strong> f\u00f6r personliga kampanjer, utlottningar, t\u00e4vlingar eller virala inl\u00e4gg. Du beh\u00f6ver inte ha tusentals f\u00f6ljare f\u00f6r att din unders\u00f6kning ska f\u00e5 genomslag.<\/p>\n<ul>\n<li>\ud83c\udfaf Influencers som vill \u00f6ka inneh\u00e5llet<\/li>\n<li>\ud83d\uddf3\ufe0f Konton som deltar i konkurrensutsatta unders\u00f6kningar<\/li>\n<li>\ud83d\udcc8 Varum\u00e4rken som st\u00e4ller strategiska fr\u00e5gor till sin publik<\/li>\n<li>\ud83d\udce2 Anv\u00e4ndare som vill rikta omr\u00f6stningen mot ett specifikt alternativ<\/li>\n<li>\ud83d\udcac Skapare som letar efter viralitet eller konversation<\/li>\n<\/ul>\n<h2>Hur fungerar ink\u00f6psprocessen?<\/h2>\n<p class=\"translation-block\"><strong>K\u00f6pa Twitter-r\u00f6ster<\/strong> hos oss \u00e4r mycket enkelt. Du beh\u00f6ver bara v\u00e4lja det antal r\u00f6ster du vill ha, kopiera direktl\u00e4nken till din tweet med den aktiva omr\u00f6stningen och v\u00e4lja det alternativ du vill marknadsf\u00f6ra. Vi tar hand om resten.<\/p>\n<p>N\u00e4r best\u00e4llningen har gjorts b\u00f6rjar vi leverera r\u00f6ster.<\/p>\n<p class=\"translation-block\"><strong>K\u00f6p Twitter-r\u00f6ster<\/strong> \u00e4r det mest direkta och effektiva s\u00e4ttet att g\u00f6ra skillnad i en omr\u00f6stning. Oavsett om du letar efter en liten knuff f\u00f6r att generera mer interaktion eller vill se till att ett alternativ vinner hela v\u00e4gen, \u00e4r den h\u00e4r tj\u00e4nsten gjord f\u00f6r dig.<\/p>\n<h2>B\u00f6rja tj\u00e4na pengar p\u00e5 dina unders\u00f6kningar idag<\/h2>\n<p>Om du f\u00f6rutom att vinna unders\u00f6kningar vill bygga upp en mer komplett och synlig profil rekommenderar vi dig att <a href=\"https:\/\/doymedia.com\/sv\/kop-twitterfoljare\/\"><strong>k\u00f6pa Twitter-f\u00f6ljare<\/strong><\/a> f\u00f6r att utveckla ditt samh\u00e4lle och <a href=\"https:\/\/doymedia.com\/sv\/kop-twitter-gillar\/\"><strong>k\u00f6pa Twitter-gillar<\/strong><\/a> f\u00f6r att f\u00f6rst\u00e4rka engagemanget f\u00f6r dina publikationer. Det h\u00e4r \u00e4r kompletterande tj\u00e4nster som hj\u00e4lper dig att skapa en starkare och mer professionell bild p\u00e5 plattformen.<br \/>\nTusentals anv\u00e4ndare har redan anv\u00e4nt den h\u00e4r tj\u00e4nsten f\u00f6r att f\u00e5 fler r\u00f6ster i sina omr\u00f6stningar och f\u00f6rb\u00e4ttra sin n\u00e4rvaro p\u00e5 Twitter. Om du ocks\u00e5 vill att din r\u00f6st ska sticka ut, <strong>k\u00f6pa r\u00f6ster Twitter<\/strong> \u00e4r det snabbaste och mest effektiva s\u00e4ttet att uppn\u00e5 detta.<\/p>\n<p>V\u00e4lj det antal r\u00f6ster du vill ha, ge oss l\u00e4nken till din omr\u00f6stning s\u00e5 tar vi hand om resten. Du kan b\u00f6rja med en liten \u00f6kning eller f\u00e5 ditt val att vinna med en bred marginal. Valet \u00e4r ditt.<\/p>\n<p class=\"translation-block\">L\u00e4mna inte resultatet \u00e5t slumpen. P\u00e5verka, markera och kontrollera dina omr\u00f6stningar med s\u00e4kerhet och garanterade resultat. <strong>K\u00f6p Twitter-r\u00f6ster<\/strong> ger dig kontrollen. G\u00f6r det enkelt, g\u00f6r det r\u00e4tt.<\/p>\n<\/div><\/div><\/div><\/div><\/div><\/div><\/div><\/section>","protected":false},"excerpt":{"rendered":"Twitter-omr\u00f6stningar har blivit ett kraftfullt verktyg f\u00f6r att v\u00e4cka uppm\u00e4rksamhet, skapa engagemang och fatta synliga beslut f\u00f6r din community. Men om du inte f\u00e5r tillr\u00e4ckligt m\u00e5nga r\u00f6ster f\u00f6rlorar din omr\u00f6stning i genomslagskraft. D\u00e4rf\u00f6r \u00e4r k\u00f6p av Twitter-r\u00f6ster en snabb och s\u00e4ker l\u00f6sning f\u00f6r att sticka ut i omr\u00f6stningarna och visa auktoritet p\u00e5 plattformen....","protected":false},"featured_media":318,"comment_status":"open","ping_status":"closed","template":"","meta":{"_acf_changed":false},"product_brand":[],"product_cat":[19],"product_tag":[],"class_list":{"0":"post-92","1":"product","2":"type-product","3":"status-publish","4":"has-post-thumbnail","6":"product_cat-twitter","7":"wcpa_has_options","9":"first","10":"instock","11":"shipping-taxable","12":"purchasable","13":"product-type-variable","14":"has-default-attributes"},"acf":[],"wcpa_form_fields":{"wcpaData":{"product":{"product_price":1.99,"price_html":"","original_product_price":1.99,"price_including_tax":1.99,"price_excluding_tax":1.99,"product_id":{"parent":92,"variation":false},"is_variable":true,"stock_status":"instock","stock_quantity":null,"parent_sku":"","product_attributes":{"cantidad":{"is_variation":true,"values":[]}},"custom_fields":[],"is_taxable":false,"product_name":"Comprar Votos Twitter","hasImage":false},"fields":{"sec_167faa7c614353":{"extra":{"key":"sec_167faa7c614353","section_id":"sec_167faa7c614353","name":"Por defecto","status":1,"toggle":true,"form_id":1071,"form_rules":{"exclude_from_discount":false,"fee_label":"Extras","disp_hide_options_price":false,"disp_show_section_price":false,"disp_show_field_price":false,"layout_option":"standard","pric_use_as_fee":false,"process_fee_as":"woo_fee"},"layout_option":"standard"},"fields":[[{"active":true,"col":5,"relations":false,"cl_rule":"show","enableCl":false,"price":"","enablePrice":false,"className":"","type":"text","subtype":"text","required":true,"elementId":"text_667faa7c61436c","label":"Enlace de la Publicaci\u00f3n de Twitter","name":"text_667faa7c61436c","value":"","error":false,"placeholder":"Ejemplo: https:\/\/x.com\/NASA\/status\/1911109060553847169","enableDesign":false,"LabelSize":"16px","gt_translate_keys":["label","placeholder","value"],"price_dependency":false,"cl_dependency":false}],[{"label":"Opci\u00f3n a Votar","active":true,"required":true,"elementId":"text-2562894642","value":"","placeholder":"Escribe la opci\u00f3n a votar, por ejemplo: OPCI\u00d3N 1 Barack Obama","name":"text-2562894642","enablePrice":false,"className":"","enableCl":false,"relations":false,"enableDesign":false,"LabelSize":"16px","subtype":"text","price":"","cl_rule":"show","col":5,"type":"text","error":false,"gt_translate_keys":["label","placeholder","value"],"price_dependency":false,"cl_dependency":false}]]}},"config":{"price_override":"","enable_recaptcha":false,"bind_quantity":false,"quantity_bind_formula":false,"disp_summ_show_option_price":false,"disp_summ_show_product_price":false,"disp_summ_show_total_price":false,"disp_summ_show_fee":false,"disp_summ_show_discount":false,"summary_title":"","options_total_label":"Extras","total_label":"Total","options_product_label":"Produs","fee_label":"Extras","discount_label":"Descuento","has_price":true,"has_quantity_formula":false},"mc_unit":1,"tax_rate":1,"tax_rate_real":1,"discount":{"percentage":0,"fixed":0},"design":{"conf":{"LabelPosition":"above","DescPosition":"above","UploadField":"custom_1","QuantityFieldStyle":"default"},"css":{"LeftLabelWidth":"120px"}},"formulas":[],"clones":false,"cartKey":false}},"_links":{"self":[{"href":"https:\/\/doymedia.com\/sv\/wp-json\/wp\/v2\/product\/92","targetHints":{"allow":["GET"]}}],"collection":[{"href":"https:\/\/doymedia.com\/sv\/wp-json\/wp\/v2\/product"}],"about":[{"href":"https:\/\/doymedia.com\/sv\/wp-json\/wp\/v2\/types\/product"}],"replies":[{"embeddable":true,"href":"https:\/\/doymedia.com\/sv\/wp-json\/wp\/v2\/comments?post=92"}],"wp:featuredmedia":[{"embeddable":true,"href":"https:\/\/doymedia.com\/sv\/wp-json\/wp\/v2\/media\/318"}],"wp:attachment":[{"href":"https:\/\/doymedia.com\/sv\/wp-json\/wp\/v2\/media?parent=92"}],"wp:term":[{"taxonomy":"product_brand","embeddable":true,"href":"https:\/\/doymedia.com\/sv\/wp-json\/wp\/v2\/product_brand?post=92"},{"taxonomy":"product_cat","embeddable":true,"href":"https:\/\/doymedia.com\/sv\/wp-json\/wp\/v2\/product_cat?post=92"},{"taxonomy":"product_tag","embeddable":true,"href":"https:\/\/doymedia.com\/sv\/wp-json\/wp\/v2\/product_tag?post=92"}],"curies":[{"name":"wp","href":"https:\/\/api.w.org\/{rel}","templated":true}]}}