{"id":922,"date":"2025-04-11T18:03:53","date_gmt":"2025-04-11T16:03:53","guid":{"rendered":"https:\/\/v2.doymedia.com\/?post_type=product&#038;p=922"},"modified":"2025-05-12T16:19:12","modified_gmt":"2025-05-12T14:19:12","slug":"kopa-twitter-retweets","status":"publish","type":"product","link":"https:\/\/doymedia.com\/sv\/comprar-retweets-twitter\/","title":{"rendered":"K\u00f6p Twitter Retweets"},"content":{"rendered":"<section class=\"l-section wpb_row height_medium\"><div class=\"l-section-h i-cf\"><div class=\"g-cols vc_row via_flex valign_top type_default stacking_default\"><div class=\"vc_col-sm-12 wpb_column vc_column_container\"><div class=\"vc_column-inner\"><div class=\"wpb_wrapper\"><div class=\"wpb_text_column\"><div class=\"wpb_wrapper\"><p class=\"translation-block\">P\u00e5 Twitter r\u00e4knas varje retweet. Det \u00e4r ett av de mest effektiva s\u00e4tten att f\u00f6rst\u00e4rka ditt budskap, f\u00e5 synlighet och n\u00e5 ut till nya m\u00e5lgrupper. Om ditt inneh\u00e5ll \u00e4r bra, men inte f\u00e5r den exponering det f\u00f6rtj\u00e4nar, kan <strong>k\u00f6pa Twitter-retweets<\/strong> hj\u00e4lpa dig att komma ur den digitala anonymiteten och positionera dig starkare i konversationen.<\/p>\n<p class=\"translation-block\">En retweet \u00e4r inte bara en social handling: det \u00e4r en offentlig rekommendation. Varje g\u00e5ng n\u00e5gon retweetar ditt inl\u00e4gg ser hela deras n\u00e4tverk det. Och n\u00e4r flera anv\u00e4ndare g\u00f6r det tolkar algoritmen det som relevant inneh\u00e5ll. Det \u00e4r d\u00e4rf\u00f6r <strong>att k\u00f6pa Twitter-retweets<\/strong> \u00e4r en anv\u00e4ndbar strategi f\u00f6r att viralisera budskap, f\u00f6rst\u00e4rka kampanjer och st\u00e4rka personliga, professionella eller varum\u00e4rkeskonton.<\/p>\n<h2>Varf\u00f6r k\u00f6pa retweets p\u00e5 Twitter?<\/h2>\n<p class=\"translation-block\">F\u00f6r p\u00e5 Twitter \u00e4r r\u00e4ckvidd nyckeln till framg\u00e5ng. Du kan ha inneh\u00e5ll av stort v\u00e4rde, men om det inte delas n\u00e5r det helt enkelt inte fram. <strong>K\u00f6pa Twitter-retweets<\/strong> hj\u00e4lper dig att f\u00e5 den f\u00f6rsta knuffen, skapa initial buzz och uppmuntra naturlig interaktion. En tweet som f\u00e5r retweets p\u00e5 kort tid tenderar att f\u00e5 dragkraft snabbt.<\/p>\n<p>Retweets genererar ocks\u00e5 social medvetenhet. N\u00e4r ett inl\u00e4gg f\u00e5r m\u00e5nga delningar v\u00e4cker det nyfikenhet, lockar bes\u00f6kare och f\u00f6rb\u00e4ttrar din ranking i interna s\u00f6kresultat. Den h\u00e4r typen av aktiviteter st\u00e4rker ocks\u00e5 din profil och \u00f6kar den auktoritet du visar upp p\u00e5 plattformen.<\/p>\n<h3>F\u00f6rdelar med att k\u00f6pa retweets p\u00e5 Twitter<\/h3>\n<ul>\n<li>\ud83d\udce2 \u00d6kad spridning och r\u00e4ckvidd f\u00f6r dina tweets<\/li>\n<li>\ud83d\ude80 Initial boost f\u00f6r att \u00f6ka din synlighet<\/li>\n<li>\ud83c\udfaf Attrahera nya f\u00f6ljare och potentiella kunder<\/li>\n<li>\ud83d\udcac Skapa samtal kring ditt inneh\u00e5ll<\/li>\n<li>\ud83d\udd12 S\u00e4ker leverans utan att kompromissa med ditt konto<\/li>\n<\/ul>\n<p class=\"translation-block\">Den h\u00e4r tj\u00e4nsten \u00e4r perfekt om du vill viralisera en kampanj, lyfta fram en \u00e5sikt, marknadsf\u00f6ra en produkt eller helt enkelt skapa mer positiv uppm\u00e4rksamhet kring ditt konto. Oavsett om du \u00e4r en influencer, entrepren\u00f6r, artist eller f\u00f6retag kan <strong>k\u00f6pa Twitter-retweets<\/strong> hj\u00e4lpa dig att n\u00e5 l\u00e4ngre med mindre anstr\u00e4ngning.<\/p>\n<h2>\u00c4r det s\u00e4kert att k\u00f6pa Twitter-retweets?<\/h2>\n<p>Ja, absolut. Vi beh\u00f6ver inte l\u00f6senord eller tillg\u00e5ng till ditt konto. Ber\u00e4tta bara f\u00f6r oss l\u00e4nken till den tweet du vill boosta. V\u00e5r leverans \u00e4r progressiv, naturlig och utformad f\u00f6r att anpassa sig till faktiska anv\u00e4ndningsm\u00f6nster, vilket skyddar din profils rykte och integritet.<\/p>\n<p class=\"translation-block\">Vi anv\u00e4nder optimerade system f\u00f6r att f\u00e5 ditt inneh\u00e5ll retweetat utan risk. Tusentals konton har f\u00f6rb\u00e4ttrat sin exponering med den h\u00e4r tj\u00e4nsten och har uppn\u00e5tt synliga resultat inom n\u00e5gra minuter eller timmar. <strong>K\u00f6p Twitter-retweets<\/strong> \u00e4r ett p\u00e5litligt och effektivt s\u00e4tt att sticka ut.<\/p>\n<h3>Vem ska anv\u00e4nda den h\u00e4r tj\u00e4nsten?<\/h3>\n<p>Alla Twitter-anv\u00e4ndare som vill f\u00f6rst\u00e4rka sitt budskap, ge synlighet \u00e5t en viktig tweet eller positionera sig med mer auktoritet. Det spelar ingen roll om ditt konto \u00e4r nytt eller redan etablerat: retweets r\u00e4knas alltid upp. Den h\u00e4r tj\u00e4nsten \u00e4r perfekt f\u00f6r:<\/p>\n<ul>\n<li>\ud83d\udcc8 Entrepren\u00f6rer som marknadsf\u00f6r produkter eller tj\u00e4nster<\/li>\n<li>\ud83c\udfa4 Konstn\u00e4rer och kreat\u00f6rer som sprider sitt inneh\u00e5ll<\/li>\n<li>\ud83d\udcf2 Influencers som s\u00f6ker engagemang och viralitet<\/li>\n<li>\ud83c\udfe2 Varum\u00e4rken som lanserar sociala kampanjer eller \u00e5tg\u00e4rder<\/li>\n<li>\ud83e\udde0 Professionella som delar med sig av id\u00e9er eller kunskap<\/li>\n<\/ul>\n<h2>Hur fungerar det?<\/h2>\n<p>Processen \u00e4r mycket enkel. V\u00e4lj bara antalet retweets du vill ha, f\u00f6rse oss med l\u00e4nken till tweeten och bekr\u00e4fta din best\u00e4llning. Vi tar hand om att leverera retweets p\u00e5 ett gradvis, naturligt och s\u00e4kert s\u00e4tt. Du fokuserar bara p\u00e5 att forts\u00e4tta skapa kvalitetsinneh\u00e5ll.<\/p>\n<p class=\"translation-block\">Och om du letar efter en mer komplett tillv\u00e4xt kan du kombinera den h\u00e4r tj\u00e4nsten med <a href=\"https:\/\/doymedia.com\/sv\/kop-twitter-gillar\/\" target=\"_self\"><strong>k\u00f6p av Twitter-gillar<\/strong><\/a> eller <a href=\"https:\/\/doymedia.com\/sv\/kop-twitterfoljare\/\" target=\"_self\"><strong>k\u00f6p av Twitter-f\u00f6ljare<\/strong><\/a>. P\u00e5 s\u00e5 s\u00e4tt f\u00f6rb\u00e4ttrar du b\u00e5de engagemanget och den synliga auktoriteten f\u00f6r ditt konto.<\/p>\n<h2>F\u00e5 din r\u00f6st att n\u00e5 l\u00e4ngre<\/h2>\n<p class=\"translation-block\">L\u00e5t inte dina inl\u00e4gg g\u00e5 f\u00f6rlorade i bruset p\u00e5 webben. <strong>K\u00f6p Twitter-retweets<\/strong> g\u00f6r att du kan f\u00f6rst\u00e4rka ditt budskap, f\u00e5 kontakt med fler m\u00e4nniskor och skapa verkliga samtal kring ditt inneh\u00e5ll. Ge dina id\u00e9er den r\u00e4ckvidd de f\u00f6rtj\u00e4nar. Kom ig\u00e5ng redan idag.<\/p>\n<\/div><\/div><\/div><\/div><\/div><\/div><\/div><\/section>","protected":false},"excerpt":{"rendered":"P\u00e5 Twitter r\u00e4knas varje retweet. Det \u00e4r ett av de mest effektiva s\u00e4tten att f\u00f6rst\u00e4rka ditt budskap, f\u00e5 synlighet och n\u00e5 nya m\u00e5lgrupper. Om ditt inneh\u00e5ll \u00e4r bra, men inte f\u00e5r den exponering det f\u00f6rtj\u00e4nar, kan k\u00f6p av Twitter-retweets hj\u00e4lpa dig att komma ur den digitala anonymiteten och positionera dig starkare i konversationen. A...","protected":false},"featured_media":318,"comment_status":"open","ping_status":"closed","template":"","meta":{"_acf_changed":false},"product_brand":[],"product_cat":[19],"product_tag":[],"class_list":{"0":"post-922","1":"product","2":"type-product","3":"status-publish","4":"has-post-thumbnail","6":"product_cat-twitter","7":"wcpa_has_options","9":"first","10":"instock","11":"sale","12":"shipping-taxable","13":"purchasable","14":"product-type-variable","15":"has-default-attributes"},"acf":[],"wcpa_form_fields":{"wcpaData":{"product":{"product_price":3.99,"price_html":"","original_product_price":3.99,"price_including_tax":3.99,"price_excluding_tax":3.99,"product_id":{"parent":922,"variation":false},"is_variable":true,"stock_status":"instock","stock_quantity":null,"parent_sku":"","product_attributes":{"cantidad":{"is_variation":true,"values":[]}},"custom_fields":[],"is_taxable":false,"product_name":"Comprar Retweets Twitter","hasImage":false},"fields":{"sec_767faa7afa4149":{"extra":{"key":"sec_767faa7afa4149","section_id":"sec_767faa7afa4149","name":"Por defecto","status":1,"toggle":true,"form_id":1070,"form_rules":{"exclude_from_discount":false,"fee_label":"Extras","disp_hide_options_price":false,"disp_show_section_price":false,"disp_show_field_price":false,"layout_option":"standard","pric_use_as_fee":false,"process_fee_as":"woo_fee"},"layout_option":"standard"},"fields":[[{"active":true,"col":5,"relations":false,"cl_rule":"show","enableCl":false,"price":"","enablePrice":false,"className":"","type":"text","subtype":"text","required":true,"elementId":"text_367faa7afa4162","label":"Enlace de la Publicaci\u00f3n de Twitter","name":"text_367faa7afa4162","value":"","error":false,"placeholder":"Ejemplo: https:\/\/x.com\/NASA\/status\/1911109060553847169","enableDesign":false,"LabelSize":"16px","gt_translate_keys":["label","placeholder","value"],"price_dependency":false,"cl_dependency":false}]]}},"config":{"price_override":"","enable_recaptcha":false,"bind_quantity":false,"quantity_bind_formula":false,"disp_summ_show_option_price":false,"disp_summ_show_product_price":false,"disp_summ_show_total_price":false,"disp_summ_show_fee":false,"disp_summ_show_discount":false,"summary_title":"","options_total_label":"Extras","total_label":"Gesamt","options_product_label":"Producto","fee_label":"Extras","discount_label":"Descuento","has_price":true,"has_quantity_formula":false},"mc_unit":1,"tax_rate":1,"tax_rate_real":1,"discount":{"percentage":0,"fixed":0},"design":{"conf":{"LabelPosition":"above","DescPosition":"above","UploadField":"custom_1","QuantityFieldStyle":"default"},"css":{"LeftLabelWidth":"120px"}},"formulas":[],"clones":false,"cartKey":false}},"_links":{"self":[{"href":"https:\/\/doymedia.com\/sv\/wp-json\/wp\/v2\/product\/922","targetHints":{"allow":["GET"]}}],"collection":[{"href":"https:\/\/doymedia.com\/sv\/wp-json\/wp\/v2\/product"}],"about":[{"href":"https:\/\/doymedia.com\/sv\/wp-json\/wp\/v2\/types\/product"}],"replies":[{"embeddable":true,"href":"https:\/\/doymedia.com\/sv\/wp-json\/wp\/v2\/comments?post=922"}],"wp:featuredmedia":[{"embeddable":true,"href":"https:\/\/doymedia.com\/sv\/wp-json\/wp\/v2\/media\/318"}],"wp:attachment":[{"href":"https:\/\/doymedia.com\/sv\/wp-json\/wp\/v2\/media?parent=922"}],"wp:term":[{"taxonomy":"product_brand","embeddable":true,"href":"https:\/\/doymedia.com\/sv\/wp-json\/wp\/v2\/product_brand?post=922"},{"taxonomy":"product_cat","embeddable":true,"href":"https:\/\/doymedia.com\/sv\/wp-json\/wp\/v2\/product_cat?post=922"},{"taxonomy":"product_tag","embeddable":true,"href":"https:\/\/doymedia.com\/sv\/wp-json\/wp\/v2\/product_tag?post=922"}],"curies":[{"name":"wp","href":"https:\/\/api.w.org\/{rel}","templated":true}]}}