{"id":94,"date":"2025-03-27T01:32:40","date_gmt":"2025-03-27T00:32:40","guid":{"rendered":"https:\/\/v2.doymedia.com\/?post_type=product&#038;p=94"},"modified":"2025-05-12T16:25:55","modified_gmt":"2025-05-12T14:25:55","slug":"kopa-youtube-gillar","status":"publish","type":"product","link":"https:\/\/doymedia.com\/sv\/comprar-likes-youtube\/","title":{"rendered":"K\u00f6pa Youtube-gillar"},"content":{"rendered":"<section class=\"l-section wpb_row height_medium\"><div class=\"l-section-h i-cf\"><div class=\"g-cols vc_row via_flex valign_top type_default stacking_default\"><div class=\"vc_col-sm-12 wpb_column vc_column_container\"><div class=\"vc_column-inner\"><div class=\"wpb_wrapper\"><div class=\"wpb_text_column\"><div class=\"wpb_wrapper\"><p><strong>L\u00e4gger du upp videor p\u00e5 YouTube utan att f\u00e5 den interaktion du hoppades p\u00e5? <\/strong><\/p>\n<p>Bra inneh\u00e5ll beh\u00f6ver synlighet, men ocks\u00e5 sociala signaler som backar upp det.<\/p>\n<p class=\"translation-block\">N\u00e4r n\u00e5gon ser en video med m\u00e5nga \"likes\" uppfattar de den som relevant, v\u00e4rdefull och p\u00e5litlig. Det \u00e4r d\u00e4rf\u00f6r <strong> att k\u00f6pa YouTube-gillar<\/strong> kan vara nyckeln till att sticka ut, locka fler tittare och f\u00f6rb\u00e4ttra din n\u00e4rvaro p\u00e5 plattformen.<\/p>\n<p>YouTubes algoritm tar ocks\u00e5 h\u00e4nsyn till antalet gillanden f\u00f6r att avg\u00f6ra vilka videor som ska visas i rekommendationer, s\u00f6k eller utvalda avsnitt.<\/p>\n<p class=\"translation-block\">Om du vill \u00f6ka dina chanser att viralisera ditt inneh\u00e5ll \u00e4r <strong> att k\u00f6pa YouTube-gillar<\/strong> en smart, s\u00e4ker och effektiv strategi.<\/p>\n<h2>Varf\u00f6r k\u00f6pa likes p\u00e5 YouTube?<\/h2>\n<p class=\"translation-block\">Gilla-markeringar \u00e4r inte bara till f\u00f6r att tillfredsst\u00e4lla egot. De \u00e4r en av de viktigaste indikatorerna p\u00e5 den kvalitet som uppfattas av publiken. Ju fler gillar en video har, desto h\u00f6gre \u00e4r dess trov\u00e4rdighet, dess visuella \u00f6verklagande och dess chanser att locka nya tittare. Genom att <strong> k\u00f6pa YouTube-gillar<\/strong> skickar du en tydlig signal till algoritmen och anv\u00e4ndaren: det h\u00e4r inneh\u00e5llet \u00e4r v\u00e4rt det.<\/p>\n<p class=\"translation-block\">Dessutom \u00e4r \"dominoeffekten\" verklig. En video med m\u00e5nga likes tenderar att f\u00e5 fler kommentarer, fler delningar och, viktigast av allt, fler organiska visningar. Det \u00e4r ett effektivt s\u00e4tt att komplettera andra strategier som <a href=\"https:\/\/doymedia.com\/sv\/kopa-youtube-visningar\/\" target=\"_self\"><strong>k\u00f6pa YouTube-visningar<\/strong><\/a> eller <a href=\"https:\/\/doymedia.com\/sv\/kopa-youtube-prenumeranter\/\" target=\"_self\"><strong>k\u00f6pa YouTube-prenumeranter,<\/strong><\/a> f\u00f6r att bygga en solid och konsekvent n\u00e4rvaro p\u00e5 plattformen.<\/p>\n<h3>F\u00f6rdelar med att k\u00f6pa YouTube-gillar<\/h3>\n<ul>\n<li>\ud83d\udcc8 F\u00f6rb\u00e4ttra den offentliga bilden av dina videor<\/li>\n<li>\ud83d\ude80 \u00d6kar sannolikheten f\u00f6r att synas i rekommendationer<\/li>\n<li>\ud83d\udc4d Ger trov\u00e4rdighet och f\u00f6rtroende till nya tittare<\/li>\n<li>\ud83d\udd01 \u00d6ka engagemanget f\u00f6r din kanal<\/li>\n<li>\ud83d\udd12 S\u00e4ker leverans, utan att riskera ditt konto<\/li>\n<\/ul>\n<p class=\"translation-block\">Oavsett om du har en ny kanal, lanserar en st\u00f6rre video eller vill f\u00f6rst\u00e4rka ditt varum\u00e4rkes inneh\u00e5ll, \u00e4r <strong> att k\u00f6pa YouTube-gillar<\/strong> ett strategiskt beslut som kan hj\u00e4lpa dig att sticka ut i en alltmer konkurrensutsatt milj\u00f6.<\/p>\n<h2>\u00c4r det s\u00e4kert att k\u00f6pa likes p\u00e5 YouTube?<\/h2>\n<p>Ja, absolut. P\u00e5 v\u00e5r plattform kommer vi aldrig att be dig om l\u00f6senord eller tillg\u00e5ng till din kanal. Du beh\u00f6ver bara ange l\u00e4nken till videon d\u00e4r du vill f\u00e5 likes. Processen \u00e4r diskret, progressiv och utformad f\u00f6r att h\u00e5lla tillv\u00e4xten naturlig.<\/p>\n<p class=\"translation-block\">V\u00e5rt system fungerar med total sekretess och anv\u00e4nder bepr\u00f6vade metoder s\u00e5 att din kanal inte \u00e4r i fara. Vi vet hur viktigt det \u00e4r att ta hand om ditt digitala rykte, det \u00e4r d\u00e4rf\u00f6r <strong> k\u00f6pa gillar YouTube<\/strong> med oss \u00e4r synonymt med f\u00f6rtroende och s\u00e4kerhet.<\/p>\n<h3>Vem kan dra nytta av denna tj\u00e4nst?<\/h3>\n<p class=\"translation-block\">Alla som publicerar videor p\u00e5 YouTube kan dra nytta av detta. Den h\u00e4r tj\u00e4nsten \u00e4r utformad f\u00f6r skapare, varum\u00e4rken, influencers, f\u00f6retag eller nya kanaler som vill \u00f6ka interaktionen p\u00e5 deras inneh\u00e5ll. <strong>K\u00f6p YouTube-gillar<\/strong> \u00e4r anv\u00e4ndbart f\u00f6r att b\u00e5de marknadsf\u00f6ra och konsolidera din n\u00e4rvaro.<\/p>\n<ul>\n<li>\ud83c\udfa5 Skapare som vill ha mer engagemang f\u00f6r sina videor<\/li>\n<li>\ud83d\udcc8 Nya kanaler med behov av initial dragkraft<\/li>\n<li>\ud83d\udcbc F\u00f6retag som st\u00e4rker kampanjer eller lanseringar<\/li>\n<li>\ud83c\udf99\ufe0f Konstn\u00e4rer och musiker som s\u00f6ker social bekr\u00e4ftelse<\/li>\n<li>\ud83e\udde0 Utbildare eller experter som vill vinna auktoritet<\/li>\n<\/ul>\n<h2>Hur fungerar processen?<\/h2>\n<p>Att k\u00f6pa likes YouTube \u00e4r snabbt och enkelt. Allt du beh\u00f6ver g\u00f6ra \u00e4r att v\u00e4lja det paket som passar dina behov, f\u00f6rse oss med videol\u00e4nken och g\u00f6ra betalningen. N\u00e4r vi har bekr\u00e4ftat det b\u00f6rjar vi leverera likes gradvis och s\u00e4kert.<\/p>\n<p>Om du beh\u00f6ver hj\u00e4lp med n\u00e5gon del av processen finns v\u00e5rt supportteam tillg\u00e4ngligt f\u00f6r att svara p\u00e5 dina fr\u00e5gor och s\u00e4kerst\u00e4lla en tillfredsst\u00e4llande upplevelse fr\u00e5n f\u00f6rsta b\u00f6rjan.<\/p>\n<h2>Utveckla din kanal idag<\/h2>\n<p class=\"translation-block\">Tusentals anv\u00e4ndare har redan anv\u00e4nt den h\u00e4r tj\u00e4nsten f\u00f6r att \u00f6ka sina videor och f\u00f6rb\u00e4ttra deras ranking p\u00e5 YouTube. Du kan g\u00f6ra det ocks\u00e5. <strong> K\u00f6p YouTube-gillar<\/strong> \u00e4r ett snabbt, s\u00e4kert och effektivt s\u00e4tt att \u00f6ka din inverkan utan komplikationer.<\/p>\n<p>L\u00e5t inte dina videor g\u00e5 obem\u00e4rkta f\u00f6rbi. L\u00e4gg till v\u00e4rde, auktoritet och synlighet med ett enkelt steg. V\u00e4lj ditt paket och b\u00f6rja se resultat redan idag.<\/p>\n<\/div><\/div><\/div><\/div><\/div><\/div><\/div><\/section>","protected":false},"excerpt":{"rendered":"L\u00e4gger du upp videor p\u00e5 YouTube utan att f\u00e5 den interaktion du hoppats p\u00e5? Bra inneh\u00e5ll beh\u00f6ver synas, men det beh\u00f6ver ocks\u00e5 sociala signaler f\u00f6r att backa upp det. N\u00e4r n\u00e5gon ser en video med m\u00e5nga \"likes\" uppfattar de den som relevant, v\u00e4rdefull och p\u00e5litlig. Det \u00e4r d\u00e4rf\u00f6r som att k\u00f6pa YouTube-gillar kan vara nyckeln till att sticka ut, locka fler tittare och ...","protected":false},"featured_media":243,"comment_status":"open","ping_status":"closed","template":"","meta":{"_acf_changed":false},"product_brand":[],"product_cat":[21],"product_tag":[],"class_list":{"0":"post-94","1":"product","2":"type-product","3":"status-publish","4":"has-post-thumbnail","6":"product_cat-youtube","7":"wcpa_has_options","9":"first","10":"instock","11":"sale","12":"featured","13":"shipping-taxable","14":"purchasable","15":"product-type-variable","16":"has-default-attributes"},"acf":[],"wcpa_form_fields":{"wcpaData":{"product":{"product_price":1.99,"price_html":"","original_product_price":1.99,"price_including_tax":1.99,"price_excluding_tax":1.99,"product_id":{"parent":94,"variation":false},"is_variable":true,"stock_status":"instock","stock_quantity":null,"parent_sku":"","product_attributes":{"cantidad":{"is_variation":true,"values":[]}},"custom_fields":[],"is_taxable":false,"product_name":"Comprar Likes Youtube","hasImage":false},"fields":{"sec_667faa076605fd":{"extra":{"key":"sec_667faa076605fd","section_id":"sec_667faa076605fd","name":"Por defecto","status":1,"toggle":true,"form_id":1056,"form_rules":{"exclude_from_discount":false,"fee_label":"Dodatki","disp_hide_options_price":false,"disp_show_section_price":false,"disp_show_field_price":false,"layout_option":"standard","pric_use_as_fee":false,"process_fee_as":"woo_fee"},"layout_option":"standard"},"fields":[[{"active":true,"col":5,"relations":false,"cl_rule":"show","enableCl":false,"price":"","enablePrice":false,"className":"","type":"text","subtype":"text","required":true,"elementId":"text_967faa0766061b","label":"Enlace al V\u00eddeo","name":"text_967faa0766061b","value":"","error":false,"placeholder":"Ejemplo: https:\/\/www.youtube.com\/watch?v=0e3GPea1Tyg","enableDesign":false,"LabelSize":"16px","gt_translate_keys":["label","placeholder","value"],"price_dependency":false,"cl_dependency":false}]]}},"config":{"price_override":"","enable_recaptcha":false,"bind_quantity":false,"quantity_bind_formula":false,"disp_summ_show_option_price":false,"disp_summ_show_product_price":false,"disp_summ_show_total_price":false,"disp_summ_show_fee":false,"disp_summ_show_discount":false,"summary_title":"","options_total_label":"Dodatki","total_label":"\u0141\u0105cznie","options_product_label":"Producto","fee_label":"Dodatki","discount_label":"Descuento","has_price":true,"has_quantity_formula":false},"mc_unit":1,"tax_rate":1,"tax_rate_real":1,"discount":{"percentage":0,"fixed":0},"design":{"conf":{"LabelPosition":"above","DescPosition":"above","UploadField":"custom_1","QuantityFieldStyle":"default"},"css":{"LeftLabelWidth":"120px"}},"formulas":[],"clones":false,"cartKey":false}},"_links":{"self":[{"href":"https:\/\/doymedia.com\/sv\/wp-json\/wp\/v2\/product\/94","targetHints":{"allow":["GET"]}}],"collection":[{"href":"https:\/\/doymedia.com\/sv\/wp-json\/wp\/v2\/product"}],"about":[{"href":"https:\/\/doymedia.com\/sv\/wp-json\/wp\/v2\/types\/product"}],"replies":[{"embeddable":true,"href":"https:\/\/doymedia.com\/sv\/wp-json\/wp\/v2\/comments?post=94"}],"wp:featuredmedia":[{"embeddable":true,"href":"https:\/\/doymedia.com\/sv\/wp-json\/wp\/v2\/media\/243"}],"wp:attachment":[{"href":"https:\/\/doymedia.com\/sv\/wp-json\/wp\/v2\/media?parent=94"}],"wp:term":[{"taxonomy":"product_brand","embeddable":true,"href":"https:\/\/doymedia.com\/sv\/wp-json\/wp\/v2\/product_brand?post=94"},{"taxonomy":"product_cat","embeddable":true,"href":"https:\/\/doymedia.com\/sv\/wp-json\/wp\/v2\/product_cat?post=94"},{"taxonomy":"product_tag","embeddable":true,"href":"https:\/\/doymedia.com\/sv\/wp-json\/wp\/v2\/product_tag?post=94"}],"curies":[{"name":"wp","href":"https:\/\/api.w.org\/{rel}","templated":true}]}}