{"id":95,"date":"2025-03-27T01:32:40","date_gmt":"2025-03-27T00:32:40","guid":{"rendered":"https:\/\/v2.doymedia.com\/?post_type=product&#038;p=95"},"modified":"2025-07-16T21:42:09","modified_gmt":"2025-07-16T19:42:09","slug":"kopa-youtube-prenumeranter","status":"publish","type":"product","link":"https:\/\/doymedia.com\/sv\/comprar-suscriptores-youtube\/","title":{"rendered":"K\u00f6pa Youtube-prenumeranter"},"content":{"rendered":"<section class=\"l-section wpb_row height_medium\"><div class=\"l-section-h i-cf\"><div class=\"g-cols vc_row via_flex valign_top type_default stacking_default\"><div class=\"vc_col-sm-12 wpb_column vc_column_container\"><div class=\"vc_column-inner\"><div class=\"wpb_wrapper\"><div class=\"wpb_text_column\"><div class=\"wpb_wrapper\"><p class=\"translation-block\">Att ha kvalitetsinneh\u00e5ll r\u00e4cker inte l\u00e4ngre f\u00f6r att v\u00e4xa p\u00e5 YouTube. Om du vill att din kanal ska sticka ut beh\u00f6ver du ett aktivt samh\u00e4lle f\u00f6r att st\u00f6dja den. Det \u00e4r d\u00e4rf\u00f6r <strong> att k\u00f6pa YouTube-prenumeranter<\/strong> har blivit en effektiv strategi f\u00f6r att p\u00e5skynda tillv\u00e4xten av vilken kanal som helst, oavsett storlek eller \u00e4mne.<\/p>\n<p class=\"translation-block\">Prenumeranter \u00e4r ett viktigt tecken p\u00e5 popularitet och relevans. N\u00e4r n\u00e5gon g\u00e5r in p\u00e5 din kanal och ser att du redan har en solid bas av f\u00f6ljare \u00f6kar det automatiskt f\u00f6rtroendet och intresset f\u00f6r ditt inneh\u00e5ll. Genom att <strong> k\u00f6pa YouTube-prenumeranter <\/strong> f\u00f6rb\u00e4ttrar du dessutom din ranking p\u00e5 plattformen, eftersom algoritmen ocks\u00e5 v\u00e4rderar storleken p\u00e5 ditt samh\u00e4lle.<\/p>\n<h2>Varf\u00f6r k\u00f6pa abonnenter p\u00e5 YouTube?<\/h2>\n<p class=\"translation-block\">Eftersom det \u00e4r ett direkt s\u00e4tt att synligg\u00f6ra din kanal, locka nya m\u00e5lgrupper och \u00f6ppna d\u00f6rren f\u00f6r int\u00e4ktsm\u00f6jligheter och partnerskap. M\u00e5nga anv\u00e4ndare prenumererar inte p\u00e5 sm\u00e5 kanaler eftersom de antar att de inte \u00e4r relevanta. Genom att <strong> k\u00f6pa YouTube-prenumeranter <\/strong> projicerar du en starkare, mer professionell och trov\u00e4rdig bild.<\/p>\n<p>Genom att \u00f6ka ditt antal prenumeranter f\u00f6rb\u00e4ttrar du dessutom dina \u00f6vergripande m\u00e4tv\u00e4rden. Detta har en positiv inverkan p\u00e5 algoritmen, vilket inneb\u00e4r mer r\u00e4ckvidd, fler rekommendationer och fler visningar p\u00e5 dina videor.<\/p>\n<h3>F\u00f6rdelar med att k\u00f6pa YouTube-prenumeranter<\/h3>\n<ul>\n<li>\ud83d\udcc8 Snabb och synlig tillv\u00e4xt av slaktkroppen<\/li>\n<li>\ud83e\udd1d F\u00f6rb\u00e4ttra din trov\u00e4rdighet och auktoritet inf\u00f6r allm\u00e4nheten<\/li>\n<li>\ud83d\ude80 \u00d6ka dina m\u00f6jligheter att tj\u00e4na pengar<\/li>\n<li>\ud83d\udd01 \u00d6ka engagemanget och den organiska trafiken<\/li>\n<li>\ud83d\udd12 S\u00e4ker tj\u00e4nst, utan att be om l\u00f6senord eller inloggning<\/li>\n<\/ul>\n<p class=\"translation-block\">Denna tj\u00e4nst \u00e4r utformad f\u00f6r alla typer av kanaler: oberoende skapare, personliga varum\u00e4rken, f\u00f6retag, musiker, l\u00e4rare eller influenser. Om du vill ta det till n\u00e4sta niv\u00e5 kan <strong>k\u00f6pa YouTube-prenumeranter<\/strong> hj\u00e4lpa dig att p\u00e5skynda den processen.<\/p>\n<h2>\u00c4r det s\u00e4kert att k\u00f6pa YouTube-prenumeranter?<\/h2>\n<p>Ja, absolut. V\u00e5r plattform arbetar med s\u00e4kra system och progressiva leveransmetoder som garanterar naturlig tillv\u00e4xt. Vi ber inte om ditt l\u00f6senord eller tillg\u00e5ng till din kanal. Vi beh\u00f6ver bara l\u00e4nken till den kanal du vill skicka prenumeranter till.<\/p>\n<p class=\"translation-block\">Dessutom \u00f6vervakas varje best\u00e4llning av v\u00e5rt team f\u00f6r att s\u00e4kerst\u00e4lla att den levereras korrekt och i tid. Vi vet hur viktigt det \u00e4r att ta hand om ditt digitala rykte, det \u00e4r d\u00e4rf\u00f6r <strong> att k\u00f6pa YouTube-prenumeranter<\/strong> hos oss \u00e4r en s\u00e4ker, effektiv och professionell upplevelse.<\/p>\n<h3>Hur fungerar det?<\/h3>\n<p>Processen \u00e4r snabb och enkel. V\u00e4lj bara det abonnemangspaket som b\u00e4st passar dina behov, ange din kanall\u00e4nk och slutf\u00f6r best\u00e4llningen. Vi tar hand om resten och levererar prenumeranter gradvis f\u00f6r att uppr\u00e4tth\u00e5lla en naturlig tillv\u00e4xttakt.<\/p>\n<p class=\"translation-block\">Dessutom, om du vill f\u00f6rb\u00e4ttra andra m\u00e4tv\u00e4rden f\u00f6r din kanal, kan du kombinera den h\u00e4r tj\u00e4nsten med <a href=\"https:\/\/doymedia.com\/sv\/kopa-youtube-visningar\/\" target=\"_self\"><strong>k\u00f6p YouTube-visningar<\/strong><\/a> eller <a href=\"https:\/\/doymedia.com\/sv\/kopa-youtube-gillar\/\" target=\"_self\"><strong>k\u00f6p YouTube-gillar.<\/strong><\/a> P\u00e5 s\u00e5 s\u00e4tt kommer din kanal att v\u00e4xa p\u00e5 ett balanserat s\u00e4tt och med st\u00f6rre inverkan.<\/p>\n<h2>Vem ska k\u00f6pa YouTube-prenumeranter?<\/h2>\n<p class=\"translation-block\">Alla som vill sticka ut p\u00e5 YouTube kan dra nytta av den h\u00e4r tj\u00e4nsten. Oavsett om du precis lanserar din kanal eller om du redan har erfarenhet \u00e4r <strong> att k\u00f6pa YouTube-prenumeranter <\/strong> ett effektivt s\u00e4tt att st\u00e4rka din gemenskap och p\u00e5skynda tillv\u00e4xtprocessen.<\/p>\n<ul>\n<li>\ud83c\udfa5 Inneh\u00e5llsskapare som vill v\u00e4xa snabbare<\/li>\n<li>\ud83d\udcc8 F\u00f6retag och varum\u00e4rken som s\u00f6ker positionering<\/li>\n<li>\ud83c\udfa4 Musiker, artister och producenter som vill ha mer synlighet<\/li>\n<li>\ud83e\udde0 Utbildare eller informationskanaler i behov av mer auktoritet<\/li>\n<li>\ud83d\ude80 Influencers och blivande influencers som vill tj\u00e4na pengar p\u00e5 sina kanaler<\/li>\n<\/ul>\n<h2>B\u00f6rja v\u00e4xa dig stark idag<\/h2>\n<p class=\"translation-block\">Tusentals skapare har redan f\u00f6rlitat sig p\u00e5 den h\u00e4r tj\u00e4nsten f\u00f6r att ta sina kanaler till n\u00e4sta niv\u00e5. Om du ocks\u00e5 vill locka fler tittare, projicera en stark bild och uppn\u00e5 b\u00e4ttre resultat \u00e4r <strong> att k\u00f6pa YouTube-prenumeranter<\/strong> r\u00e4tt beslut.<\/p>\n<p>V\u00e4lj ditt paket, ber\u00e4tta om din kanal och l\u00e5t oss hj\u00e4lpa dig att bygga upp den community som ditt inneh\u00e5ll f\u00f6rtj\u00e4nar.<\/p>\n<\/div><\/div><\/div><\/div><\/div><\/div><\/div><\/section>","protected":false},"excerpt":{"rendered":"Att ha kvalitetsinneh\u00e5ll r\u00e4cker inte l\u00e4ngre f\u00f6r att v\u00e4xa p\u00e5 YouTube. Om du vill att din kanal ska sticka ut beh\u00f6ver du ett aktivt samh\u00e4lle f\u00f6r att st\u00f6dja den. Det \u00e4r d\u00e4rf\u00f6r som att k\u00f6pa YouTube-prenumeranter har blivit en effektiv strategi f\u00f6r att p\u00e5skynda tillv\u00e4xten av vilken kanal som helst, oavsett storlek eller \u00e4mne. Prenumeranter \u00e4r ett tecken ...","protected":false},"featured_media":243,"comment_status":"open","ping_status":"closed","template":"","meta":{"_acf_changed":false},"product_brand":[],"product_cat":[21],"product_tag":[],"class_list":{"0":"post-95","1":"product","2":"type-product","3":"status-publish","4":"has-post-thumbnail","6":"product_cat-youtube","7":"wcpa_has_options","9":"first","10":"instock","11":"sale","12":"featured","13":"shipping-taxable","14":"purchasable","15":"product-type-variable","16":"has-default-attributes"},"acf":[],"wcpa_form_fields":{"wcpaData":{"product":{"product_price":5.99,"price_html":"","original_product_price":5.99,"price_including_tax":5.99,"price_excluding_tax":5.99,"product_id":{"parent":95,"variation":false},"is_variable":true,"stock_status":"instock","stock_quantity":null,"parent_sku":"","product_attributes":{"cantidad":{"is_variation":true,"values":[]}},"custom_fields":[],"is_taxable":false,"product_name":"Comprar Suscriptores Youtube","hasImage":false},"fields":{"sec_867fa9f3c4bb91":{"extra":{"key":"sec_867fa9f3c4bb91","section_id":"sec_867fa9f3c4bb91","name":"Por defecto","status":1,"toggle":true,"form_id":1055,"form_rules":{"exclude_from_discount":false,"fee_label":"Extra's","disp_hide_options_price":false,"disp_show_section_price":false,"disp_show_field_price":false,"layout_option":"standard","pric_use_as_fee":false,"process_fee_as":"woo_fee"},"layout_option":"standard"},"fields":[[{"active":true,"col":5,"relations":false,"cl_rule":"show","enableCl":false,"price":"","enablePrice":false,"className":"","type":"text","subtype":"text","required":true,"elementId":"text_767fa9f3c4bbb8","label":"Enlace al Canal","name":"text_767fa9f3c4bbb8","value":"","error":false,"placeholder":"Ejemplo: https:\/\/www.youtube.com\/@mrbeast","enableDesign":false,"LabelSize":"16px","gt_translate_keys":["label","placeholder","value"],"price_dependency":false,"cl_dependency":false}]]}},"config":{"price_override":"","enable_recaptcha":false,"bind_quantity":false,"quantity_bind_formula":false,"disp_summ_show_option_price":false,"disp_summ_show_product_price":false,"disp_summ_show_total_price":false,"disp_summ_show_fee":false,"disp_summ_show_discount":false,"summary_title":"","options_total_label":"Extra's","total_label":"Totaal","options_product_label":"Product","fee_label":"Extra's","discount_label":"Korting","has_price":true,"has_quantity_formula":false},"mc_unit":1,"tax_rate":1,"tax_rate_real":1,"discount":{"percentage":0,"fixed":0},"design":{"conf":{"LabelPosition":"above","DescPosition":"above","UploadField":"custom_1","QuantityFieldStyle":"default"},"css":{"LeftLabelWidth":"120px"}},"formulas":[],"clones":false,"cartKey":false}},"_links":{"self":[{"href":"https:\/\/doymedia.com\/sv\/wp-json\/wp\/v2\/product\/95","targetHints":{"allow":["GET"]}}],"collection":[{"href":"https:\/\/doymedia.com\/sv\/wp-json\/wp\/v2\/product"}],"about":[{"href":"https:\/\/doymedia.com\/sv\/wp-json\/wp\/v2\/types\/product"}],"replies":[{"embeddable":true,"href":"https:\/\/doymedia.com\/sv\/wp-json\/wp\/v2\/comments?post=95"}],"wp:featuredmedia":[{"embeddable":true,"href":"https:\/\/doymedia.com\/sv\/wp-json\/wp\/v2\/media\/243"}],"wp:attachment":[{"href":"https:\/\/doymedia.com\/sv\/wp-json\/wp\/v2\/media?parent=95"}],"wp:term":[{"taxonomy":"product_brand","embeddable":true,"href":"https:\/\/doymedia.com\/sv\/wp-json\/wp\/v2\/product_brand?post=95"},{"taxonomy":"product_cat","embeddable":true,"href":"https:\/\/doymedia.com\/sv\/wp-json\/wp\/v2\/product_cat?post=95"},{"taxonomy":"product_tag","embeddable":true,"href":"https:\/\/doymedia.com\/sv\/wp-json\/wp\/v2\/product_tag?post=95"}],"curies":[{"name":"wp","href":"https:\/\/api.w.org\/{rel}","templated":true}]}}