{"id":96,"date":"2025-03-27T01:32:40","date_gmt":"2025-03-27T00:32:40","guid":{"rendered":"https:\/\/v2.doymedia.com\/?post_type=product&#038;p=96"},"modified":"2025-07-16T21:41:59","modified_gmt":"2025-07-16T19:41:59","slug":"kopa-facebook-betyg","status":"publish","type":"product","link":"https:\/\/doymedia.com\/sv\/comprar-valoraciones-facebook\/","title":{"rendered":"K\u00f6pa Facebook Ratings"},"content":{"rendered":"<section class=\"l-section wpb_row height_medium\"><div class=\"l-section-h i-cf\"><div class=\"g-cols vc_row via_flex valign_top type_default stacking_default\"><div class=\"vc_col-sm-12 wpb_column vc_column_container\"><div class=\"vc_column-inner\"><div class=\"wpb_wrapper\"><div class=\"wpb_text_column\"><div class=\"wpb_wrapper\"><p class=\"translation-block\">I den digitala v\u00e4rlden \u00e4r f\u00f6rsta intrycket avg\u00f6rande. Och p\u00e5 Facebook kommer det intrycket fr\u00e5n de recensioner som din sida f\u00e5r. Ett f\u00f6retag med bra recensioner och positiva betyg f\u00f6rmedlar f\u00f6rtroende, professionalism och kvalitet. D\u00e4rf\u00f6r \u00e4r <strong>k\u00f6pa Facebook-recensioner<\/strong> en effektiv strategi f\u00f6r att f\u00f6rb\u00e4ttra den offentliga bilden av din sida, locka nya kunder och \u00f6ka din trov\u00e4rdighet direkt.<\/p>\n<p class=\"translation-block\">Recensioner p\u00e5verkar inte bara vad anv\u00e4ndarna tycker om dig. De p\u00e5verkar ocks\u00e5 plattformens algoritm, \u00f6kar din synlighet och hj\u00e4lper fler m\u00e4nniskor att uppt\u00e4cka ditt f\u00f6retag eller projekt. Om du inte har tillr\u00e4ckligt med recensioner \u00e4nnu, eller om du beh\u00f6ver motverka negativa \u00e5sikter, kan <strong>k\u00f6pa Facebook-recensioner<\/strong> g\u00f6ra skillnad.<\/p>\n<p class=\"translation-block\">Om du dessutom vill st\u00e4rka din n\u00e4rvaro ytterligare och bygga en stark gemenskap kan du <a href=\"https:\/\/doymedia.com\/sv\/kopa-facebook-fans\/\" target=\"_self\"><strong>k\u00f6pa Facebook-fans<\/strong><\/a> och \u00f6ka antalet synliga f\u00f6ljare p\u00e5 din sida, vilket genererar mer trov\u00e4rdighet fr\u00e5n f\u00f6rsta anblicken.<\/p>\n<h2>Varf\u00f6r k\u00f6pa betyg p\u00e5 Facebook?<\/h2>\n<p class=\"translation-block\">F\u00f6r k\u00f6pbeslut b\u00f6rjar med f\u00f6rtroende. De flesta anv\u00e4ndare kollar recensioner innan de kontaktar ett varum\u00e4rke, g\u00f6r en bokning eller k\u00f6per en produkt. Genom att <strong>k\u00f6pa Facebook-recensioner <\/strong> bygger du upp ett gott rykte och skapar en positiv uppfattning redan fr\u00e5n b\u00f6rjan.<\/p>\n<p>Dessutom fungerar recensioner som ett socialt bevis. En sida med m\u00e5nga positiva recensioner ger intryck av att vara aktiv, p\u00e5litlig och v\u00e4l rankad av andra. Detta uppmuntrar nya anv\u00e4ndare att f\u00f6lja dig, skriva kommentarer, interagera med dina inl\u00e4gg eller bli kunder.<\/p>\n<h3>F\u00f6rdelar med att k\u00f6pa Facebook-betyg<\/h3>\n<ul>\n<li>\u2b50 F\u00f6rst\u00e4rk den professionella bilden av din webbplats<\/li>\n<li>\ud83d\udcc8 F\u00f6rb\u00e4ttra ditt rykte med nya anv\u00e4ndare<\/li>\n<li>\ud83d\udd0e \u00d6ka din synlighet i lokala resultat<\/li>\n<li>\ud83e\udd1d Skapar mer f\u00f6rtroende och konverteringar<\/li>\n<li>\ud83d\udd12 S\u00e4ker leverans, utan att riskera ditt konto<\/li>\n<\/ul>\n<p class=\"translation-block\">Oavsett om du driver ett lokalt f\u00f6retag, en onlinebutik, ett personligt varum\u00e4rke eller ett nystartat f\u00f6retag hj\u00e4lper <strong>k\u00f6p av Facebook-recensioner<\/strong> dig att positionera dig b\u00e4ttre gentemot dina konkurrenter och l\u00e4ttare f\u00e5 kontakt med din m\u00e5lgrupp.<\/p>\n<h2>\u00c4r det s\u00e4kert att k\u00f6pa Facebook-betyg?<\/h2>\n<p>Ja, absolut. V\u00e5r tj\u00e4nst \u00e4r utformad f\u00f6r att ge dig autentiska recensioner, i enlighet med din nisch, och utan att riskera din profil eller ditt rykte. Vi ber inte om l\u00f6senord eller tillg\u00e5ng till ditt konto. Vi beh\u00f6ver bara l\u00e4nken till din sida f\u00f6r att starta processen p\u00e5 ett helt s\u00e4kert s\u00e4tt.<\/p>\n<p>Dessutom kan du v\u00e4lja mellan stj\u00e4rnbetyg eller skriftliga recensioner. Vi anpassar oss efter dina behov s\u00e5 att din webbplats ger precis den bild du vill f\u00f6rmedla.<\/p>\n<h3>Vem kan dra nytta av denna tj\u00e4nst?<\/h3>\n<p class=\"translation-block\">Den h\u00e4r tj\u00e4nsten \u00e4r anv\u00e4ndbar f\u00f6r alla f\u00f6retag, yrkesverksamma eller webbplatser som beh\u00f6ver f\u00f6rb\u00e4ttra sitt digitala rykte. Om du har f\u00e5tt omotiverade negativa recensioner eller helt enkelt vill st\u00e4rka din varum\u00e4rkesimage \u00e4r <strong>k\u00f6pa Facebook-recensioner<\/strong> en praktisk och effektiv l\u00f6sning.<\/p>\n<ul>\n<li>\ud83c\udfea Lokala f\u00f6retag som vill sticka ut fr\u00e5n konkurrenterna<\/li>\n<li>\ud83d\udecd\ufe0f N\u00e4tbutikerna vill bygga upp ett st\u00f6rre f\u00f6rtroende<\/li>\n<li>\ud83d\udcf2 Digitala entrepren\u00f6rer som arbetar med sitt personliga varum\u00e4rke<\/li>\n<li>\ud83d\udcac Byr\u00e5er och yrkesverksamma som erbjuder tj\u00e4nster<\/li>\n<li>\ud83d\udcc8 F\u00f6retag som beh\u00f6ver f\u00f6rb\u00e4ttra sitt rykte p\u00e5 n\u00e4tet<\/li>\n<\/ul>\n<h2>Hur fungerar det?<\/h2>\n<p>V\u00e4lj bara det antal recensioner du vill ha och ge oss l\u00e4nken till din Facebook-sida. Du kan ange om du f\u00f6redrar skrivna recensioner eller bara betyg. Vi tar hand om resten och levererar recensionerna p\u00e5 ett progressivt och naturligt s\u00e4tt.<\/p>\n<p>Om du vill kan vi ocks\u00e5 anpassa texterna i recensionerna till din bransch, s\u00e5 att de blir sammanh\u00e4ngande och trov\u00e4rdiga. V\u00e5rt team kommer att ge dig r\u00e5d s\u00e5 att resultatet blir professionellt och gynnar din offentliga image.<\/p>\n<h2>G\u00f6r din webbplats p\u00e5litlig redan idag<\/h2>\n<p class=\"translation-block\">Underskatta inte kraften i ett gott rykte. <strong>K\u00f6p av Facebook-recensioner<\/strong> g\u00f6r att du kan ta det steg du beh\u00f6ver f\u00f6r att konvertera bes\u00f6kare till kunder, f\u00f6rst\u00e4rka din auktoritet och sticka ut p\u00e5 din marknad.<\/p>\n<p>V\u00e4lj ditt idealpaket, ber\u00e4tta om dina \u00f6nskem\u00e5l och b\u00f6rja f\u00f6r\u00e4ndra din webbplats image redan idag. Ditt rykte \u00e4r v\u00e4rt mycket. Ta hand om det och f\u00e5 det att v\u00e4xa med riktiga, effektiva och s\u00e4kra recensioner.<\/p>\n<\/div><\/div><\/div><\/div><\/div><\/div><\/div><\/section>","protected":false},"excerpt":{"rendered":"I den digitala v\u00e4rlden \u00e4r f\u00f6rsta intrycket avg\u00f6rande. Och p\u00e5 Facebook kommer det intrycket fr\u00e5n de recensioner som din sida f\u00e5r. Ett f\u00f6retag med bra recensioner och positiva betyg f\u00f6rmedlar f\u00f6rtroende, professionalism och kvalitet. Det \u00e4r d\u00e4rf\u00f6r som k\u00f6p av Facebook-recensioner \u00e4r en effektiv strategi f\u00f6r att f\u00f6rb\u00e4ttra den offentliga bilden av din sida, locka nya kunder ...","protected":false},"featured_media":316,"comment_status":"open","ping_status":"closed","template":"","meta":{"_acf_changed":false},"product_brand":[],"product_cat":[20],"product_tag":[],"class_list":{"0":"post-96","1":"product","2":"type-product","3":"status-publish","4":"has-post-thumbnail","6":"product_cat-facebook","7":"wcpa_has_options","9":"first","10":"instock","11":"sale","12":"shipping-taxable","13":"purchasable","14":"product-type-variable","15":"has-default-attributes"},"acf":[],"wcpa_form_fields":{"wcpaData":{"product":{"product_price":3.99,"price_html":"","original_product_price":3.99,"price_including_tax":3.99,"price_excluding_tax":3.99,"product_id":{"parent":96,"variation":false},"is_variable":true,"stock_status":"instock","stock_quantity":null,"parent_sku":"","product_attributes":{"cantidad":{"is_variation":true,"values":[]}},"custom_fields":[],"is_taxable":false,"product_name":"Comprar Valoraciones Facebook","hasImage":false},"fields":{"sec_767faa69e11ac7":{"extra":{"key":"sec_767faa69e11ac7","section_id":"sec_767faa69e11ac7","name":"Por defecto","status":1,"toggle":true,"form_id":1067,"form_rules":{"exclude_from_discount":false,"fee_label":"Extras","disp_hide_options_price":false,"disp_show_section_price":false,"disp_show_field_price":false,"layout_option":"standard","pric_use_as_fee":false,"process_fee_as":"woo_fee"},"layout_option":"standard"},"fields":[[{"active":true,"col":5,"relations":false,"cl_rule":"show","enableCl":false,"price":"","enablePrice":false,"className":"","type":"text","subtype":"text","required":true,"elementId":"text_367faa69e11ae8","label":"Enlace a la Fanpage de Facebook","name":"text_367faa69e11ae8","value":"","error":false,"placeholder":"Ejemplo: https:\/\/www.facebook.com\/mrbeast","enableDesign":false,"LabelSize":"16px","gt_translate_keys":["label","placeholder","value"],"price_dependency":false,"cl_dependency":false}],[{"active":true,"col":5,"relations":false,"cl_rule":"show","enableCl":false,"price":"","enablePrice":false,"className":"","label_position":"default","desc_position":"default","type":"textarea","required":true,"elementId":"textarea_9930819785","label":"Comentarios a Publicar","name":"textarea_9930819785","value":"","rows":2,"error":false,"description":"","placeholder":"Escribe los comentarios a publicar, o env\u00edanos informaci\u00f3n sobre tu negocio para saber nosotros sobre qu\u00e9 escribir las valoraciones.","gt_translate_keys":["label","placeholder","description","value"],"price_dependency":false,"cl_dependency":false}]]}},"config":{"price_override":"","enable_recaptcha":false,"bind_quantity":false,"quantity_bind_formula":false,"disp_summ_show_option_price":false,"disp_summ_show_product_price":false,"disp_summ_show_total_price":false,"disp_summ_show_fee":false,"disp_summ_show_discount":false,"summary_title":"","options_total_label":"Extras","total_label":"Total","options_product_label":"Producto","fee_label":"Extras","discount_label":"Descuento","has_price":true,"has_quantity_formula":false},"mc_unit":1,"tax_rate":1,"tax_rate_real":1,"discount":{"percentage":0,"fixed":0},"design":{"conf":{"LabelPosition":"above","DescPosition":"above","UploadField":"custom_1","QuantityFieldStyle":"default"},"css":{"LeftLabelWidth":"120px"}},"formulas":[],"clones":false,"cartKey":false}},"_links":{"self":[{"href":"https:\/\/doymedia.com\/sv\/wp-json\/wp\/v2\/product\/96","targetHints":{"allow":["GET"]}}],"collection":[{"href":"https:\/\/doymedia.com\/sv\/wp-json\/wp\/v2\/product"}],"about":[{"href":"https:\/\/doymedia.com\/sv\/wp-json\/wp\/v2\/types\/product"}],"replies":[{"embeddable":true,"href":"https:\/\/doymedia.com\/sv\/wp-json\/wp\/v2\/comments?post=96"}],"wp:featuredmedia":[{"embeddable":true,"href":"https:\/\/doymedia.com\/sv\/wp-json\/wp\/v2\/media\/316"}],"wp:attachment":[{"href":"https:\/\/doymedia.com\/sv\/wp-json\/wp\/v2\/media?parent=96"}],"wp:term":[{"taxonomy":"product_brand","embeddable":true,"href":"https:\/\/doymedia.com\/sv\/wp-json\/wp\/v2\/product_brand?post=96"},{"taxonomy":"product_cat","embeddable":true,"href":"https:\/\/doymedia.com\/sv\/wp-json\/wp\/v2\/product_cat?post=96"},{"taxonomy":"product_tag","embeddable":true,"href":"https:\/\/doymedia.com\/sv\/wp-json\/wp\/v2\/product_tag?post=96"}],"curies":[{"name":"wp","href":"https:\/\/api.w.org\/{rel}","templated":true}]}}