{"id":97,"date":"2025-03-27T01:32:40","date_gmt":"2025-03-27T00:32:40","guid":{"rendered":"https:\/\/v2.doymedia.com\/?post_type=product&#038;p=97"},"modified":"2025-06-16T19:17:04","modified_gmt":"2025-06-16T17:17:04","slug":"kopa-instagram-vyer","status":"publish","type":"product","link":"https:\/\/doymedia.com\/sv\/comprar-views-instagram\/","title":{"rendered":"K\u00f6p Instagram-visningar"},"content":{"rendered":"<section class=\"l-section wpb_row height_medium\"><div class=\"l-section-h i-cf\"><div class=\"g-cols vc_row via_flex valign_top type_default stacking_default\"><div class=\"vc_col-sm-12 wpb_column vc_column_container\"><div class=\"vc_column-inner\"><div class=\"wpb_wrapper\"><div class=\"wpb_text_column\"><div class=\"wpb_wrapper\"><p class=\"translation-block\">P\u00e5 Instagram existerar inte det som du inte ser. Du publicerar en rulle, video eller ber\u00e4ttelse, men om den inte f\u00e5r visningar snabbt g\u00e5r den obem\u00e4rkt f\u00f6rbi. Det \u00e4r d\u00e4rf\u00f6r <strong>k\u00f6pa Instagram-visningar<\/strong> \u00e4r en effektiv strategi f\u00f6r att \u00f6ka synligheten f\u00f6r ditt inneh\u00e5ll, locka mer interaktion och positionera dig b\u00e4ttre p\u00e5 plattformen.<\/p>\n<p class=\"translation-block\">Visningar \u00e4r ett nyckelm\u00e5tt f\u00f6r algoritmen. Ju fler visningar ditt inl\u00e4gg har, desto st\u00f6rre chans har du att visas i utforska avsnittet och f\u00e5 nya f\u00f6ljare. Om du skapar bra inneh\u00e5ll men saknar r\u00e4ckvidd kan <strong> k\u00f6pa Instagram-visningar<\/strong> vara det tryck du beh\u00f6ver f\u00f6r att sticka ut.<\/p>\n<h2>Varf\u00f6r k\u00f6pa Instagram-visningar?<\/h2>\n<p class=\"translation-block\">Eftersom algoritmen v\u00e4rderar omedelbar aktivitet. N\u00e4r en rulle eller video f\u00e5r m\u00e5nga visningar p\u00e5 kort tid uppt\u00e4cker Instagram det som relevant inneh\u00e5ll och driver det till nya m\u00e5lgrupper. <strong> Att k\u00f6pa Instagram-visningar<\/strong> g\u00f6r att du kan generera den f\u00f6rsta effekten snabbt och s\u00e4kert, vilket \u00f6kar din r\u00e4ckvidd utan att f\u00f6rlita dig p\u00e5 slumpen.<\/p>\n<p>Dessutom p\u00e5verkar antalet visningar ocks\u00e5 andra anv\u00e4ndares uppfattning. Inneh\u00e5ll med m\u00e5nga visningar genererar mer nyfikenhet, mer f\u00f6rtroende och fler interaktioner. Det \u00e4r en dominoeffekt som aktiveras fr\u00e5n det f\u00f6rsta klicket.<\/p>\n<h3>F\u00f6rdelar med att k\u00f6pa visningar p\u00e5 Instagram<\/h3>\n<ul>\n<li>\ud83d\udcc8 \u00d6kad synlighet i rullar, videor och ber\u00e4ttelser<\/li>\n<li>\ud83d\ude80 Initial impuls som gynnar positionering<\/li>\n<li>\ud83c\udfaf Mer sannolikt att bli presenterad i utforskande<\/li>\n<li>\ud83d\udcac F\u00f6rb\u00e4ttra uppfattningen av ditt inneh\u00e5ll f\u00f6r nya anv\u00e4ndare<\/li>\n<li>\ud83d\udd12 S\u00e4ker, naturlig och kompromissl\u00f6s leverans till ditt konto<\/li>\n<\/ul>\n<p><strong>K\u00f6p Instagram-visningar<\/strong> \u00e4r s\u00e4rskilt anv\u00e4ndbart om du marknadsf\u00f6r en produkt, lanserar en kampanj eller helt enkelt vill att ditt inneh\u00e5ll ska f\u00e5 st\u00f6rre genomslagskraft. Det \u00e4r ett snabbt och effektivt s\u00e4tt att multiplicera din r\u00e4ckvidd utan kr\u00e5ngel.<\/p>\n<h2>\u00c4r det s\u00e4kert att k\u00f6pa visningar p\u00e5 Instagram?<\/h2>\n<p>Ja, helt s\u00e4kert. Vi ber inte om l\u00f6senord eller k\u00e4nsliga uppgifter. Vi beh\u00f6ver bara l\u00e4nken till den video, rulle eller ber\u00e4ttelse som du vill marknadsf\u00f6ra. Leveransen sker progressivt f\u00f6r att uppr\u00e4tth\u00e5lla en naturlig rytm och undvika artificiella signaler.<\/p>\n<p>V\u00e5rt system s\u00e4kerst\u00e4ller att du f\u00e5r visningar utan att riskera ditt konto. Vi arbetar med bepr\u00f6vade metoder som \u00e4r kompatibla med Instagrams policyer, s\u00e5 att du kan fokusera p\u00e5 att skapa inneh\u00e5ll medan vi hj\u00e4lper dig att g\u00f6ra det synligt.<\/p>\n<h3>Vem kan dra nytta av denna tj\u00e4nst?<\/h3>\n<p class=\"translation-block\">Denna tj\u00e4nst \u00e4r utformad f\u00f6r skapare, varum\u00e4rken, entrepren\u00f6rer, artister eller alla anv\u00e4ndare som vill sticka ut p\u00e5 Instagram. Oavsett om du precis har b\u00f6rjat eller redan har en etablerad publik: <strong> att k\u00f6pa Instagram-vyer<\/strong> kan hj\u00e4lpa dig att g\u00e5 l\u00e4ngre.<\/p>\n<ul>\n<li>\ud83c\udfa5 Inneh\u00e5llsskapare letar efter viralitet<\/li>\n<li>\ud83d\udcc8 F\u00f6retag som vill synligg\u00f6ra sina produkter<\/li>\n<li>\ud83d\udce2 Personliga varum\u00e4rken som vill f\u00f6rst\u00e4rka sin n\u00e4rvaro<\/li>\n<li>\ud83c\udfa4 Artister som sl\u00e4pper nya rullar eller videoklipp<\/li>\n<li>\ud83d\udecd\ufe0f Butiker som anv\u00e4nder Instagram f\u00f6r att marknadsf\u00f6ra erbjudanden<\/li>\n<\/ul>\n<p>Om ditt m\u00e5l \u00e4r att bygga en stark n\u00e4rvaro p\u00e5 Instagram spelar visningar en viktig roll. De f\u00f6rb\u00e4ttrar inte bara uppfattningen av dina inl\u00e4gg, utan de p\u00e5verkar ocks\u00e5 din profils \u00f6vergripande prestanda. Ett bra antal visningar \u00f6ppnar d\u00f6rren f\u00f6r samarbeten, nya m\u00e5lgrupper och snabbare, mer h\u00e5llbar tillv\u00e4xt.<\/p>\n<p class=\"translation-block\"><strong> Att k\u00f6pa Instagram-visningar<\/strong> g\u00f6r att du kan uppn\u00e5 den niv\u00e5n av synlighet utan att beh\u00f6va v\u00e4nta veckor eller f\u00f6rlita dig p\u00e5 of\u00f6ruts\u00e4gbara algoritmer.<\/p>\n<h2>Hur fungerar processen?<\/h2>\n<p>Allt du beh\u00f6ver g\u00f6ra \u00e4r att v\u00e4lja det paket som b\u00e4st passar dina behov, skicka oss l\u00e4nken till publikationen och g\u00f6ra betalningen. Vi tar hand om resten. Leveransen kommer att b\u00f6rja p\u00e5 kort tid, gradvis och utan att p\u00e5verka din profil.<\/p>\n<p class=\"translation-block\">Och om du vill \u00f6ka din n\u00e4rvaro \u00e4nnu mer kan du komplettera den h\u00e4r tj\u00e4nsten med <a href=\"https:\/\/doymedia.com\/sv\/kopa-instagram-gillar\/\" target=\"_self\"><strong>k\u00f6pa Instagram-gillar<\/strong><\/a> eller <a href=\"https:\/\/doymedia.com\/sv\/kopa-instagramfoljare\/\" target=\"_self\"><strong>k\u00f6pa Instagram-f\u00f6ljare<\/strong><\/a>. P\u00e5 s\u00e5 s\u00e4tt f\u00e5r du en mer komplett, sammanh\u00e4ngande profil, redo att v\u00e4xa organiskt.<\/p>\n<h2>F\u00e5 ditt inneh\u00e5ll att n\u00e5 l\u00e4ngre<\/h2>\n<p class=\"translation-block\">L\u00e5t inte dina videor g\u00e5 obem\u00e4rkt f\u00f6rbi. Med <strong>k\u00f6p Instagram-vyer<\/strong> kan du \u00f6ka din synlighet, f\u00f6rb\u00e4ttra din positionering och f\u00e5 mer uppm\u00e4rksamhet p\u00e5 n\u00e5gra minuter. F\u00e5 varje inl\u00e4gg att r\u00e4knas och b\u00f6rja sticka ut idag.<\/p>\n<\/div><\/div><\/div><\/div><\/div><\/div><\/div><\/section>","protected":false},"excerpt":{"rendered":"P\u00e5 Instagram existerar inte det som du inte ser. Du publicerar en rulle, video eller ber\u00e4ttelse, men om den inte f\u00e5r visningar snabbt g\u00e5r den obem\u00e4rkt f\u00f6rbi. Det \u00e4r d\u00e4rf\u00f6r som att k\u00f6pa Instagram-visningar \u00e4r en effektiv strategi f\u00f6r att \u00f6ka synligheten f\u00f6r ditt inneh\u00e5ll, locka mer interaktion och positionera dig b\u00e4ttre p\u00e5 plattformen. Visningar \u00e4r en nyckelm\u00e4tning ...","protected":false},"featured_media":227,"comment_status":"open","ping_status":"closed","template":"","meta":{"_acf_changed":false},"product_brand":[],"product_cat":[17],"product_tag":[],"class_list":{"0":"post-97","1":"product","2":"type-product","3":"status-publish","4":"has-post-thumbnail","6":"product_cat-instagram","7":"wcpa_has_options","9":"first","10":"instock","11":"sale","12":"featured","13":"shipping-taxable","14":"purchasable","15":"product-type-variable","16":"has-default-attributes"},"acf":[],"wcpa_form_fields":{"wcpaData":{"product":{"product_price":1.99,"price_html":"","original_product_price":1.99,"price_including_tax":1.99,"price_excluding_tax":1.99,"product_id":{"parent":97,"variation":false},"is_variable":true,"stock_status":"instock","stock_quantity":null,"parent_sku":"","product_attributes":{"cantidad":{"is_variation":true,"values":[]}},"custom_fields":[],"is_taxable":false,"product_name":"Comprar Views Instagram","hasImage":false},"fields":{"sec_1067fa76ecc2b86":{"extra":{"key":"sec_1067fa76ecc2b86","section_id":"sec_1067fa76ecc2b86","name":"Por defecto","status":1,"toggle":true,"form_id":1025,"form_rules":{"exclude_from_discount":false,"fee_label":"Extras","disp_hide_options_price":false,"disp_show_section_price":false,"disp_show_field_price":false,"layout_option":"standard","pric_use_as_fee":false,"process_fee_as":"woo_fee"},"layout_option":"standard"},"fields":[[{"active":true,"col":5,"relations":false,"cl_rule":"show","enableCl":false,"price":"","enablePrice":false,"className":"","type":"text","subtype":"text","required":true,"elementId":"text_567fa76ecc2bad","label":"Enlace de la Publicaci\u00f3n","name":"text_567fa76ecc2bad","value":"","error":false,"placeholder":"Ejemplo: https:\/\/www.instagram.com\/p\/DGxqbv9oVTD\/","gt_translate_keys":["label","placeholder","value"],"price_dependency":false,"cl_dependency":false}],[{"active":true,"col":5,"relations":false,"cl_rule":"show","enableCl":false,"price":"","enablePrice":true,"className":"","label_position":"default","desc_position":"default","type":"select","required":false,"elementId":"select_167fa76ecc2bb7","label":"A\u00f1adir Likes con Descuento","name":"select_167fa76ecc2bb7","values":[{"label":"100 Likes","value":"100","selected":false,"tempId":"aco_910","price":"2,79","gt_translate_keys":["label"]},{"label":"500 Likes","value":"500","selected":false,"tempId":"aco_911","price":"4,69","gt_translate_keys":["label"]},{"label":"1.000 Likes","value":"1000","selected":false,"tempId":"aco_912","price":"7,59","gt_translate_keys":["label"]},{"label":"5.000 Likes","value":"5000","selected":false,"tempId":"aco_1337","price":"29,49","gt_translate_keys":["label"]},{"label":"10.000 Likes","value":"10000","selected":false,"tempId":"aco_1059","price":"48,29","gt_translate_keys":["label"]}],"dropdown_type":"basic","error":false,"placeholder":"Ninguno","priceOptions":"different_for_all","pricingType":"fixed","use_as_fee":false,"option_price_format":"","tooltip":"Los likes se pondr\u00e1n a la misma publicaci\u00f3n.","gt_translate_keys":["label","placeholder","tooltip"],"price_dependency":false,"cl_dependency":false,"value":""}],[{"label":"A\u00f1adir Seguidores con Descuento","active":true,"required":false,"elementId":"select-8208233690","dropdown_type":"basic","placeholder":"Ninguno","tooltip":"Los seguidores se pondr\u00e1n al mismo perfil de la publicaci\u00f3n.","name":"select-8208233690","label_position":"default","desc_position":"default","enablePrice":true,"className":"","enableCl":false,"relations":false,"option_price_format":"","values":[{"label":"100 Seguidores","value":"100","selected":false,"tempId":"aco_910","price":"2,45","gt_translate_keys":["label"]},{"label":"500 Seguidores","value":"500","selected":false,"tempId":"aco_911","price":"6,50","gt_translate_keys":["label"]},{"label":"1.000 Seguidores","value":"1000","selected":false,"tempId":"aco_912","price":"9,50","gt_translate_keys":["label"]},{"label":"5.000 Seguidores","value":"5000","selected":false,"tempId":"aco_1337","price":"39,50","gt_translate_keys":["label"]},{"label":"10.000 Seguidores","value":"10000","selected":false,"tempId":"aco_1059","price":"79,50","gt_translate_keys":["label"]}],"priceOptions":"different_for_all","pricingType":"fixed","price":"","use_as_fee":false,"cl_rule":"show","col":5,"type":"select","error":false,"gt_translate_keys":["label","placeholder","tooltip"],"price_dependency":false,"cl_dependency":false,"value":""}]]}},"config":{"price_override":"","enable_recaptcha":false,"bind_quantity":false,"quantity_bind_formula":false,"disp_summ_show_option_price":false,"disp_summ_show_product_price":false,"disp_summ_show_total_price":false,"disp_summ_show_fee":false,"disp_summ_show_discount":false,"summary_title":"","options_total_label":"Extras","total_label":"Total","options_product_label":"Producto","fee_label":"Extras","discount_label":"Descuento","has_price":true,"has_quantity_formula":false},"mc_unit":1,"tax_rate":1,"tax_rate_real":1,"discount":{"percentage":0,"fixed":0},"design":{"conf":{"LabelPosition":"above","DescPosition":"above","UploadField":"custom_1","QuantityFieldStyle":"default"},"css":{"LeftLabelWidth":"120px"}},"formulas":[],"clones":false,"cartKey":false}},"_links":{"self":[{"href":"https:\/\/doymedia.com\/sv\/wp-json\/wp\/v2\/product\/97","targetHints":{"allow":["GET"]}}],"collection":[{"href":"https:\/\/doymedia.com\/sv\/wp-json\/wp\/v2\/product"}],"about":[{"href":"https:\/\/doymedia.com\/sv\/wp-json\/wp\/v2\/types\/product"}],"replies":[{"embeddable":true,"href":"https:\/\/doymedia.com\/sv\/wp-json\/wp\/v2\/comments?post=97"}],"wp:featuredmedia":[{"embeddable":true,"href":"https:\/\/doymedia.com\/sv\/wp-json\/wp\/v2\/media\/227"}],"wp:attachment":[{"href":"https:\/\/doymedia.com\/sv\/wp-json\/wp\/v2\/media?parent=97"}],"wp:term":[{"taxonomy":"product_brand","embeddable":true,"href":"https:\/\/doymedia.com\/sv\/wp-json\/wp\/v2\/product_brand?post=97"},{"taxonomy":"product_cat","embeddable":true,"href":"https:\/\/doymedia.com\/sv\/wp-json\/wp\/v2\/product_cat?post=97"},{"taxonomy":"product_tag","embeddable":true,"href":"https:\/\/doymedia.com\/sv\/wp-json\/wp\/v2\/product_tag?post=97"}],"curies":[{"name":"wp","href":"https:\/\/api.w.org\/{rel}","templated":true}]}}