{"id":98,"date":"2025-03-27T01:32:40","date_gmt":"2025-03-27T00:32:40","guid":{"rendered":"https:\/\/v2.doymedia.com\/?post_type=product&#038;p=98"},"modified":"2025-07-16T21:41:48","modified_gmt":"2025-07-16T19:41:48","slug":"kopa-visningar-tiktok","status":"publish","type":"product","link":"https:\/\/doymedia.com\/sv\/comprar-views-tiktok\/","title":{"rendered":"K\u00f6p visningar TikTok"},"content":{"rendered":"<section class=\"l-section wpb_row height_medium\"><div class=\"l-section-h i-cf\"><div class=\"g-cols vc_row via_flex valign_top type_default stacking_default\"><div class=\"vc_col-sm-12 wpb_column vc_column_container\"><div class=\"vc_column-inner\"><div class=\"wpb_wrapper\"><div class=\"wpb_text_column\"><div class=\"wpb_wrapper\"><p class=\"translation-block\">TikTok \u00e4r en plattform d\u00e4r inneh\u00e5llet r\u00f6r sig snabbt. Om dina videor inte f\u00e5r visningar under de f\u00f6rsta minuterna kan de g\u00e5 obem\u00e4rkt f\u00f6rbi bland miljontals inl\u00e4gg. D\u00e4rf\u00f6r \u00e4r <strong>k\u00f6pa TikTok-visningar<\/strong> en effektiv strategi f\u00f6r att f\u00e5 synlighet, locka nya m\u00e5lgrupper och f\u00f6rb\u00e4ttra prestandan f\u00f6r dina videor redan fr\u00e5n b\u00f6rjan.<\/p>\n<p class=\"translation-block\">Visningar p\u00e5 TikTok \u00e4r en nyckelsignal f\u00f6r algoritmen. Ju fler visningar din video har, desto mer sannolikt \u00e4r det att den blir viral, visas i avsnittet \"F\u00f6r dig\" och lockar organiska f\u00f6ljare. Om du skapar bra inneh\u00e5ll men inte f\u00e5r den exponering du hoppas p\u00e5, kan <strong>k\u00f6pa TikTok-visningar<\/strong> ge dig den f\u00f6rsta boost som g\u00f6r hela skillnaden.<\/p>\n<h2>Varf\u00f6r k\u00f6pa TikTok-vyer?<\/h2>\n<p class=\"translation-block\">TikToks algoritm gynnar inneh\u00e5ll som genererar snabba reaktioner. N\u00e4r en video f\u00e5r m\u00e5nga visningar p\u00e5 kort tid \u00e4r det mer sannolikt att den f\u00f6rblir synlig i flera timmar eller till och med dagar och n\u00e5r tusentals nya anv\u00e4ndare. <strong>K\u00f6p av TikTok-visningar<\/strong> \u00e4r ett smart s\u00e4tt att p\u00e5skynda denna process och positionera dig b\u00e4ttre mot konkurrenterna.<\/p>\n<p>Dessutom genererar visningar sociala bevis. En video med m\u00e5nga visningar drar till sig uppm\u00e4rksamhet, uppfattas som mer intressant och trov\u00e4rdig och motiverar andra anv\u00e4ndare att titta p\u00e5 den i sin helhet, gilla eller dela den. Den h\u00e4r typen av interaktion skapar en ringar p\u00e5 vattnet-effekt som p\u00e5 ett organiskt s\u00e4tt st\u00e4rker din profil.<\/p>\n<h3>F\u00f6rdelar med att k\u00f6pa visningar p\u00e5 TikTok<\/h3>\n<ul>\n<li>\ud83d\udcc8 Mer exponering i avsnittet \"F\u00f6r dig\".<\/li>\n<li>\ud83d\ude80 Snabb boost f\u00f6r nytt eller strategiskt inneh\u00e5ll<\/li>\n<li>\ud83c\udfaf \u00d6kad r\u00e4ckvidd och \u00f6vergripande engagemang<\/li>\n<li>\ud83e\udd1d F\u00f6rb\u00e4ttra uppfattningen om ditt inneh\u00e5ll i nya f\u00f6ljares \u00f6gon<\/li>\n<li>\ud83d\udd12 S\u00e4ker och progressiv leverans, utan att riskera ditt konto<\/li>\n<\/ul>\n<p class=\"translation-block\">Oavsett om du \u00e4r en oberoende kreat\u00f6r, ett varum\u00e4rke, en \u00e5terf\u00f6rs\u00e4ljare eller en influencer kan du genom att <strong>k\u00f6pa TikTok-visningar<\/strong> sticka ut bland tusentals videor, bli uppm\u00e4rksammad snabbare och bygga en solid publik fr\u00e5n b\u00f6rjan.<\/p>\n<h2>\u00c4r det s\u00e4kert att k\u00f6pa visningar p\u00e5 TikTok?<\/h2>\n<p>Ja, v\u00e5r tj\u00e4nst \u00e4r utformad f\u00f6r att vara helt s\u00e4ker. Vi ber inte om l\u00f6senord eller k\u00e4nsliga uppgifter. Allt du beh\u00f6ver g\u00f6ra \u00e4r att skicka oss l\u00e4nken till den video du vill marknadsf\u00f6ra s\u00e5 g\u00f6r vi resten. Leveransen \u00e4r progressiv f\u00f6r att bibeh\u00e5lla ditt kontos naturlighet och integritet.<\/p>\n<p>Vi arbetar med optimerade system och policyer som respekterar plattformens riktlinjer. Tusentals anv\u00e4ndare har redan anv\u00e4nt den h\u00e4r tj\u00e4nsten f\u00f6r att f\u00f6rb\u00e4ttra sin prestanda utan att kompromissa med sin profil.<\/p>\n<h3>Vem kan dra nytta av denna tj\u00e4nst?<\/h3>\n<p class=\"translation-block\">Den h\u00e4r tj\u00e4nsten \u00e4r perfekt f\u00f6r alla som vill \u00f6ka effekten av sitt inneh\u00e5ll p\u00e5 TikTok. Fr\u00e5n nya konton som vill v\u00e4xa till etablerade profiler som vill f\u00f6rst\u00e4rka nyckelkampanjer. <strong>Buy views TikTok<\/strong> \u00e4r l\u00e4mplig f\u00f6r alla typer av skapare.<\/p>\n<ul>\n<li>\ud83c\udfa4 Musiker som sl\u00e4pper nya l\u00e5tar p\u00e5 TikTok<\/li>\n<li>\ud83d\udce2 Varum\u00e4rken som vill viralisera en produkt eller kampanj<\/li>\n<li>\ud83d\udcf1 Influencers som beh\u00f6ver st\u00e4rka sitt engagemang<\/li>\n<li>\ud83d\udcc8 Nya konton som vill v\u00e4xa snabbare<\/li>\n<li>\ud83c\udfaf Entrepren\u00f6rer som vill n\u00e5 ut direkt<\/li>\n<\/ul>\n<h2>Hur fungerar det?<\/h2>\n<p>Det \u00e4r enkelt att k\u00f6pa TikTok-visualiseringar. V\u00e4lj bara det paket som b\u00e4st passar dina behov, f\u00f6rse oss med l\u00e4nken till videon och slutf\u00f6r best\u00e4llningen. Vi p\u00e5b\u00f6rjar leveransen p\u00e5 nolltid och s\u00e4kerst\u00e4ller en naturlig och s\u00f6ml\u00f6s distribution.<\/p>\n<p class=\"translation-block\">Och om du vill st\u00e4rka din profil \u00e4nnu mer kan du kombinera den h\u00e4r tj\u00e4nsten med <a href=\"https:\/\/doymedia.com\/sv\/kopa-gillar-tiktok\/\" target=\"_self\"><strong>k\u00f6p TikTok likes<\/strong><\/a> eller <a href=\"https:\/\/doymedia.com\/sv\/kopa-tiktok-foljare\/\" target=\"_self\"><strong>k\u00f6p TikTok followers<\/strong><\/a>. P\u00e5 s\u00e5 s\u00e4tt kommer du att uppn\u00e5 en komplett strategi som \u00f6kar din auktoritet och trov\u00e4rdighet p\u00e5 plattformen.<\/p>\n<h2>F\u00e5 dina videor att n\u00e5 l\u00e4ngre<\/h2>\n<p class=\"translation-block\">L\u00e5t inte ditt inneh\u00e5ll g\u00e5 vilse i fl\u00f6det. Med <strong>k\u00f6p TikTok-vyer<\/strong> kan du generera omedelbar dragkraft, n\u00e5 fler m\u00e4nniskor och bygga en solid grund f\u00f6r synlighet och resultat. Ta steget och f\u00e5 din n\u00e4sta video den r\u00e4ckvidd den f\u00f6rtj\u00e4nar.<\/p>\n<\/div><\/div><\/div><\/div><\/div><\/div><\/div><\/section>","protected":false},"excerpt":{"rendered":"TikTok \u00e4r en plattform d\u00e4r inneh\u00e5llet r\u00f6r sig snabbt. Om dina videor inte f\u00e5r visningar under de f\u00f6rsta minuterna kan de g\u00e5 obem\u00e4rkt f\u00f6rbi bland miljontals inl\u00e4gg. Det \u00e4r d\u00e4rf\u00f6r som att k\u00f6pa TikTok-visningar \u00e4r en effektiv strategi f\u00f6r att f\u00e5 synlighet, locka nya m\u00e5lgrupper och f\u00f6rb\u00e4ttra prestandan f\u00f6r dina videor redan fr\u00e5n b\u00f6rjan. Visningarna ...","protected":false},"featured_media":317,"comment_status":"open","ping_status":"closed","template":"","meta":{"_acf_changed":false},"product_brand":[],"product_cat":[18],"product_tag":[],"class_list":{"0":"post-98","1":"product","2":"type-product","3":"status-publish","4":"has-post-thumbnail","6":"product_cat-tiktok","7":"wcpa_has_options","9":"first","10":"instock","11":"sale","12":"featured","13":"shipping-taxable","14":"purchasable","15":"product-type-variable","16":"has-default-attributes"},"acf":[],"wcpa_form_fields":{"wcpaData":{"product":{"product_price":1.99,"price_html":"","original_product_price":1.99,"price_including_tax":1.99,"price_excluding_tax":1.99,"product_id":{"parent":98,"variation":false},"is_variable":true,"stock_status":"instock","stock_quantity":null,"parent_sku":"","product_attributes":{"cantidad":{"is_variation":true,"values":[]}},"custom_fields":[],"is_taxable":false,"product_name":"Comprar Views TikTok","hasImage":false},"fields":{"sec_567fa912b8ef63":{"extra":{"key":"sec_567fa912b8ef63","section_id":"sec_567fa912b8ef63","name":"Por defecto","status":1,"toggle":true,"form_id":1049,"form_rules":{"exclude_from_discount":false,"fee_label":"Dodatki","disp_hide_options_price":false,"disp_show_section_price":false,"disp_show_field_price":false,"layout_option":"standard","pric_use_as_fee":false,"process_fee_as":"woo_fee"},"layout_option":"standard"},"fields":[[{"active":true,"col":5,"relations":false,"cl_rule":"show","enableCl":false,"price":"","enablePrice":false,"className":"","type":"text","subtype":"text","required":true,"elementId":"text_567fa912b8ef7f","label":"Enlace al V\u00eddeo","name":"text_567fa912b8ef7f","value":"","error":false,"placeholder":"Ejemplo: https:\/\/www.tiktok.com\/@mrbeast\/video\/7460191038293069102","enableDesign":false,"LabelSize":"16px","gt_translate_keys":["label","placeholder","value"],"price_dependency":false,"cl_dependency":false}],[{"active":true,"col":5,"relations":false,"cl_rule":"show","enableCl":false,"price":"","enablePrice":true,"className":"","label_position":"default","desc_position":"default","type":"select","required":false,"elementId":"select_567fa912b8ef8d","label":"A\u00f1adir Seguidores con Descuento","name":"select_567fa912b8ef8d","values":[{"label":"100 Seguidores","value":"100","selected":false,"tempId":"aco_46","price":"3,89","gt_translate_keys":["label"]},{"label":"500 Seguidores","value":"500","selected":false,"tempId":"aco_1337","price":"6,79","gt_translate_keys":["label"]},{"label":"1.000 Seguidores","value":"1000","selected":false,"tempId":"aco_910","price":"9,69","gt_translate_keys":["label"]},{"label":"2.000 Seguidores","value":"2000","selected":false,"tempId":"aco_911","price":"19,49","gt_translate_keys":["label"]},{"label":"5.000 Seguidores","value":"5000","selected":false,"tempId":"aco_912","price":"58,39","gt_translate_keys":["label"]}],"dropdown_type":"basic","error":false,"placeholder":"Ninguno","priceOptions":"different_for_all","pricingType":"fixed","use_as_fee":false,"enableDesign":false,"LabelSize":"16px","tooltip":"Los seguidores ser\u00e1n entregados al mismo perfil del v\u00eddeo.","gt_translate_keys":["label","placeholder","tooltip"],"price_dependency":false,"cl_dependency":false,"value":""}],[{"label":"A\u00f1adir Likes con Descuento","active":true,"required":false,"elementId":"select_967fa912b8ef97","dropdown_type":"basic","placeholder":"Ninguno","name":"select_967fa912b8ef97","label_position":"default","desc_position":"default","enablePrice":true,"className":"","enableCl":false,"relations":false,"enableDesign":false,"LabelSize":"16px","values":[{"label":"100 Likes","value":"100","selected":false,"tempId":"aco_46","price":"2,89","gt_translate_keys":["label"]},{"label":"500 Likes","value":"500","selected":false,"tempId":"aco_1337","price":"5,79","gt_translate_keys":["label"]},{"label":"1.000 Likes","value":"1000","selected":false,"tempId":"aco_910","price":"8,69","gt_translate_keys":["label"]},{"label":"2.000 Likes","value":"2000","selected":false,"tempId":"aco_911","price":"16,49","gt_translate_keys":["label"]},{"label":"5.000 Likes","value":"5000","selected":false,"tempId":"aco_912","price":"28,29","gt_translate_keys":["label"]}],"priceOptions":"different_for_all","pricingType":"fixed","price":"","use_as_fee":false,"cl_rule":"show","col":5,"type":"select","error":false,"tooltip":"Los likes ser\u00e1n entregados a la misma publicaci\u00f3n.","gt_translate_keys":["label","placeholder","tooltip"],"price_dependency":false,"cl_dependency":false,"value":""}]]}},"config":{"price_override":"","enable_recaptcha":false,"bind_quantity":false,"quantity_bind_formula":false,"disp_summ_show_option_price":false,"disp_summ_show_product_price":false,"disp_summ_show_total_price":false,"disp_summ_show_fee":false,"disp_summ_show_discount":false,"summary_title":"","options_total_label":"Dodatki","total_label":"\u0141\u0105cznie","options_product_label":"Producto","fee_label":"Dodatki","discount_label":"Descuento","has_price":true,"has_quantity_formula":false},"mc_unit":1,"tax_rate":1,"tax_rate_real":1,"discount":{"percentage":0,"fixed":0},"design":{"conf":{"LabelPosition":"above","DescPosition":"above","UploadField":"custom_1","QuantityFieldStyle":"default"},"css":{"LeftLabelWidth":"120px"}},"formulas":[],"clones":false,"cartKey":false}},"_links":{"self":[{"href":"https:\/\/doymedia.com\/sv\/wp-json\/wp\/v2\/product\/98","targetHints":{"allow":["GET"]}}],"collection":[{"href":"https:\/\/doymedia.com\/sv\/wp-json\/wp\/v2\/product"}],"about":[{"href":"https:\/\/doymedia.com\/sv\/wp-json\/wp\/v2\/types\/product"}],"replies":[{"embeddable":true,"href":"https:\/\/doymedia.com\/sv\/wp-json\/wp\/v2\/comments?post=98"}],"wp:featuredmedia":[{"embeddable":true,"href":"https:\/\/doymedia.com\/sv\/wp-json\/wp\/v2\/media\/317"}],"wp:attachment":[{"href":"https:\/\/doymedia.com\/sv\/wp-json\/wp\/v2\/media?parent=98"}],"wp:term":[{"taxonomy":"product_brand","embeddable":true,"href":"https:\/\/doymedia.com\/sv\/wp-json\/wp\/v2\/product_brand?post=98"},{"taxonomy":"product_cat","embeddable":true,"href":"https:\/\/doymedia.com\/sv\/wp-json\/wp\/v2\/product_cat?post=98"},{"taxonomy":"product_tag","embeddable":true,"href":"https:\/\/doymedia.com\/sv\/wp-json\/wp\/v2\/product_tag?post=98"}],"curies":[{"name":"wp","href":"https:\/\/api.w.org\/{rel}","templated":true}]}}