{"id":99,"date":"2025-03-27T01:32:40","date_gmt":"2025-03-27T00:32:40","guid":{"rendered":"https:\/\/v2.doymedia.com\/?post_type=product&#038;p=99"},"modified":"2025-06-17T19:05:09","modified_gmt":"2025-06-17T17:05:09","slug":"kopa-tiktok-foljare","status":"publish","type":"product","link":"https:\/\/doymedia.com\/sv\/comprar-seguidores-tiktok\/","title":{"rendered":"K\u00f6p TikTok-f\u00f6ljare"},"content":{"rendered":"<section class=\"l-section wpb_row height_medium\"><div class=\"l-section-h i-cf\"><div class=\"g-cols vc_row via_flex valign_top type_default stacking_default\"><div class=\"vc_col-sm-12 wpb_column vc_column_container\"><div class=\"vc_column-inner\"><div class=\"wpb_wrapper\"><div class=\"wpb_text_column\"><div class=\"wpb_wrapper\"><p class=\"translation-block\">TikTok har blivit en av de mest kraftfulla plattformarna f\u00f6r att f\u00e5 synlighet, f\u00e5 kontakt med unga m\u00e5lgrupper och skapa viralt inneh\u00e5ll. Men om din profil inte har f\u00f6ljare kan dina videor, oavsett hur bra de \u00e4r, g\u00e5 obem\u00e4rkt f\u00f6rbi. Det \u00e4r d\u00e4rf\u00f6r <strong>k\u00f6pa TikTok-f\u00f6ljare<\/strong> \u00e4r en effektiv strategi f\u00f6r att sticka ut snabbare och ge ditt konto trov\u00e4rdighet redan fr\u00e5n b\u00f6rjan.<\/p>\n<p class=\"translation-block\">Antalet f\u00f6ljare \u00e4r ett viktigt m\u00e4tv\u00e4rde p\u00e5 TikTok. Ju st\u00f6rre din gemenskap \u00e4r, desto mer auktoritet projicerar du och desto st\u00f6rre \u00e4r dina chanser att dyka upp i avsnittet \"F\u00f6r dig\". N\u00e4r anv\u00e4ndare bes\u00f6ker din profil och ser att du har ett stort antal f\u00f6ljare \u00e4r det ocks\u00e5 mer troligt att de stannar kvar, tittar p\u00e5 ditt inneh\u00e5ll och best\u00e4mmer sig f\u00f6r att f\u00f6lja dig ocks\u00e5. <strong> Att k\u00f6pa TikTok-f\u00f6ljare<\/strong> hj\u00e4lper dig att skapa det positiva f\u00f6rsta intrycket som driver tillv\u00e4xt.<\/p>\n<h2>Varf\u00f6r k\u00f6pa TikTok-f\u00f6ljare?<\/h2>\n<p class=\"translation-block\">F\u00f6r p\u00e5 en plattform som \u00e4r s\u00e5 visuell och konkurrensutsatt som TikTok r\u00e4cker det inte med bra inneh\u00e5ll: du beh\u00f6ver synlighet. Och f\u00f6r att f\u00e5 synlighet m\u00e5ste du ha en gemenskap som st\u00f6der det du g\u00f6r. <strong> Att k\u00f6pa TikTok-f\u00f6ljare<\/strong> g\u00f6r att du kan p\u00e5skynda denna process utan att beh\u00f6va v\u00e4nta veckor eller m\u00e5nader p\u00e5 att algoritmen ska b\u00f6rja bel\u00f6na dig.<\/p>\n<p>Genom att \u00f6ka antalet f\u00f6ljare f\u00f6rb\u00e4ttrar du ocks\u00e5 din profil i algoritmens \u00f6gon, som tenderar att gynna aktiva konton med dragkraft. Detta inneb\u00e4r fler visningar, fler gillamarkeringar och fler m\u00f6jligheter att visas i rekommendationer.<\/p>\n<h3>F\u00f6rdelar med att k\u00f6pa f\u00f6ljare p\u00e5 TikTok<\/h3>\n<ul>\n<li>\ud83d\udcc8 Omedelbar tillv\u00e4xt av ditt samh\u00e4lle<\/li>\n<li>\ud83d\ude80 F\u00f6rb\u00e4ttra trov\u00e4rdigheten och auktoriteten f\u00f6r din profil<\/li>\n<li>\ud83c\udfaf Mer synlighet och positionering i appen<\/li>\n<li>\ud83e\udd1d Attraherar organiska f\u00f6ljare tack vare den sociala effekten<\/li>\n<li>\ud83d\udd12 S\u00e4ker leverans, utan att kompromissa med ditt konto<\/li>\n<\/ul>\n<p class=\"translation-block\">Den h\u00e4r tj\u00e4nsten \u00e4r idealisk f\u00f6r kreat\u00f6rer, influencers, varum\u00e4rken, lokala f\u00f6retag, artister eller alla som vill utnyttja TikTok som en kanal f\u00f6r tillv\u00e4xt. Oavsett om du precis har b\u00f6rjat eller vill ta ditt konto till n\u00e4sta niv\u00e5, hj\u00e4lper <strong>k\u00f6p TikTok-f\u00f6ljare<\/strong> dig att bygga en solid grund f\u00f6r att forts\u00e4tta v\u00e4xa.<\/p>\n<h2>\u00c4r det s\u00e4kert att k\u00f6pa f\u00f6ljare p\u00e5 TikTok?<\/h2>\n<p>Ja, absolut. Vi ber aldrig om l\u00f6senord eller tillg\u00e5ng till ditt konto. Du beh\u00f6ver bara ge oss anv\u00e4ndarnamnet f\u00f6r ditt offentliga konto. Tillv\u00e4xten \u00e4r progressiv och naturlig och utformad f\u00f6r att h\u00e5lla din profil s\u00e4ker hela tiden.<\/p>\n<p class=\"translation-block\">Dessutom \u00e4r v\u00e5ra system optimerade f\u00f6r att f\u00f6lja branschens b\u00e4sta praxis. Vi riskerar inte ditt konto eller ditt rykte. Vi arbetar bara med s\u00e4kra, effektiva och diskreta metoder. <strong>K\u00f6pa TikTok-f\u00f6ljare<\/strong> \u00e4r ett strategiskt och riskfritt beslut.<\/p>\n<h3>Vem kan dra nytta av denna tj\u00e4nst?<\/h3>\n<p class=\"translation-block\">Den h\u00e4r tj\u00e4nsten \u00e4r utformad f\u00f6r alla anv\u00e4ndare som vill sticka ut snabbare p\u00e5 TikTok. Fr\u00e5n nya profiler som letar efter sina f\u00f6rsta f\u00f6ljare till etablerade varum\u00e4rken som beh\u00f6ver st\u00e4rka sin sociala n\u00e4rvaro. <strong>K\u00f6p TikTok-f\u00f6ljare<\/strong> \u00e4r ett anv\u00e4ndbart verktyg i alla stadier av tillv\u00e4xt.<\/p>\n<ul>\n<li>\ud83c\udfa4 Musiker och artister som sl\u00e4pper originalinneh\u00e5ll<\/li>\n<li>\ud83d\udce2 Influencers som vill locka till sig samarbetspartners<\/li>\n<li>\ud83d\udecd\ufe0f Onlinebutiker eller varum\u00e4rken som vill bli k\u00e4nda<\/li>\n<li>\ud83d\udcf2 Digitala entrepren\u00f6rer som vill bygga f\u00f6rtroende<\/li>\n<li>\ud83c\udfaf Personliga konton som vill v\u00e4xa fr\u00e5n grunden<\/li>\n<\/ul>\n<h2>Hur fungerar processen?<\/h2>\n<p>Att k\u00f6pa TikTok-f\u00f6ljare \u00e4r snabbt och enkelt. V\u00e4lj bara det paket som passar dig b\u00e4st, ange ditt anv\u00e4ndarnamn och g\u00f6r din best\u00e4llning. Vi tar hand om resten. Leveransen kommer att b\u00f6rja p\u00e5 kort tid och kommer att ske gradvis f\u00f6r att uppr\u00e4tth\u00e5lla naturlig tillv\u00e4xt.<\/p>\n<p class=\"translation-block\">Och om du vill ha en \u00e4nnu mer komplett boost kan du kombinera den h\u00e4r tj\u00e4nsten med <a href=\"https:\/\/doymedia.com\/sv\/kopa-visningar-tiktok\/\" target=\"_self\"><strong>k\u00f6p av TikTok-vyer<\/strong><\/a> eller <a href=\"https:\/\/doymedia.com\/sv\/kopa-gillar-tiktok\/\" target=\"_self\"><strong>k\u00f6p av TikTok-gillar,<\/strong><\/a> vilket skapar en balanserad och effektiv tillv\u00e4xtstrategi.<\/p>\n<h2>Ut\u00f6ka ditt konto idag<\/h2>\n<p class=\"translation-block\">V\u00e4nta inte p\u00e5 att algoritmen ska best\u00e4mma sig f\u00f6r att ge dig synlighet. Ta kontroll \u00f6ver din tillv\u00e4xt. Med <strong>k\u00f6p TikTok-f\u00f6ljare<\/strong> kan du b\u00f6rja positionera dig b\u00e4ttre, locka fler m\u00f6jligheter och bygga en gemenskap som st\u00f6der dig. Din profil f\u00f6rtj\u00e4nar att sticka ut, och det h\u00e4r \u00e4r det f\u00f6rsta steget.<\/p>\n<\/div><\/div><\/div><\/div><\/div><\/div><\/div><\/section>","protected":false},"excerpt":{"rendered":"TikTok har blivit en av de mest kraftfulla plattformarna f\u00f6r att f\u00e5 synlighet, f\u00e5 kontakt med unga m\u00e5lgrupper och skapa viralt inneh\u00e5ll. Men om din profil inte har n\u00e5gra f\u00f6ljare kan dina videor, oavsett hur bra de \u00e4r, g\u00e5 obem\u00e4rkt f\u00f6rbi. Det \u00e4r d\u00e4rf\u00f6r som att k\u00f6pa TikTok-f\u00f6ljare \u00e4r en effektiv strategi f\u00f6r att sticka ut snabbare och ge trov\u00e4rdighet till din ...","protected":false},"featured_media":317,"comment_status":"open","ping_status":"closed","template":"","meta":{"_acf_changed":false},"product_brand":[],"product_cat":[18],"product_tag":[],"class_list":{"0":"post-99","1":"product","2":"type-product","3":"status-publish","4":"has-post-thumbnail","6":"product_cat-tiktok","7":"wcpa_has_options","9":"first","10":"instock","11":"sale","12":"featured","13":"shipping-taxable","14":"purchasable","15":"product-type-variable","16":"has-default-attributes"},"acf":[],"wcpa_form_fields":{"wcpaData":{"product":{"product_price":3.99,"price_html":"","original_product_price":3.99,"price_including_tax":3.99,"price_excluding_tax":3.99,"product_id":{"parent":99,"variation":false},"is_variable":true,"stock_status":"instock","stock_quantity":null,"parent_sku":"","product_attributes":{"cantidad":{"is_variation":true,"values":[]}},"custom_fields":[],"is_taxable":false,"product_name":"Comprar Seguidores TikTok","hasImage":false},"fields":{"sec_1067fa7982ea860":{"extra":{"key":"sec_1067fa7982ea860","section_id":"sec_1067fa7982ea860","name":"Por defecto","status":1,"toggle":true,"form_id":1028,"form_rules":{"exclude_from_discount":false,"fee_label":"Extras","disp_hide_options_price":false,"disp_show_section_price":false,"disp_show_field_price":false,"layout_option":"standard","pric_use_as_fee":false,"process_fee_as":"woo_fee"},"layout_option":"standard"},"fields":[[{"active":true,"col":5,"relations":false,"cl_rule":"show","enableCl":false,"price":"","enablePrice":false,"className":"","type":"text","subtype":"text","required":true,"elementId":"text_967fa7982ea88a","label":"Nombre de Usuario","name":"text_967fa7982ea88a","value":"","error":false,"placeholder":"Ejemplo: @mrbeast","enableDesign":false,"LabelSize":"16px","gt_translate_keys":["label","placeholder","value"],"price_dependency":false,"cl_dependency":false}],[{"active":true,"col":5,"relations":false,"cl_rule":"show","enableCl":false,"price":"","enablePrice":true,"className":"","label_position":"default","desc_position":"default","type":"select","required":false,"elementId":"select_867fa7982ea894","label":"A\u00f1adir Likes con Descuento","name":"select_867fa7982ea894","values":[{"label":"100 Likes","value":"100","selected":false,"tempId":"aco_46","price":"2,89","gt_translate_keys":["label"]},{"label":"500 Likes","value":"500","selected":false,"tempId":"aco_1337","price":"5,79","gt_translate_keys":["label"]},{"label":"1.000 Likes","value":"1000","selected":false,"tempId":"aco_910","price":"8,69","gt_translate_keys":["label"]},{"label":"2.000 Likes","value":"2000","selected":false,"tempId":"aco_911","price":"16,59","gt_translate_keys":["label"]},{"label":"5.000 Likes","value":"5000","selected":false,"tempId":"aco_912","price":"28,89","gt_translate_keys":["label"]},{"label":"10.000 Likes","value":"10000","selected":false,"tempId":"aco_1219","price":"48,29","gt_translate_keys":["label"]}],"dropdown_type":"basic","error":false,"placeholder":"Ninguno","priceOptions":"different_for_all","pricingType":"fixed","use_as_fee":false,"enableDesign":false,"LabelSize":"16px","gt_translate_keys":["label","placeholder"],"price_dependency":false,"cl_dependency":["textarea_167fa7982ea8b0"],"value":""}],[{"label":"A\u00f1adir Views con Descuento","active":true,"required":false,"elementId":"select-8531597607","dropdown_type":"basic","placeholder":"Ninguno","name":"select-8531597607","label_position":"default","desc_position":"default","enablePrice":true,"className":"","enableCl":false,"relations":false,"enableDesign":false,"LabelSize":"16px","values":[{"label":"100 Views","value":"100","selected":false,"tempId":"aco_46","price":"1,89","gt_translate_keys":["label"]},{"label":"500 Views","value":"500","selected":false,"tempId":"aco_1337","price":"2,79","gt_translate_keys":["label"]},{"label":"1.000 Views","value":"1000","selected":false,"tempId":"aco_910","price":"3,69","gt_translate_keys":["label"]},{"label":"2.000 Views","value":"2000","selected":false,"tempId":"aco_911","price":"4,59","gt_translate_keys":["label"]},{"label":"5.000 Views","value":"5000","selected":false,"tempId":"aco_912","price":"6,49","gt_translate_keys":["label"]},{"label":"10.000 Views","value":"10000","selected":false,"tempId":"aco_1219","price":"8,79","gt_translate_keys":["label"]},{"label":"50.000 Views","value":"50k","selected":false,"tempId":"aco_977","price":"42,69","gt_translate_keys":["label"]}],"priceOptions":"different_for_all","pricingType":"fixed","price":"","use_as_fee":false,"cl_rule":"show","col":5,"type":"select","error":false,"gt_translate_keys":["label","placeholder"],"price_dependency":false,"cl_dependency":false,"value":""}],[{"active":true,"col":5,"relations":[{"operator":false,"rules":[{"operator":"AND","rules":{"cl_field":"select_867fa7982ea894","cl_relation":"is_not_empty","cl_val":"likes"}}]}],"cl_rule":"show","enableCl":true,"price":"","enablePrice":false,"className":"","label_position":"default","desc_position":"default","type":"textarea","required":true,"elementId":"textarea_167fa7982ea8b0","label":"Enlaces a las Publicaciones","name":"textarea_167fa7982ea8b0","value":"","rows":2,"error":false,"placeholder":"Introducir Enlaces de esta Forma:\nhttps:\/\/www.tiktok.com\/@mrbeast\/video\/7487001177385635103\nhttps:\/\/www.tiktok.com\/@mrbeast\/video\/7460191038293069102","gt_translate_keys":["label","placeholder","value"],"price_dependency":false,"cl_dependency":false}]]}},"config":{"price_override":"","enable_recaptcha":false,"bind_quantity":false,"quantity_bind_formula":false,"disp_summ_show_option_price":false,"disp_summ_show_product_price":false,"disp_summ_show_total_price":false,"disp_summ_show_fee":false,"disp_summ_show_discount":false,"summary_title":"","options_total_label":"Extras","total_label":"Gesamt","options_product_label":"Producto","fee_label":"Extras","discount_label":"Descuento","has_price":true,"has_quantity_formula":false},"mc_unit":1,"tax_rate":1,"tax_rate_real":1,"discount":{"percentage":0,"fixed":0},"design":{"conf":{"LabelPosition":"above","DescPosition":"above","UploadField":"custom_1","QuantityFieldStyle":"default"},"css":{"LeftLabelWidth":"120px"}},"formulas":[],"clones":false,"cartKey":false}},"_links":{"self":[{"href":"https:\/\/doymedia.com\/sv\/wp-json\/wp\/v2\/product\/99","targetHints":{"allow":["GET"]}}],"collection":[{"href":"https:\/\/doymedia.com\/sv\/wp-json\/wp\/v2\/product"}],"about":[{"href":"https:\/\/doymedia.com\/sv\/wp-json\/wp\/v2\/types\/product"}],"replies":[{"embeddable":true,"href":"https:\/\/doymedia.com\/sv\/wp-json\/wp\/v2\/comments?post=99"}],"wp:featuredmedia":[{"embeddable":true,"href":"https:\/\/doymedia.com\/sv\/wp-json\/wp\/v2\/media\/317"}],"wp:attachment":[{"href":"https:\/\/doymedia.com\/sv\/wp-json\/wp\/v2\/media?parent=99"}],"wp:term":[{"taxonomy":"product_brand","embeddable":true,"href":"https:\/\/doymedia.com\/sv\/wp-json\/wp\/v2\/product_brand?post=99"},{"taxonomy":"product_cat","embeddable":true,"href":"https:\/\/doymedia.com\/sv\/wp-json\/wp\/v2\/product_cat?post=99"},{"taxonomy":"product_tag","embeddable":true,"href":"https:\/\/doymedia.com\/sv\/wp-json\/wp\/v2\/product_tag?post=99"}],"curies":[{"name":"wp","href":"https:\/\/api.w.org\/{rel}","templated":true}]}}